{"id":7811,"date":"2024-01-15T17:04:53","date_gmt":"2024-01-15T17:04:53","guid":{"rendered":"https:\/\/elouedshop.com\/?post_type=product&#038;p=7811"},"modified":"2024-01-15T17:04:54","modified_gmt":"2024-01-15T17:04:54","slug":"comment-purifier-ton-ame-par-la-priere","status":"publish","type":"product","link":"https:\/\/elouedshop.com\/?product=comment-purifier-ton-ame-par-la-priere","title":{"rendered":"Comment purifier ton \u00e2me par la pri\u00e8re"},"content":{"rendered":"","protected":false},"excerpt":{"rendered":"<p>La pri\u00e8re \u00e9tait la chose la plus pr\u00e9cieuse aux yeux du Proph\u00e8te salala alayhi wa salam, il y trouvait la paix de l&rsquo;\u00e2me. Elle est aussi un miroir pour les actes du Musulman, si elle est correcte, l&rsquo;ensemble des actes est correct mais si elle est corrompue, l&rsquo;ensemble des actes est corrompu.<\/p>\n<p>Ce livre d\u00e9crit dans un style clair et attrayant l&rsquo;importance de la pri\u00e8re, ses m\u00e9rites, ainsi que son influence sur le d\u00e9laissement des p\u00e9ch\u00e9s, la purification de l&rsquo;\u00e2me et la vie quotidienne du Musulman.<\/p>\n","protected":false},"featured_media":7812,"template":"","meta":[],"product_brand":[],"product_cat":[21,187,185],"product_tag":[],"class_list":{"0":"post-7811","1":"product","2":"type-product","3":"status-publish","4":"has-post-thumbnail","6":"product_cat-livre","7":"product_cat-pratiques-religieuse","8":"product_cat-priere-purification","9":"description-off","11":"first","12":"instock","13":"shipping-taxable","14":"purchasable","15":"product-type-simple"},"jetpack_sharing_enabled":true,"_links":{"self":[{"href":"https:\/\/elouedshop.com\/index.php?rest_route=\/wp\/v2\/product\/7811","targetHints":{"allow":["GET"]}}],"collection":[{"href":"https:\/\/elouedshop.com\/index.php?rest_route=\/wp\/v2\/product"}],"about":[{"href":"https:\/\/elouedshop.com\/index.php?rest_route=\/wp\/v2\/types\/product"}],"wp:featuredmedia":[{"embeddable":true,"href":"https:\/\/elouedshop.com\/index.php?rest_route=\/wp\/v2\/media\/7812"}],"wp:attachment":[{"href":"https:\/\/elouedshop.com\/index.php?rest_route=%2Fwp%2Fv2%2Fmedia&parent=7811"}],"wp:term":[{"taxonomy":"product_brand","embeddable":true,"href":"https:\/\/elouedshop.com\/index.php?rest_route=%2Fwp%2Fv2%2Fproduct_brand&post=7811"},{"taxonomy":"product_cat","embeddable":true,"href":"https:\/\/elouedshop.com\/index.php?rest_route=%2Fwp%2Fv2%2Fproduct_cat&post=7811"},{"taxonomy":"product_tag","embeddable":true,"href":"https:\/\/elouedshop.com\/index.php?rest_route=%2Fwp%2Fv2%2Fproduct_tag&post=7811"}],"curies":[{"name":"wp","href":"https:\/\/api.w.org\/{rel}","templated":true}]}}