{"id":7764,"date":"2024-01-13T23:23:22","date_gmt":"2024-01-13T23:23:22","guid":{"rendered":"https:\/\/elouedshop.com\/?post_type=product&#038;p=7764"},"modified":"2024-01-13T23:23:34","modified_gmt":"2024-01-13T23:23:34","slug":"pack-collection-les-exhortations-2-livres","status":"publish","type":"product","link":"https:\/\/elouedshop.com\/?product=pack-collection-les-exhortations-2-livres","title":{"rendered":"Pack : Collection les exhortations (2 livres)"},"content":{"rendered":"","protected":false},"excerpt":{"rendered":"<p>Pack de deux livres :<\/p>\n<p>&#8211; Les plus belles citations spirituelles d&rsquo;Ibn Taymiyya<\/p>\n<p>&#8211; Les plus belles citations spirituelles d&rsquo;Ibn Al-Qayyim<\/p>\n<p>S\u00e2lih Ahmad al-Sh\u00e2m\u00ee N\u00e9 en 1934 en Syrie dans la p\u00e9riph\u00e9rie de Damas, il a \u00e9tudi\u00e9 d\u00e8s sa plus tendre jeunesse aupr\u00e8s de nombreuses et \u00e9minentes personnalit\u00e9s \u00e0 l\u2019Institut des sciences religieuses de Damas. Il enseigna en Syrie jusqu\u2019en 1980, avant de devenir enseignant dans les instituts rattach\u00e9s \u00e0 l\u2019Universit\u00e9 islamique Muhammad Ibn Su\u2018\u00fbd \u00e0 Riyad jusqu\u2019en 1998. Depuis, il se consacre \u00e0 l\u2019\u00e9criture et est l\u2019auteur de nombreux ouvrages dans divers domaines tels que la Sunna, la S\u00eera, la spiritualit\u00e9, etc.<\/p>\n","protected":false},"featured_media":6396,"template":"","meta":[],"product_brand":[],"product_cat":[151,21,177,79],"product_tag":[],"class_list":{"0":"post-7764","1":"product","2":"type-product","3":"status-publish","4":"has-post-thumbnail","6":"product_cat-education-spiritualite","7":"product_cat-livre","8":"product_cat-pack-cadeaux","9":"product_cat-spiritualite","10":"description-off","12":"first","13":"instock","14":"sale","15":"shipping-taxable","16":"purchasable","17":"product-type-simple"},"jetpack_sharing_enabled":true,"_links":{"self":[{"href":"https:\/\/elouedshop.com\/index.php?rest_route=\/wp\/v2\/product\/7764","targetHints":{"allow":["GET"]}}],"collection":[{"href":"https:\/\/elouedshop.com\/index.php?rest_route=\/wp\/v2\/product"}],"about":[{"href":"https:\/\/elouedshop.com\/index.php?rest_route=\/wp\/v2\/types\/product"}],"wp:featuredmedia":[{"embeddable":true,"href":"https:\/\/elouedshop.com\/index.php?rest_route=\/wp\/v2\/media\/6396"}],"wp:attachment":[{"href":"https:\/\/elouedshop.com\/index.php?rest_route=%2Fwp%2Fv2%2Fmedia&parent=7764"}],"wp:term":[{"taxonomy":"product_brand","embeddable":true,"href":"https:\/\/elouedshop.com\/index.php?rest_route=%2Fwp%2Fv2%2Fproduct_brand&post=7764"},{"taxonomy":"product_cat","embeddable":true,"href":"https:\/\/elouedshop.com\/index.php?rest_route=%2Fwp%2Fv2%2Fproduct_cat&post=7764"},{"taxonomy":"product_tag","embeddable":true,"href":"https:\/\/elouedshop.com\/index.php?rest_route=%2Fwp%2Fv2%2Fproduct_tag&post=7764"}],"curies":[{"name":"wp","href":"https:\/\/api.w.org\/{rel}","templated":true}]}}