{"id":7739,"date":"2024-01-13T22:23:13","date_gmt":"2024-01-13T22:23:13","guid":{"rendered":"https:\/\/elouedshop.com\/?post_type=product&#038;p=7739"},"modified":"2024-01-13T22:23:23","modified_gmt":"2024-01-13T22:23:23","slug":"renoue-avec-ton-coeur","status":"publish","type":"product","link":"https:\/\/elouedshop.com\/?product=renoue-avec-ton-coeur","title":{"rendered":"Renoue avec ton coeur"},"content":{"rendered":"<p>Beaucoup d\u2019entre nous vivons nos vies enferm\u00e9s dans un sch\u00e9ma dans lequel nous ne r\u00e9coltons que c\u0153ur bris\u00e9 et d\u00e9ception, et bien souvent nous n\u2019avons aucune id\u00e9e des raisons pour lesquelles cela nous arrive. Renoue avec ton c\u0153ur parle de la lib\u00e9ration de notre c\u0153ur, de cet asservissement. Il raconte notre voyage dans cette vie, dont le chemin est sem\u00e9 d\u2019emb\u00fbches et illusions. Ce livre a \u00e9t\u00e9 \u00e9crit pour \u00e9veiller le c\u0153ur, et apporter une nouvelle perspective sur l\u2019amour, la perte, le bonheur et la douleur. Comme un mode d\u2019emploi, Renoue avec ton c\u0153ur se propose de transmettre des cl\u00e9s de sagesse au lecteur pour vivre cette vie, sans se laisser poss\u00e9der par elle. C\u2019est un guide qui nous apprendra \u00e0 prot\u00e9ger notre bien le plus pr\u00e9cieux: le c\u0153ur.<\/p>\n","protected":false},"excerpt":{"rendered":"<p>Beaucoup d\u2019entre nous vivons nos vies enferm\u00e9s dans un sch\u00e9ma dans lequel nous ne r\u00e9coltons que c\u0153ur bris\u00e9 et d\u00e9ception, et bien souvent nous n\u2019avons aucune id\u00e9e des raisons pour lesquelles cela nous arrive. Renoue avec ton c\u0153ur parle de la lib\u00e9ration de notre c\u0153ur, de cet asservissement. Il raconte notre voyage dans cette vie,&hellip;<\/p>\n","protected":false},"featured_media":1965,"template":"","meta":[],"product_brand":[],"product_cat":[206,21,79],"product_tag":[],"class_list":{"0":"post-7739","1":"product","2":"type-product","3":"status-publish","4":"has-post-thumbnail","6":"product_cat-etudes-contemporaine","7":"product_cat-livre","8":"product_cat-spiritualite","9":"description-off","11":"first","12":"instock","13":"shipping-taxable","14":"purchasable","15":"product-type-simple"},"jetpack_sharing_enabled":true,"_links":{"self":[{"href":"https:\/\/elouedshop.com\/index.php?rest_route=\/wp\/v2\/product\/7739","targetHints":{"allow":["GET"]}}],"collection":[{"href":"https:\/\/elouedshop.com\/index.php?rest_route=\/wp\/v2\/product"}],"about":[{"href":"https:\/\/elouedshop.com\/index.php?rest_route=\/wp\/v2\/types\/product"}],"wp:featuredmedia":[{"embeddable":true,"href":"https:\/\/elouedshop.com\/index.php?rest_route=\/wp\/v2\/media\/1965"}],"wp:attachment":[{"href":"https:\/\/elouedshop.com\/index.php?rest_route=%2Fwp%2Fv2%2Fmedia&parent=7739"}],"wp:term":[{"taxonomy":"product_brand","embeddable":true,"href":"https:\/\/elouedshop.com\/index.php?rest_route=%2Fwp%2Fv2%2Fproduct_brand&post=7739"},{"taxonomy":"product_cat","embeddable":true,"href":"https:\/\/elouedshop.com\/index.php?rest_route=%2Fwp%2Fv2%2Fproduct_cat&post=7739"},{"taxonomy":"product_tag","embeddable":true,"href":"https:\/\/elouedshop.com\/index.php?rest_route=%2Fwp%2Fv2%2Fproduct_tag&post=7739"}],"curies":[{"name":"wp","href":"https:\/\/api.w.org\/{rel}","templated":true}]}}