{"id":7737,"date":"2024-01-13T22:17:42","date_gmt":"2024-01-13T22:17:42","guid":{"rendered":"https:\/\/elouedshop.com\/?post_type=product&#038;p=7737"},"modified":"2025-01-06T15:38:05","modified_gmt":"2025-01-06T15:38:05","slug":"ma-foi-mon-coeur","status":"publish","type":"product","link":"https:\/\/elouedshop.com\/?product=ma-foi-mon-coeur","title":{"rendered":"Ma foi, mon c\u0153ur"},"content":{"rendered":"<p>Louange \u00e0 Allah, le Seigneur des mondes; que le salut et la b\u00e9n\u00e9diction d&rsquo;Allah soient sur notre proph\u00e8te Muhammad, ainsi que sa famille et ses Compagnons. Lorsque mon cher fr\u00e8re Ibr\u00e2h\u00eem m&rsquo;a demand\u00e9 de lire son nouveau livre et d&rsquo;\u00e9crire quelques lignes pour pr\u00e9facer celui-ci, je ne m&rsquo;attendais pas \u00e0 ce que ce soit ce magnifique livre qui m&rsquo;a beaucoup accompagn\u00e9 dans mes ann\u00e9es en tant qu&rsquo;\u00e9tudiant: Mift\u00e4h D\u00fbr As-Sa-\u00e2dah, de l&rsquo;\u00e9minent savant Ibn Al-Qayyim.<\/p>\n<p>Alors que j&rsquo;avais peu de notions en arabe \u00e0 l&rsquo;\u00e9poque, j&rsquo;ai trouv\u00e9 du plaisir \u00e0 le lire et aujourd&rsquo;hui, savoir qu&rsquo;il est traduit en fran\u00e7ais me fait \u00e9norm\u00e9ment plaisir. Quand on entend Ibn Qayyim Al- Jawziyyah, on entend Shaykh Al-Isl\u00e2m Ibn Taymiyyah. En effet, cheikh Ibn Al-Qayyim \u00e9tait le disciple fid\u00e8le et mod\u00e8le de l&rsquo;\u00e9minent savant Ibn Taymiyyah.<\/p>\n<p>Je le conseille \u00e0 tous mes fr\u00e8res et s\u0153urs d\u00e9sirant trouver du bonheur dans leur lecture. Qu&rsquo;Allah r\u00e9compense ici-bas et dans l&rsquo;Au-del\u00e0, les personnes qui ont contribu\u00e9 \u00e0 ce magnifique travail.<\/p>\n","protected":false},"excerpt":{"rendered":"<p>Louange \u00e0 Allah, le Seigneur des mondes; que le salut et la b\u00e9n\u00e9diction d&rsquo;Allah soient sur notre proph\u00e8te Muhammad, ainsi que sa famille et ses Compagnons. Lorsque mon cher fr\u00e8re Ibr\u00e2h\u00eem m&rsquo;a demand\u00e9 de lire son nouveau livre et d&rsquo;\u00e9crire quelques lignes pour pr\u00e9facer celui-ci, je ne m&rsquo;attendais pas \u00e0 ce que ce soit ce&hellip;<\/p>\n","protected":false},"featured_media":6770,"template":"","meta":[],"product_brand":[],"product_cat":[151,25,153,21,225,79],"product_tag":[],"class_list":{"0":"post-7737","1":"product","2":"type-product","3":"status-publish","4":"has-post-thumbnail","6":"product_cat-education-spiritualite","7":"product_cat-femmes","8":"product_cat-foi-coeur","9":"product_cat-livre","10":"product_cat-ramadan","11":"product_cat-spiritualite","12":"description-off","14":"first","15":"instock","16":"shipping-taxable","17":"purchasable","18":"product-type-simple"},"jetpack_sharing_enabled":true,"_links":{"self":[{"href":"https:\/\/elouedshop.com\/index.php?rest_route=\/wp\/v2\/product\/7737","targetHints":{"allow":["GET"]}}],"collection":[{"href":"https:\/\/elouedshop.com\/index.php?rest_route=\/wp\/v2\/product"}],"about":[{"href":"https:\/\/elouedshop.com\/index.php?rest_route=\/wp\/v2\/types\/product"}],"wp:featuredmedia":[{"embeddable":true,"href":"https:\/\/elouedshop.com\/index.php?rest_route=\/wp\/v2\/media\/6770"}],"wp:attachment":[{"href":"https:\/\/elouedshop.com\/index.php?rest_route=%2Fwp%2Fv2%2Fmedia&parent=7737"}],"wp:term":[{"taxonomy":"product_brand","embeddable":true,"href":"https:\/\/elouedshop.com\/index.php?rest_route=%2Fwp%2Fv2%2Fproduct_brand&post=7737"},{"taxonomy":"product_cat","embeddable":true,"href":"https:\/\/elouedshop.com\/index.php?rest_route=%2Fwp%2Fv2%2Fproduct_cat&post=7737"},{"taxonomy":"product_tag","embeddable":true,"href":"https:\/\/elouedshop.com\/index.php?rest_route=%2Fwp%2Fv2%2Fproduct_tag&post=7737"}],"curies":[{"name":"wp","href":"https:\/\/api.w.org\/{rel}","templated":true}]}}