{"id":7725,"date":"2024-01-13T22:05:44","date_gmt":"2024-01-13T22:05:44","guid":{"rendered":"https:\/\/elouedshop.com\/?post_type=product&#038;p=7725"},"modified":"2024-01-13T22:06:04","modified_gmt":"2024-01-13T22:06:04","slug":"pack-lislam-pour-tous-3-livres","status":"publish","type":"product","link":"https:\/\/elouedshop.com\/?product=pack-lislam-pour-tous-3-livres","title":{"rendered":"Pack : L&rsquo;islam pour tous (3 Livres)"},"content":{"rendered":"","protected":false},"excerpt":{"rendered":"<p>Trois livres, aux approches et contenus diff\u00e9rents, qui constituent une solide introduction \u00e0 l&rsquo;islam, pour se faire une id\u00e9e plus claire de ce qu&rsquo;est l&rsquo;islam et\/ou consolider ses connaissances de base de cette religion.<\/p>\n","protected":false},"featured_media":6402,"template":"","meta":[],"product_brand":[],"product_cat":[47,181,38,21,177,187,208,154,148],"product_tag":[],"class_list":{"0":"post-7725","1":"product","2":"type-product","3":"status-publish","4":"has-post-thumbnail","6":"product_cat-comprendre-lislam","7":"product_cat-education-religieuse","8":"product_cat-idees-de-cadeaux","9":"product_cat-livre","10":"product_cat-pack-cadeaux","11":"product_cat-pratiques-religieuse","12":"product_cat-renouveau-islamique","13":"product_cat-repentir","14":"product_cat-societe","15":"description-off","17":"first","18":"instock","19":"sale","20":"shipping-taxable","21":"purchasable","22":"product-type-simple"},"jetpack_sharing_enabled":true,"_links":{"self":[{"href":"https:\/\/elouedshop.com\/index.php?rest_route=\/wp\/v2\/product\/7725","targetHints":{"allow":["GET"]}}],"collection":[{"href":"https:\/\/elouedshop.com\/index.php?rest_route=\/wp\/v2\/product"}],"about":[{"href":"https:\/\/elouedshop.com\/index.php?rest_route=\/wp\/v2\/types\/product"}],"wp:featuredmedia":[{"embeddable":true,"href":"https:\/\/elouedshop.com\/index.php?rest_route=\/wp\/v2\/media\/6402"}],"wp:attachment":[{"href":"https:\/\/elouedshop.com\/index.php?rest_route=%2Fwp%2Fv2%2Fmedia&parent=7725"}],"wp:term":[{"taxonomy":"product_brand","embeddable":true,"href":"https:\/\/elouedshop.com\/index.php?rest_route=%2Fwp%2Fv2%2Fproduct_brand&post=7725"},{"taxonomy":"product_cat","embeddable":true,"href":"https:\/\/elouedshop.com\/index.php?rest_route=%2Fwp%2Fv2%2Fproduct_cat&post=7725"},{"taxonomy":"product_tag","embeddable":true,"href":"https:\/\/elouedshop.com\/index.php?rest_route=%2Fwp%2Fv2%2Fproduct_tag&post=7725"}],"curies":[{"name":"wp","href":"https:\/\/api.w.org\/{rel}","templated":true}]}}