{"id":7724,"date":"2024-01-13T22:04:23","date_gmt":"2024-01-13T22:04:23","guid":{"rendered":"https:\/\/elouedshop.com\/?post_type=product&#038;p=7724"},"modified":"2024-01-13T22:04:36","modified_gmt":"2024-01-13T22:04:36","slug":"pack-education-6-livres","status":"publish","type":"product","link":"https:\/\/elouedshop.com\/?product=pack-education-6-livres","title":{"rendered":"Pack : \u00e9ducation (6 livres)"},"content":{"rendered":"","protected":false},"excerpt":{"rendered":"<p>pack sp\u00e9cial \u00c9ducation<\/p>\n","protected":false},"featured_media":6451,"template":"","meta":[],"product_brand":[],"product_cat":[181,151,44,38,21,177,185],"product_tag":[],"class_list":{"0":"post-7724","1":"product","2":"type-product","3":"status-publish","4":"has-post-thumbnail","6":"product_cat-education-religieuse","7":"product_cat-education-spiritualite","8":"product_cat-ethique-education","9":"product_cat-idees-de-cadeaux","10":"product_cat-livre","11":"product_cat-pack-cadeaux","12":"product_cat-priere-purification","13":"description-off","15":"first","16":"instock","17":"sale","18":"shipping-taxable","19":"purchasable","20":"product-type-simple"},"jetpack_sharing_enabled":true,"_links":{"self":[{"href":"https:\/\/elouedshop.com\/index.php?rest_route=\/wp\/v2\/product\/7724","targetHints":{"allow":["GET"]}}],"collection":[{"href":"https:\/\/elouedshop.com\/index.php?rest_route=\/wp\/v2\/product"}],"about":[{"href":"https:\/\/elouedshop.com\/index.php?rest_route=\/wp\/v2\/types\/product"}],"wp:featuredmedia":[{"embeddable":true,"href":"https:\/\/elouedshop.com\/index.php?rest_route=\/wp\/v2\/media\/6451"}],"wp:attachment":[{"href":"https:\/\/elouedshop.com\/index.php?rest_route=%2Fwp%2Fv2%2Fmedia&parent=7724"}],"wp:term":[{"taxonomy":"product_brand","embeddable":true,"href":"https:\/\/elouedshop.com\/index.php?rest_route=%2Fwp%2Fv2%2Fproduct_brand&post=7724"},{"taxonomy":"product_cat","embeddable":true,"href":"https:\/\/elouedshop.com\/index.php?rest_route=%2Fwp%2Fv2%2Fproduct_cat&post=7724"},{"taxonomy":"product_tag","embeddable":true,"href":"https:\/\/elouedshop.com\/index.php?rest_route=%2Fwp%2Fv2%2Fproduct_tag&post=7724"}],"curies":[{"name":"wp","href":"https:\/\/api.w.org\/{rel}","templated":true}]}}