{"id":7717,"date":"2024-01-13T21:55:55","date_gmt":"2024-01-13T21:55:55","guid":{"rendered":"https:\/\/elouedshop.com\/?post_type=product&#038;p=7717"},"modified":"2024-01-13T21:56:57","modified_gmt":"2024-01-13T21:56:57","slug":"le-livre-de-mon-bebe-musulman-rose-pour-filles","status":"publish","type":"product","link":"https:\/\/elouedshop.com\/?product=le-livre-de-mon-bebe-musulman-rose-pour-filles","title":{"rendered":"Le livre de mon b\u00e9b\u00e9 musulman (Rose pour filles)"},"content":{"rendered":"<p><strong>Gardez une trace des moments pr\u00e9cieux de la vie de votre b\u00e9b\u00e9<\/strong><\/p>\n<p>Le livre de mon b\u00e9b\u00e9 musulman est magnifiquement illustr\u00e9 et vous permet de garder une trace des merveilleux souvenirs de votre b\u00e9b\u00e9 jusqu\u2019\u00e0 l\u2019\u00e2ge de cinq ans. Le livre comprend des sujets tels que : ma famille et ma naissance, l\u2019Adh\u00e2n, l\u2019Iq\u00e2ma, mes premiers mots et mon premier dessin, pour n\u2019en citer que quelques-uns. Chaque page joliment con\u00e7ue pr\u00e9sente des versets du Coran et des hadiths et vous donne un espace suffisant pour noter vos pens\u00e9es, coller des photographies et inclure les pr\u00e9cieux souvenirs.<\/p>\n<p>Le livre de mon b\u00e9b\u00e9 musulman est un excellent souvenir qui refl\u00e8te la magie de l\u2019enfance que toute la famille appr\u00e9ciera et consultera encore et encore !<\/p>\n","protected":false},"excerpt":{"rendered":"<p>Gardez une trace des moments pr\u00e9cieux de la vie de votre b\u00e9b\u00e9 Le livre de mon b\u00e9b\u00e9 musulman est magnifiquement illustr\u00e9 et vous permet de garder une trace des merveilleux souvenirs de votre b\u00e9b\u00e9 jusqu\u2019\u00e0 l\u2019\u00e2ge de cinq ans. Le livre comprend des sujets tels que : ma famille et ma naissance, l\u2019Adh\u00e2n, l\u2019Iq\u00e2ma, mes&hellip;<\/p>\n","protected":false},"featured_media":788,"template":"","meta":[],"product_brand":[],"product_cat":[39,24,38,21],"product_tag":[],"class_list":{"0":"post-7717","1":"product","2":"type-product","3":"status-publish","4":"has-post-thumbnail","6":"product_cat-bebe-3ans","7":"product_cat-enfants","8":"product_cat-idees-de-cadeaux","9":"product_cat-livre","10":"description-off","12":"first","13":"instock","14":"shipping-taxable","15":"purchasable","16":"product-type-simple"},"jetpack_sharing_enabled":true,"_links":{"self":[{"href":"https:\/\/elouedshop.com\/index.php?rest_route=\/wp\/v2\/product\/7717","targetHints":{"allow":["GET"]}}],"collection":[{"href":"https:\/\/elouedshop.com\/index.php?rest_route=\/wp\/v2\/product"}],"about":[{"href":"https:\/\/elouedshop.com\/index.php?rest_route=\/wp\/v2\/types\/product"}],"wp:featuredmedia":[{"embeddable":true,"href":"https:\/\/elouedshop.com\/index.php?rest_route=\/wp\/v2\/media\/788"}],"wp:attachment":[{"href":"https:\/\/elouedshop.com\/index.php?rest_route=%2Fwp%2Fv2%2Fmedia&parent=7717"}],"wp:term":[{"taxonomy":"product_brand","embeddable":true,"href":"https:\/\/elouedshop.com\/index.php?rest_route=%2Fwp%2Fv2%2Fproduct_brand&post=7717"},{"taxonomy":"product_cat","embeddable":true,"href":"https:\/\/elouedshop.com\/index.php?rest_route=%2Fwp%2Fv2%2Fproduct_cat&post=7717"},{"taxonomy":"product_tag","embeddable":true,"href":"https:\/\/elouedshop.com\/index.php?rest_route=%2Fwp%2Fv2%2Fproduct_tag&post=7717"}],"curies":[{"name":"wp","href":"https:\/\/api.w.org\/{rel}","templated":true}]}}