{"id":7708,"date":"2024-01-13T21:46:42","date_gmt":"2024-01-13T21:46:42","guid":{"rendered":"https:\/\/elouedshop.com\/?post_type=product&#038;p=7708"},"modified":"2024-01-13T21:49:10","modified_gmt":"2024-01-13T21:49:10","slug":"pack-les-recits-coraniques-3-livres","status":"publish","type":"product","link":"https:\/\/elouedshop.com\/?product=pack-les-recits-coraniques-3-livres","title":{"rendered":"Pack : Les r\u00e9cits coraniques (3 livres)"},"content":{"rendered":"","protected":false},"excerpt":{"rendered":"<p>Pack de 3 livres des \u00e9ditions sur les r\u00e9cits coraniques.<\/p>\n","protected":false},"featured_media":6073,"template":"","meta":[],"product_brand":[],"product_cat":[175,21,177,225,67],"product_tag":[],"class_list":{"0":"post-7708","1":"product","2":"type-product","3":"status-publish","4":"has-post-thumbnail","6":"product_cat-histoires-du-coran","7":"product_cat-livre","8":"product_cat-pack-cadeaux","9":"product_cat-ramadan","10":"product_cat-recits-coranique","11":"description-off","13":"first","14":"instock","15":"sale","16":"shipping-taxable","17":"purchasable","18":"product-type-simple"},"jetpack_sharing_enabled":true,"_links":{"self":[{"href":"https:\/\/elouedshop.com\/index.php?rest_route=\/wp\/v2\/product\/7708","targetHints":{"allow":["GET"]}}],"collection":[{"href":"https:\/\/elouedshop.com\/index.php?rest_route=\/wp\/v2\/product"}],"about":[{"href":"https:\/\/elouedshop.com\/index.php?rest_route=\/wp\/v2\/types\/product"}],"wp:featuredmedia":[{"embeddable":true,"href":"https:\/\/elouedshop.com\/index.php?rest_route=\/wp\/v2\/media\/6073"}],"wp:attachment":[{"href":"https:\/\/elouedshop.com\/index.php?rest_route=%2Fwp%2Fv2%2Fmedia&parent=7708"}],"wp:term":[{"taxonomy":"product_brand","embeddable":true,"href":"https:\/\/elouedshop.com\/index.php?rest_route=%2Fwp%2Fv2%2Fproduct_brand&post=7708"},{"taxonomy":"product_cat","embeddable":true,"href":"https:\/\/elouedshop.com\/index.php?rest_route=%2Fwp%2Fv2%2Fproduct_cat&post=7708"},{"taxonomy":"product_tag","embeddable":true,"href":"https:\/\/elouedshop.com\/index.php?rest_route=%2Fwp%2Fv2%2Fproduct_tag&post=7708"}],"curies":[{"name":"wp","href":"https:\/\/api.w.org\/{rel}","templated":true}]}}