{"id":7701,"date":"2024-01-13T21:39:08","date_gmt":"2024-01-13T21:39:08","guid":{"rendered":"https:\/\/elouedshop.com\/?post_type=product&#038;p=7701"},"modified":"2024-01-13T21:39:24","modified_gmt":"2024-01-13T21:39:24","slug":"les-qualites-du-croyant-ibn-hibban","status":"publish","type":"product","link":"https:\/\/elouedshop.com\/?product=les-qualites-du-croyant-ibn-hibban","title":{"rendered":"Les Qualit\u00e9s du Croyant &#8211; Ibn Hibban"},"content":{"rendered":"<p>\u201cCet ouvrage de taille modeste renferme des sens \u00e9l\u00e9gants dont les intelligents et les sages ont besoin aujourd\u2019hui. Il sera, en priv\u00e9, un confident honn\u00eate pour l\u2019homme avis\u00e9 et un protecteur rapproch\u00e9 en public.<\/p>\n<p>Je clarifie, dans ce livre, ce qui embellira, aux yeux de l\u2019homme sens\u00e9, la pratique des qualit\u00e9s louables et enlaidira la pratique des d\u00e9fauts condamnables tout en cherchant \u00e0 emp\u00eacher le fait de persister dans l\u2019accumulation de ces d\u00e9fauts, d\u2019all\u00e9ger le poids du porteur et d\u2019illuminer l\u2019oreille de l\u2019auditeur.<\/p>\n<p>En raison des nombreux r\u00e9cits et po\u00e8mes qui seront mentionn\u00e9s dans ce livre, celui qui s\u2019efforce d\u2019\u00e9tudier chaque chapitre en profondeur souhaitera qu\u2019ils ne connaissent aucune fin. Quant \u00e0 celui qui se refuse \u00e0 atteindre la compl\u00e9tude et le succ\u00e8s, il aura certes accept\u00e9 la faiblesse.<\/p>\n<p>Allah est Celui qui accorde le succ\u00e8s et le Guide vers l\u2019int\u00e9grit\u00e9. Je Lui demande la rectification de l\u2019\u00e2me et le pardon contre le ch\u00e2timent en raison des p\u00e9ch\u00e9s. Il est certes le plus G\u00e9n\u00e9reux, Noble et Mis\u00e9ricordieux.\u201d<\/p>\n","protected":false},"excerpt":{"rendered":"<p>\u201cCet ouvrage de taille modeste renferme des sens \u00e9l\u00e9gants dont les intelligents et les sages ont besoin aujourd\u2019hui. Il sera, en priv\u00e9, un confident honn\u00eate pour l\u2019homme avis\u00e9 et un protecteur rapproch\u00e9 en public. Je clarifie, dans ce livre, ce qui embellira, aux yeux de l\u2019homme sens\u00e9, la pratique des qualit\u00e9s louables et enlaidira la&hellip;<\/p>\n","protected":false},"featured_media":3336,"template":"","meta":[],"product_brand":[],"product_cat":[44,21],"product_tag":[],"class_list":{"0":"post-7701","1":"product","2":"type-product","3":"status-publish","4":"has-post-thumbnail","6":"product_cat-ethique-education","7":"product_cat-livre","8":"description-off","10":"first","11":"instock","12":"shipping-taxable","13":"purchasable","14":"product-type-simple"},"jetpack_sharing_enabled":true,"_links":{"self":[{"href":"https:\/\/elouedshop.com\/index.php?rest_route=\/wp\/v2\/product\/7701","targetHints":{"allow":["GET"]}}],"collection":[{"href":"https:\/\/elouedshop.com\/index.php?rest_route=\/wp\/v2\/product"}],"about":[{"href":"https:\/\/elouedshop.com\/index.php?rest_route=\/wp\/v2\/types\/product"}],"wp:featuredmedia":[{"embeddable":true,"href":"https:\/\/elouedshop.com\/index.php?rest_route=\/wp\/v2\/media\/3336"}],"wp:attachment":[{"href":"https:\/\/elouedshop.com\/index.php?rest_route=%2Fwp%2Fv2%2Fmedia&parent=7701"}],"wp:term":[{"taxonomy":"product_brand","embeddable":true,"href":"https:\/\/elouedshop.com\/index.php?rest_route=%2Fwp%2Fv2%2Fproduct_brand&post=7701"},{"taxonomy":"product_cat","embeddable":true,"href":"https:\/\/elouedshop.com\/index.php?rest_route=%2Fwp%2Fv2%2Fproduct_cat&post=7701"},{"taxonomy":"product_tag","embeddable":true,"href":"https:\/\/elouedshop.com\/index.php?rest_route=%2Fwp%2Fv2%2Fproduct_tag&post=7701"}],"curies":[{"name":"wp","href":"https:\/\/api.w.org\/{rel}","templated":true}]}}