{"id":7694,"date":"2024-01-13T19:06:39","date_gmt":"2024-01-13T19:06:39","guid":{"rendered":"https:\/\/elouedshop.com\/?post_type=product&#038;p=7694"},"modified":"2024-01-13T19:06:55","modified_gmt":"2024-01-13T19:06:55","slug":"lenfer-sa-description-et-ses-supplices","status":"publish","type":"product","link":"https:\/\/elouedshop.com\/?product=lenfer-sa-description-et-ses-supplices","title":{"rendered":"L&rsquo;Enfer &#8211; Sa description et ses supplices"},"content":{"rendered":"<table border=\"0\" width=\"100%\" cellspacing=\"0\" cellpadding=\"0\">\n<tbody>\n<tr>\n<td>\n<table border=\"0\" width=\"100%\">\n<tbody>\n<tr>\n<td>\n<div dir=\"ltr\">\n<p>L\u2019im\u00e2m Al-Qurtub\u00ee est le savant le plus connu de l&rsquo;histoire de Cordoue (Qurtuba) lors de la p\u00e9riode de l&rsquo;Andalousie musulmane.<\/p>\n<p>Al-Qurtub\u00ee laissa des ouvrages de tr\u00e8s haute qualit\u00e9. Son Ex\u00e9g\u00e8se du Coran (tafs\u00eer) intitul\u00e9 \u00ab\u00a0Al-J\u00e2mi\u2018 li-ahk\u00e2m al-Qur\u2019\u00e2n\u00a0\u00bb est son oeuvre principale couronnant et d\u00e9passant les livres de la m\u00eame sp\u00e9cialit\u00e9.<\/p>\n<p>Le livre que vous avez entre les mains est extrait d\u2019un autre ouvrage de r\u00e9f\u00e9rence de L\u2019im\u00e2m Al-Qurtub\u00ee qui est \u201cAt-Tadhkira f\u00ee ahw\u00e2l al-mawt\u00e2 wa-um\u00fbr al-\u00e2khira\u201d (traitant de la mort, de la tombe, du Jour Dernier, du Paradis, de l\u2019Enfer et de tout ce qui concerne l&rsquo;au-del\u00e0).<\/p>\n<p>Le pr\u00e9sent livre met la lumi\u00e8re sur L\u2019Enfer et ses supplices tels que d\u00e9crits par Dieu dans le Coran et par son proph\u00e8te dans la Sunna authentique&#8230;<\/p>\n<p>Les nombreux versets coraniques et hadiths traduits en fran\u00e7ais, sont \u00e9galement cit\u00e9s en langue arabe vocalis\u00e9e, et ce, dans un but p\u00e9dagogique.<\/p>\n<\/div>\n<\/td>\n<\/tr>\n<\/tbody>\n<\/table>\n<\/td>\n<\/tr>\n<\/tbody>\n<\/table>\n","protected":false},"excerpt":{"rendered":"<p>L\u2019im\u00e2m Al-Qurtub\u00ee est le savant le plus connu de l&rsquo;histoire de Cordoue (Qurtuba) lors de la p\u00e9riode de l&rsquo;Andalousie musulmane. Al-Qurtub\u00ee laissa des ouvrages de tr\u00e8s haute qualit\u00e9. Son Ex\u00e9g\u00e8se du Coran (tafs\u00eer) intitul\u00e9 \u00ab\u00a0Al-J\u00e2mi\u2018 li-ahk\u00e2m al-Qur\u2019\u00e2n\u00a0\u00bb est son oeuvre principale couronnant et d\u00e9passant les livres de la m\u00eame sp\u00e9cialit\u00e9. Le livre que vous avez&hellip;<\/p>\n","protected":false},"featured_media":1066,"template":"","meta":[],"product_brand":[],"product_cat":[144,21,146,225],"product_tag":[],"class_list":{"0":"post-7694","1":"product","2":"type-product","3":"status-publish","4":"has-post-thumbnail","6":"product_cat-lau-dela","7":"product_cat-livre","8":"product_cat-paradis-enfer-mort","9":"product_cat-ramadan","10":"description-off","12":"first","13":"instock","14":"shipping-taxable","15":"purchasable","16":"product-type-simple"},"jetpack_sharing_enabled":true,"_links":{"self":[{"href":"https:\/\/elouedshop.com\/index.php?rest_route=\/wp\/v2\/product\/7694","targetHints":{"allow":["GET"]}}],"collection":[{"href":"https:\/\/elouedshop.com\/index.php?rest_route=\/wp\/v2\/product"}],"about":[{"href":"https:\/\/elouedshop.com\/index.php?rest_route=\/wp\/v2\/types\/product"}],"wp:featuredmedia":[{"embeddable":true,"href":"https:\/\/elouedshop.com\/index.php?rest_route=\/wp\/v2\/media\/1066"}],"wp:attachment":[{"href":"https:\/\/elouedshop.com\/index.php?rest_route=%2Fwp%2Fv2%2Fmedia&parent=7694"}],"wp:term":[{"taxonomy":"product_brand","embeddable":true,"href":"https:\/\/elouedshop.com\/index.php?rest_route=%2Fwp%2Fv2%2Fproduct_brand&post=7694"},{"taxonomy":"product_cat","embeddable":true,"href":"https:\/\/elouedshop.com\/index.php?rest_route=%2Fwp%2Fv2%2Fproduct_cat&post=7694"},{"taxonomy":"product_tag","embeddable":true,"href":"https:\/\/elouedshop.com\/index.php?rest_route=%2Fwp%2Fv2%2Fproduct_tag&post=7694"}],"curies":[{"name":"wp","href":"https:\/\/api.w.org\/{rel}","templated":true}]}}