{"id":7604,"date":"2024-01-11T20:21:42","date_gmt":"2024-01-11T20:21:42","guid":{"rendered":"https:\/\/elouedshop.com\/?post_type=product&#038;p=7604"},"modified":"2024-02-29T21:54:57","modified_gmt":"2024-02-29T21:54:57","slug":"le-tajwid-simplifie-lecture-hafs","status":"publish","type":"product","link":"https:\/\/elouedshop.com\/?product=le-tajwid-simplifie-lecture-hafs","title":{"rendered":"Le Tajwid simplifi\u00e9 &#8211; Lecture Hafs"},"content":{"rendered":"","protected":false},"excerpt":{"rendered":"<p>Le Coran, notre livre saint par excellence nous est parvenu de deux fa\u00e7ons : Par voie \u00e9crite d&rsquo;une part et par voie orale d&rsquo;autre part. Cette derni\u00e8re qui nous importe, concerne la mani\u00e8re dont le Coran est r\u00e9cit\u00e9 dans ses moindres d\u00e9tails ; en effet les savants ont, de tout temps, mis l&rsquo;accent sur l&rsquo;importance de la bonne r\u00e9citation de fa\u00e7on \u00e0 ce qu&rsquo;elle soit la plus conforme \u00e0 celle de notre proph\u00e8te bien aim\u00e9.<\/p>\n<p>Pour cela, ils ont mis en place un syst\u00e8me de r\u00e8gles des plus pr\u00e9cis permettant d&rsquo;atteindre facilement cet objectif. Ce manuel pr\u00e9sente le Tajwid selon une approche diff\u00e9rente de ce que l&rsquo;on trouve habituellement tout en \u00e9tant conforme \u00e0 l&rsquo;enseignement de mon professeur l&rsquo;\u00e9rudit Dr Ayman Sweid.<\/p>\n","protected":false},"featured_media":7605,"template":"","meta":[],"product_brand":[],"product_cat":[21,225,196],"product_tag":[],"class_list":{"0":"post-7604","1":"product","2":"type-product","3":"status-publish","4":"has-post-thumbnail","6":"product_cat-livre","7":"product_cat-ramadan","8":"product_cat-science-du-coran","9":"description-off","11":"first","12":"instock","13":"shipping-taxable","14":"purchasable","15":"product-type-simple"},"jetpack_sharing_enabled":true,"_links":{"self":[{"href":"https:\/\/elouedshop.com\/index.php?rest_route=\/wp\/v2\/product\/7604","targetHints":{"allow":["GET"]}}],"collection":[{"href":"https:\/\/elouedshop.com\/index.php?rest_route=\/wp\/v2\/product"}],"about":[{"href":"https:\/\/elouedshop.com\/index.php?rest_route=\/wp\/v2\/types\/product"}],"wp:featuredmedia":[{"embeddable":true,"href":"https:\/\/elouedshop.com\/index.php?rest_route=\/wp\/v2\/media\/7605"}],"wp:attachment":[{"href":"https:\/\/elouedshop.com\/index.php?rest_route=%2Fwp%2Fv2%2Fmedia&parent=7604"}],"wp:term":[{"taxonomy":"product_brand","embeddable":true,"href":"https:\/\/elouedshop.com\/index.php?rest_route=%2Fwp%2Fv2%2Fproduct_brand&post=7604"},{"taxonomy":"product_cat","embeddable":true,"href":"https:\/\/elouedshop.com\/index.php?rest_route=%2Fwp%2Fv2%2Fproduct_cat&post=7604"},{"taxonomy":"product_tag","embeddable":true,"href":"https:\/\/elouedshop.com\/index.php?rest_route=%2Fwp%2Fv2%2Fproduct_tag&post=7604"}],"curies":[{"name":"wp","href":"https:\/\/api.w.org\/{rel}","templated":true}]}}