{"id":7596,"date":"2024-01-11T19:58:20","date_gmt":"2024-01-11T19:58:20","guid":{"rendered":"https:\/\/elouedshop.com\/?post_type=product&#038;p=7596"},"modified":"2024-01-11T19:58:20","modified_gmt":"2024-01-11T19:58:20","slug":"les-grandes-femmes-de-lislam-volume-1-al-dhahabi","status":"publish","type":"product","link":"https:\/\/elouedshop.com\/?product=les-grandes-femmes-de-lislam-volume-1-al-dhahabi","title":{"rendered":"Les grandes femmes de l&rsquo;Islam &#8211; volume 1 &#8211; Al-Dhahabi"},"content":{"rendered":"","protected":false},"excerpt":{"rendered":"<p>Les Grandes Femmes de l&rsquo;Islam Volume 1 est un recueil de biographies des nobles Compagnons du Messager d&rsquo;Allah (paix sur lui) parmi les femmes, extraites du livre d&rsquo;histoire Siyar A\u2019lam an-Nubala de l&rsquo;Imam adh-Dhahabi.<\/p>\n<p>Siyar A\u2019lam an-Nubala est un livre encyclop\u00e9dique de biographies des nobles Compagnons du Messager d&rsquo;Allah (paix sur lui) et des savants des g\u00e9n\u00e9rations qui les ont suivis jusqu&rsquo;\u00e0 l&rsquo;\u00e9poque de l&rsquo;auteur, d\u00e9c\u00e9d\u00e9 en 748 AH.<\/p>\n<p>Ce livre raconte les m\u00e9moires de ces nobles femmes les plus proches du Proph\u00e8te (paix sur lui), telles que ses \u00e9pouses, ses nourrices, ses filles, ses petites-filles, ses tantes paternelles, ses cousines paternelles, ses s\u0153urs de lait.<\/p>\n<p>Certaines biographies sont d\u00e9taill\u00e9es, d&rsquo;autres sont succinctes, mais toutes sont extraordinaires.<\/p>\n","protected":false},"featured_media":7598,"template":"","meta":[],"product_brand":[],"product_cat":[47,25,38,21],"product_tag":[],"class_list":{"0":"post-7596","1":"product","2":"type-product","3":"status-publish","4":"has-post-thumbnail","6":"product_cat-comprendre-lislam","7":"product_cat-femmes","8":"product_cat-idees-de-cadeaux","9":"product_cat-livre","10":"description-off","12":"first","13":"instock","14":"shipping-taxable","15":"purchasable","16":"product-type-simple"},"jetpack_sharing_enabled":true,"_links":{"self":[{"href":"https:\/\/elouedshop.com\/index.php?rest_route=\/wp\/v2\/product\/7596","targetHints":{"allow":["GET"]}}],"collection":[{"href":"https:\/\/elouedshop.com\/index.php?rest_route=\/wp\/v2\/product"}],"about":[{"href":"https:\/\/elouedshop.com\/index.php?rest_route=\/wp\/v2\/types\/product"}],"wp:featuredmedia":[{"embeddable":true,"href":"https:\/\/elouedshop.com\/index.php?rest_route=\/wp\/v2\/media\/7598"}],"wp:attachment":[{"href":"https:\/\/elouedshop.com\/index.php?rest_route=%2Fwp%2Fv2%2Fmedia&parent=7596"}],"wp:term":[{"taxonomy":"product_brand","embeddable":true,"href":"https:\/\/elouedshop.com\/index.php?rest_route=%2Fwp%2Fv2%2Fproduct_brand&post=7596"},{"taxonomy":"product_cat","embeddable":true,"href":"https:\/\/elouedshop.com\/index.php?rest_route=%2Fwp%2Fv2%2Fproduct_cat&post=7596"},{"taxonomy":"product_tag","embeddable":true,"href":"https:\/\/elouedshop.com\/index.php?rest_route=%2Fwp%2Fv2%2Fproduct_tag&post=7596"}],"curies":[{"name":"wp","href":"https:\/\/api.w.org\/{rel}","templated":true}]}}