{"id":7541,"date":"2024-01-10T20:03:06","date_gmt":"2024-01-10T20:03:06","guid":{"rendered":"https:\/\/elouedshop.com\/?post_type=product&#038;p=7541"},"modified":"2024-01-13T00:59:57","modified_gmt":"2024-01-13T00:59:57","slug":"pack-3-livres-la-mort-les-signes-de-lheure-le-jugement","status":"publish","type":"product","link":"https:\/\/elouedshop.com\/?product=pack-3-livres-la-mort-les-signes-de-lheure-le-jugement","title":{"rendered":"Pack 3 livres : la mort, les signes de l\u2019heure, le jugement"},"content":{"rendered":"<p>Pack 3 livres :<\/p>\n<p>&#8211; Les signes de l&rsquo;heure<\/p>\n<p>&#8211; L&rsquo;obligation de s&rsquo;en remettre au jugement de la r\u00e9v\u00e9lation<\/p>\n<p>&#8211; La vie apr\u00e8s la mort<\/p>\n<p>Profitez de cette jolie offre \ud83e\ude77\ud83c\udf38<\/p>\n","protected":false},"excerpt":{"rendered":"<p>Pack 3 livres : &#8211; Les signes de l&rsquo;heure &#8211; L&rsquo;obligation de s&rsquo;en remettre au jugement de la r\u00e9v\u00e9lation &#8211; La vie apr\u00e8s la mort Profitez de cette jolie offre \ud83e\ude77\ud83c\udf38<\/p>\n","protected":false},"featured_media":6759,"template":"","meta":[],"product_brand":[],"product_cat":[47,38,144,21,145,16,177,146,225,154,178,165],"product_tag":[],"class_list":{"0":"post-7541","1":"product","2":"type-product","3":"status-publish","4":"has-post-thumbnail","6":"product_cat-comprendre-lislam","7":"product_cat-idees-de-cadeaux","8":"product_cat-lau-dela","9":"product_cat-livre","10":"product_cat-monde-invisible","11":"product_cat-non-classe","12":"product_cat-pack-cadeaux","13":"product_cat-paradis-enfer-mort","14":"product_cat-ramadan","15":"product_cat-repentir","16":"product_cat-sciences-decouverte","17":"product_cat-signes-fin-du-monde","18":"description-off","20":"first","21":"instock","22":"sale","23":"shipping-taxable","24":"purchasable","25":"product-type-simple"},"jetpack_sharing_enabled":true,"_links":{"self":[{"href":"https:\/\/elouedshop.com\/index.php?rest_route=\/wp\/v2\/product\/7541","targetHints":{"allow":["GET"]}}],"collection":[{"href":"https:\/\/elouedshop.com\/index.php?rest_route=\/wp\/v2\/product"}],"about":[{"href":"https:\/\/elouedshop.com\/index.php?rest_route=\/wp\/v2\/types\/product"}],"wp:featuredmedia":[{"embeddable":true,"href":"https:\/\/elouedshop.com\/index.php?rest_route=\/wp\/v2\/media\/6759"}],"wp:attachment":[{"href":"https:\/\/elouedshop.com\/index.php?rest_route=%2Fwp%2Fv2%2Fmedia&parent=7541"}],"wp:term":[{"taxonomy":"product_brand","embeddable":true,"href":"https:\/\/elouedshop.com\/index.php?rest_route=%2Fwp%2Fv2%2Fproduct_brand&post=7541"},{"taxonomy":"product_cat","embeddable":true,"href":"https:\/\/elouedshop.com\/index.php?rest_route=%2Fwp%2Fv2%2Fproduct_cat&post=7541"},{"taxonomy":"product_tag","embeddable":true,"href":"https:\/\/elouedshop.com\/index.php?rest_route=%2Fwp%2Fv2%2Fproduct_tag&post=7541"}],"curies":[{"name":"wp","href":"https:\/\/api.w.org\/{rel}","templated":true}]}}