{"id":7536,"date":"2024-01-10T20:00:22","date_gmt":"2024-01-10T20:00:22","guid":{"rendered":"https:\/\/elouedshop.com\/?post_type=product&#038;p=7536"},"modified":"2024-01-10T20:00:33","modified_gmt":"2024-01-10T20:00:33","slug":"ne-sois-pas-triste-ma-soeur","status":"publish","type":"product","link":"https:\/\/elouedshop.com\/?product=ne-sois-pas-triste-ma-soeur","title":{"rendered":"Ne sois pas triste, ma s\u0153ur"},"content":{"rendered":"<table border=\"0\" width=\"100%\" cellspacing=\"0\" cellpadding=\"0\">\n<tbody>\n<tr>\n<td>\n<table border=\"0\" width=\"100%\">\n<tbody>\n<tr>\n<td>\n<div dir=\"ltr\">\n<p>Ce livre a \u00e9t\u00e9 con\u00e7u pour venir en aide aux s\u0153urs musulmanes qui traversent une p\u00e9riode de doute ou un moment difficile comme il y en a tant dans une vie. Cet ouvrage n&rsquo;a pas la pr\u00e9tention de solutionner tous les probl\u00e8mes et de les faire dispara\u00eetre, il ne vise qu&rsquo;\u00e0 am\u00e9liorer le quotidien de la femme musulmane en essayant de changer son \u00e9tat d&rsquo;esprit et sa fa\u00e7on de voir les choses.<\/p>\n<p>Nous essaierons de condenser, dans ce livre, toutes les astuces, solutions et autres conseils (propos\u00e9s par les savant musulmans et sp\u00e9cialistes en la mati\u00e8re) qui feront sortir la s\u0153ur musulmane de sa m\u00e9lancolie et de sa torpeur, si Dieu le veut.<\/p>\n<p>La vie est le plus grand cadeau qu&rsquo;Allah nous a offert, il faut donc la savourer par tous les moyens et ne jamais d\u00e9sesp\u00e9rer, car tant qu&rsquo;on n&rsquo;a pas encore rendu notre dernier souffle, le bonheur reste une r\u00e9alit\u00e9 et la probabilit\u00e9 d&rsquo;y parvenir demeure grande m\u00eame si tout semble perdu.<\/p>\n<p>Le but premier de cet ouvrage est de faire sortir la s\u0153ur musulmane de son mal-\u00eatre psychologique en lui faisant oublier son angoisse et sa tristesse tout en transformant toute l&rsquo;\u00e9nergie n\u00e9gative qu&rsquo;elle porte en elle en une force qui lui permettra d&rsquo;avancer et de prosp\u00e9rer dans cette vie.<\/p>\n<p>Offrir de l&rsquo;optimisme et de l&rsquo;esp\u00e9rance \u00e0 nos s\u0153urs musulmanes pour les soutenir et les guider vers le chemin du bonheur, de la qui\u00e9tude et de l&rsquo;\u00e9panouissement est certes une t\u00e2che ardue et un long processus, mais c&rsquo;est ce que nous cherchons \u00e0 accomplir \u00e0 travers ce livre.<\/p>\n<p>Enfin, pour les personnes qui lisent l&rsquo;arabe, les versets coraniques ainsi que certains hadiths (et invocations) sont \u00e9galement cit\u00e9es en langue arabe vocalis\u00e9e.<\/p>\n<\/div>\n<\/td>\n<\/tr>\n<\/tbody>\n<\/table>\n<\/td>\n<\/tr>\n<\/tbody>\n<\/table>\n","protected":false},"excerpt":{"rendered":"<p>Ce livre a \u00e9t\u00e9 con\u00e7u pour venir en aide aux s\u0153urs musulmanes qui traversent une p\u00e9riode de doute ou un moment difficile comme il y en a tant dans une vie. Cet ouvrage n&rsquo;a pas la pr\u00e9tention de solutionner tous les probl\u00e8mes et de les faire dispara\u00eetre, il ne vise qu&rsquo;\u00e0 am\u00e9liorer le quotidien de&hellip;<\/p>\n","protected":false},"featured_media":799,"template":"","meta":[],"product_brand":[],"product_cat":[142,25,21],"product_tag":[],"class_list":{"0":"post-7536","1":"product","2":"type-product","3":"status-publish","4":"has-post-thumbnail","6":"product_cat-exhortation","7":"product_cat-femmes","8":"product_cat-livre","9":"description-off","11":"first","12":"instock","13":"shipping-taxable","14":"purchasable","15":"product-type-simple"},"jetpack_sharing_enabled":true,"_links":{"self":[{"href":"https:\/\/elouedshop.com\/index.php?rest_route=\/wp\/v2\/product\/7536","targetHints":{"allow":["GET"]}}],"collection":[{"href":"https:\/\/elouedshop.com\/index.php?rest_route=\/wp\/v2\/product"}],"about":[{"href":"https:\/\/elouedshop.com\/index.php?rest_route=\/wp\/v2\/types\/product"}],"wp:featuredmedia":[{"embeddable":true,"href":"https:\/\/elouedshop.com\/index.php?rest_route=\/wp\/v2\/media\/799"}],"wp:attachment":[{"href":"https:\/\/elouedshop.com\/index.php?rest_route=%2Fwp%2Fv2%2Fmedia&parent=7536"}],"wp:term":[{"taxonomy":"product_brand","embeddable":true,"href":"https:\/\/elouedshop.com\/index.php?rest_route=%2Fwp%2Fv2%2Fproduct_brand&post=7536"},{"taxonomy":"product_cat","embeddable":true,"href":"https:\/\/elouedshop.com\/index.php?rest_route=%2Fwp%2Fv2%2Fproduct_cat&post=7536"},{"taxonomy":"product_tag","embeddable":true,"href":"https:\/\/elouedshop.com\/index.php?rest_route=%2Fwp%2Fv2%2Fproduct_tag&post=7536"}],"curies":[{"name":"wp","href":"https:\/\/api.w.org\/{rel}","templated":true}]}}