{"id":7399,"date":"2024-01-06T21:16:17","date_gmt":"2024-01-06T21:16:17","guid":{"rendered":"https:\/\/elouedshop.com\/?post_type=product&#038;p=7399"},"modified":"2024-01-06T21:33:56","modified_gmt":"2024-01-06T21:33:56","slug":"leducation-des-enfants-selon-les-principes-du-prophete-saw","status":"publish","type":"product","link":"https:\/\/elouedshop.com\/?product=leducation-des-enfants-selon-les-principes-du-prophete-saw","title":{"rendered":"L&rsquo;Education des enfants selon les principes du Proph\u00e8te (SAW)"},"content":{"rendered":"","protected":false},"excerpt":{"rendered":"<p>Ce livre de Mouhammad Nour Sawid porte sur la m\u00e9thode suivie ou pr\u00e9conis\u00e9e par le Proph\u00e8te Mouhammad SAW en mati\u00e8re d&rsquo;\u00e9ducation.Ce mod\u00e8le est incomparable de sagesse, d&rsquo;amour, de compassion, de patience et de douceur.<\/p>\n<p>Cet ouvrage r\u00e9sulte d&rsquo;une analyse de tr\u00e8s nombreux had\u00eeths du Proph\u00e8te relatifs \u00e0 ce sujet.<\/p>\n<p>L&rsquo;ouvrage t\u00e9moigne de l&rsquo;int\u00e9r\u00eat extr\u00eame accord\u00e9 par l&rsquo;Envoy\u00e9 d&rsquo;Allah pour une th\u00e9matique aussi sensible, puisqu&rsquo;elle concerne la formation spirituelle et intellectuelle des enfants musulmans, cens\u00e9s poursuivre l&rsquo;oeuvre de leurs parents et a\u00een\u00e9s dans la voie trac\u00e9e par le Proph\u00e8te SAW ,pour maintenir et d\u00e9velopper un mod\u00e8le de civilisation et de soci\u00e9t\u00e9.<\/p>\n<p>L&rsquo;auteur aborde l&rsquo;\u00e9ducation comme un processus qui d\u00e9bute par le mariage et le choix appropri\u00e9 d&rsquo;un \u00e9poux ou d&rsquo;une \u00e9pouse, pour s&rsquo;\u00e9tendre sur la p\u00e9riode de l&rsquo;enfance et se prolonger jusqu&rsquo;\u00e0 la pubert\u00e9.<\/p>\n<p>L&rsquo;\u00e9ducation y est expos\u00e9e selon ses diverses facettes : spirituelle, rituelle, morale, affective, intellectuelle, physique, hygi\u00e9nique, sexuelle&#8230;<\/p>\n<p>L&rsquo;auteur a jug\u00e9 bon \u00e9galement, de se r\u00e9f\u00e9rer aux exemples des vertueux pr\u00e9d\u00e9cesseurs connus pour s&rsquo;\u00eatre efforc\u00e9s de rester fid\u00e8les \u00e0 l&rsquo;esprit et \u00e0 la lettre des enseignements du Proph\u00e8te SAW.<\/p>\n","protected":false},"featured_media":3484,"template":"","meta":[],"product_brand":[],"product_cat":[44,21],"product_tag":[],"class_list":{"0":"post-7399","1":"product","2":"type-product","3":"status-publish","4":"has-post-thumbnail","6":"product_cat-ethique-education","7":"product_cat-livre","8":"description-off","10":"first","11":"instock","12":"shipping-taxable","13":"purchasable","14":"product-type-simple"},"jetpack_sharing_enabled":true,"_links":{"self":[{"href":"https:\/\/elouedshop.com\/index.php?rest_route=\/wp\/v2\/product\/7399","targetHints":{"allow":["GET"]}}],"collection":[{"href":"https:\/\/elouedshop.com\/index.php?rest_route=\/wp\/v2\/product"}],"about":[{"href":"https:\/\/elouedshop.com\/index.php?rest_route=\/wp\/v2\/types\/product"}],"wp:featuredmedia":[{"embeddable":true,"href":"https:\/\/elouedshop.com\/index.php?rest_route=\/wp\/v2\/media\/3484"}],"wp:attachment":[{"href":"https:\/\/elouedshop.com\/index.php?rest_route=%2Fwp%2Fv2%2Fmedia&parent=7399"}],"wp:term":[{"taxonomy":"product_brand","embeddable":true,"href":"https:\/\/elouedshop.com\/index.php?rest_route=%2Fwp%2Fv2%2Fproduct_brand&post=7399"},{"taxonomy":"product_cat","embeddable":true,"href":"https:\/\/elouedshop.com\/index.php?rest_route=%2Fwp%2Fv2%2Fproduct_cat&post=7399"},{"taxonomy":"product_tag","embeddable":true,"href":"https:\/\/elouedshop.com\/index.php?rest_route=%2Fwp%2Fv2%2Fproduct_tag&post=7399"}],"curies":[{"name":"wp","href":"https:\/\/api.w.org\/{rel}","templated":true}]}}