{"id":7398,"date":"2024-01-06T21:15:54","date_gmt":"2024-01-06T21:15:54","guid":{"rendered":"https:\/\/elouedshop.com\/?post_type=product&#038;p=7398"},"modified":"2024-01-06T21:33:41","modified_gmt":"2024-01-06T21:33:41","slug":"jeduque-mon-enfant","status":"publish","type":"product","link":"https:\/\/elouedshop.com\/?product=jeduque-mon-enfant","title":{"rendered":"J&rsquo;\u00e9duque mon enfant"},"content":{"rendered":"","protected":false},"excerpt":{"rendered":"<p>En \u00e9crivant ce livre, l&rsquo;auteur qui a \u00e9tudi\u00e9 avec son mari aupr\u00e8s de Cheikh Al-Uthaymin a fourni un effort louable et m\u00e9ritoire.<\/p>\n<p>\u00ab\u00a0Les responsabilit\u00e9s des \u00e9ducateurs sont nombreuses pour ce qui est de leur r\u00f4le tant dans l&rsquo;\u00e9ducation spirituelle, qu&rsquo;\u00e9thique, intellectuelle, physique, psychologique ou sociale. .Il serait inutile de d\u00e9crire la joie des parents lorsqu&rsquo;ils r\u00e9colteront le fruit de la bonne \u00e9ducation qu&rsquo;ils ont prodigu\u00e9e \u00e0 leurs enfants. Cependant comment inculquer cette \u00e9ducation ? Quels sont les moyens qui nous aideront \u00e0 parfaire leur personnalit\u00e9 ? C&rsquo;est pour r\u00e9pondre \u00e0 ces questions que j&rsquo;ai \u00e9crit ce modeste ouvrage,par la volont\u00e9 d&rsquo;ALLAH, qui traite de la fa\u00e7on de mettre en oeuvre une \u00e9ducation efficiente et efficace vis \u00e0 vis des individus en g\u00e9n\u00e9ral et des enfants en particulier afin que les \u00e9ducateurs puissent suivre cette m\u00e9thodologie pratique.Je suis d&rsquo;avis que l&rsquo;on peut classer ces moyens en huit cat\u00e9gories diff\u00e9rentes que j&rsquo;ai pu d\u00e9duire des ouvrages traitant de cette th\u00e9matique:<\/p>\n<p>1) J&rsquo;\u00e9duque mon enfant en \u00e9tant pour lui un mod\u00e8le<\/p>\n<p>2) J&rsquo;\u00e9duque mon enfant en l&rsquo;exhortant<\/p>\n<p>3) J&rsquo;\u00e9duque mon enfant en l&rsquo;habituant aux principes religieux<\/p>\n<p>4) J&rsquo;\u00e9duque mon enfant en \u00e9tant attentif \u00e0 son \u00e9volution<\/p>\n<p>5) J&rsquo;\u00e9duque mon enfant par la r\u00e9compense et la punition<\/p>\n<p>6) J&rsquo;\u00e9duque mon enfant en lui permettant de d\u00e9penser son \u00e9nergie<\/p>\n<p>7) J&rsquo;\u00e9duque mon enfant en occupant son temps libre<\/p>\n<p>8) J&rsquo;\u00e9duque mon enfant \u00e0 travers les \u00e9v\u00e9nements du quotidien\u00a0\u00bb<\/p>\n<p>Livre en langue fran\u00e7aise, les versets coraniques sont \u00e9galement cit\u00e9s en arabe.<\/p>\n","protected":false},"featured_media":3480,"template":"","meta":[],"product_brand":[],"product_cat":[44,21],"product_tag":[],"class_list":{"0":"post-7398","1":"product","2":"type-product","3":"status-publish","4":"has-post-thumbnail","6":"product_cat-ethique-education","7":"product_cat-livre","8":"description-off","10":"first","11":"instock","12":"shipping-taxable","13":"purchasable","14":"product-type-simple"},"jetpack_sharing_enabled":true,"_links":{"self":[{"href":"https:\/\/elouedshop.com\/index.php?rest_route=\/wp\/v2\/product\/7398","targetHints":{"allow":["GET"]}}],"collection":[{"href":"https:\/\/elouedshop.com\/index.php?rest_route=\/wp\/v2\/product"}],"about":[{"href":"https:\/\/elouedshop.com\/index.php?rest_route=\/wp\/v2\/types\/product"}],"wp:featuredmedia":[{"embeddable":true,"href":"https:\/\/elouedshop.com\/index.php?rest_route=\/wp\/v2\/media\/3480"}],"wp:attachment":[{"href":"https:\/\/elouedshop.com\/index.php?rest_route=%2Fwp%2Fv2%2Fmedia&parent=7398"}],"wp:term":[{"taxonomy":"product_brand","embeddable":true,"href":"https:\/\/elouedshop.com\/index.php?rest_route=%2Fwp%2Fv2%2Fproduct_brand&post=7398"},{"taxonomy":"product_cat","embeddable":true,"href":"https:\/\/elouedshop.com\/index.php?rest_route=%2Fwp%2Fv2%2Fproduct_cat&post=7398"},{"taxonomy":"product_tag","embeddable":true,"href":"https:\/\/elouedshop.com\/index.php?rest_route=%2Fwp%2Fv2%2Fproduct_tag&post=7398"}],"curies":[{"name":"wp","href":"https:\/\/api.w.org\/{rel}","templated":true}]}}