{"id":7395,"date":"2024-01-06T21:05:58","date_gmt":"2024-01-06T21:05:58","guid":{"rendered":"https:\/\/elouedshop.com\/?post_type=product&#038;p=7395"},"modified":"2024-01-06T21:06:11","modified_gmt":"2024-01-06T21:06:11","slug":"ps-retour-a-le-sens-ciel","status":"publish","type":"product","link":"https:\/\/elouedshop.com\/?product=ps-retour-a-le-sens-ciel","title":{"rendered":"PS : Retour \u00e0 l&rsquo;E-Sens-Ciel"},"content":{"rendered":"<p>Myriam LAKHDAR-BOUNAMCHA, conseill\u00e8re conjugale, sp\u00e9cialis\u00e9e en coaching de vie, a \u00e9crit pour nous ce percutant ouvrage de d\u00e9veloppement personnel et spirituel. Elle y rappelle les fondamentaux ou essentiels d&rsquo;une vie pleine de sens avant \u00ab\u00a0le retour \u00e0 l&rsquo;E-Sens-Ciel\u00a0\u00bb.<\/p>\n<p>Elle s&rsquo;est fix\u00e9e pour but de nous transmettre, modestement mais v\u00e9ritablement, les cl\u00e9s atemporelles de la Sagesse, de la discipline personnelle et de l&rsquo;\u00e9dification spirituelle, d\u00e9laiss\u00e9es depuis de trop nombreuses ann\u00e9es.<\/p>\n<p>Sans attendre, l\u2019auteur saisit et subjugue nos c\u0153urs et nos raisons \u00e0 travers une histoire contemporaine, captivante et \u00e9mouvante\u2026 En effet, d\u00e8s les premi\u00e8res lignes de ce roman initiatique, nous p\u00e9n\u00e9trons dans la roue de la vie\u2026 dans ce tabernacle de lumi\u00e8res, ce voyage int\u00e9rieur tourbillonnant qui nous fait plonger, au plus profond de nous-m\u00eames, nous fait partir de ce que nous sommes pour devenir, enfin, l\u2019id\u00e9al de ce que nous pouvons \u00caTRE\u2026 Voici donc le th\u00e8me de cette exp\u00e9dition initiatique !<\/p>\n<p>Avant sa publication, le contenu de cet ouvrage a \u00e9t\u00e9 exp\u00e9riment\u00e9 sur un public d\u2019une trentaine de personnes autour de rencontres, \u00e9chelonn\u00e9es sur six mois, qui ont invit\u00e9 les participants \u00e0 une qu\u00eate personnelle et spirituelle au travers de l\u2019\u00e9tude des chapitres de ce livre. Vous trouverez leur t\u00e9moignage \u00e0 la fin de l&rsquo;ouvrage. Pour la quasi-totalit\u00e9 d&rsquo;entres elles, ce livre \u00e0 ouvert de nouvelles perspectives dans leur vie. Pourquoi pas pour vous ?<\/p>\n","protected":false},"excerpt":{"rendered":"<p>Myriam LAKHDAR-BOUNAMCHA, conseill\u00e8re conjugale, sp\u00e9cialis\u00e9e en coaching de vie, a \u00e9crit pour nous ce percutant ouvrage de d\u00e9veloppement personnel et spirituel. Elle y rappelle les fondamentaux ou essentiels d&rsquo;une vie pleine de sens avant \u00ab\u00a0le retour \u00e0 l&rsquo;E-Sens-Ciel\u00a0\u00bb. Elle s&rsquo;est fix\u00e9e pour but de nous transmettre, modestement mais v\u00e9ritablement, les cl\u00e9s atemporelles de la Sagesse,&hellip;<\/p>\n","protected":false},"featured_media":2464,"template":"","meta":[],"product_brand":[],"product_cat":[21,46],"product_tag":[],"class_list":{"0":"post-7395","1":"product","2":"type-product","3":"status-publish","4":"has-post-thumbnail","6":"product_cat-livre","7":"product_cat-mariage-couple","8":"description-off","10":"first","11":"instock","12":"shipping-taxable","13":"purchasable","14":"product-type-simple"},"jetpack_sharing_enabled":true,"_links":{"self":[{"href":"https:\/\/elouedshop.com\/index.php?rest_route=\/wp\/v2\/product\/7395","targetHints":{"allow":["GET"]}}],"collection":[{"href":"https:\/\/elouedshop.com\/index.php?rest_route=\/wp\/v2\/product"}],"about":[{"href":"https:\/\/elouedshop.com\/index.php?rest_route=\/wp\/v2\/types\/product"}],"wp:featuredmedia":[{"embeddable":true,"href":"https:\/\/elouedshop.com\/index.php?rest_route=\/wp\/v2\/media\/2464"}],"wp:attachment":[{"href":"https:\/\/elouedshop.com\/index.php?rest_route=%2Fwp%2Fv2%2Fmedia&parent=7395"}],"wp:term":[{"taxonomy":"product_brand","embeddable":true,"href":"https:\/\/elouedshop.com\/index.php?rest_route=%2Fwp%2Fv2%2Fproduct_brand&post=7395"},{"taxonomy":"product_cat","embeddable":true,"href":"https:\/\/elouedshop.com\/index.php?rest_route=%2Fwp%2Fv2%2Fproduct_cat&post=7395"},{"taxonomy":"product_tag","embeddable":true,"href":"https:\/\/elouedshop.com\/index.php?rest_route=%2Fwp%2Fv2%2Fproduct_tag&post=7395"}],"curies":[{"name":"wp","href":"https:\/\/api.w.org\/{rel}","templated":true}]}}