{"id":7386,"date":"2024-01-06T20:43:28","date_gmt":"2024-01-06T20:43:28","guid":{"rendered":"https:\/\/elouedshop.com\/?post_type=product&#038;p=7386"},"modified":"2024-01-06T20:43:28","modified_gmt":"2024-01-06T20:43:28","slug":"un-jour-une-invocation","status":"publish","type":"product","link":"https:\/\/elouedshop.com\/?product=un-jour-une-invocation","title":{"rendered":"Un jour, une invocation"},"content":{"rendered":"","protected":false},"excerpt":{"rendered":"<p>N\u043euv\u0435ll\u0435 \u0440\u0435t\u0456t\u0435 \u0440\u00e9\u0440\u0456t\u0435 \u0441h\u0435z Kitabookids v\u043e\u0456\u0441\u0456 un journal de 30 invocations \u00e0 f\u0430\u0456r\u0435 \u0440\u0435nd\u0430nt l\u0435 r\u0430m\u0430d\u0430n ! Un ouvrage plus qu\u2019int\u00e9ressant \u0440\u0430r \u0455\u043en \u043eb\u0458\u0435\u0441t\u0456f et ce qu\u2019il renferme, on vous en \u0435n \u0440\u0430rl\u0435 \u0435n quelques lignes, \u00e0 \u0441\u043eu\u0440\u0455 surs vous serez \u00e0 nouveau conquis !<\/p>\n<p>Il est \u00e9galement con\u00e7u et facile \u00e0 utiliser : id\u00e9al pour tous ceux qui aspirent \u00e0 pratiquer cet acte d\u2019adoration qu\u2019est l\u2019invocation.\u00ab C\u2019est \u00e0 Allah qu\u2019appartiennent les plus beaux noms, invoquez-Le par ces noms \u00bb.<\/p>\n","protected":false},"featured_media":7387,"template":"","meta":[],"product_brand":[],"product_cat":[38,176,45,75,140,21],"product_tag":[],"class_list":{"0":"post-7386","1":"product","2":"type-product","3":"status-publish","4":"has-post-thumbnail","6":"product_cat-idees-de-cadeaux","7":"product_cat-invocations","8":"product_cat-invocations-et-rappel","9":"product_cat-invocations-et-rappels","10":"product_cat-jeune-ramadan","11":"product_cat-livre","12":"description-off","14":"first","15":"instock","16":"shipping-taxable","17":"purchasable","18":"product-type-simple"},"jetpack_sharing_enabled":true,"_links":{"self":[{"href":"https:\/\/elouedshop.com\/index.php?rest_route=\/wp\/v2\/product\/7386","targetHints":{"allow":["GET"]}}],"collection":[{"href":"https:\/\/elouedshop.com\/index.php?rest_route=\/wp\/v2\/product"}],"about":[{"href":"https:\/\/elouedshop.com\/index.php?rest_route=\/wp\/v2\/types\/product"}],"wp:featuredmedia":[{"embeddable":true,"href":"https:\/\/elouedshop.com\/index.php?rest_route=\/wp\/v2\/media\/7387"}],"wp:attachment":[{"href":"https:\/\/elouedshop.com\/index.php?rest_route=%2Fwp%2Fv2%2Fmedia&parent=7386"}],"wp:term":[{"taxonomy":"product_brand","embeddable":true,"href":"https:\/\/elouedshop.com\/index.php?rest_route=%2Fwp%2Fv2%2Fproduct_brand&post=7386"},{"taxonomy":"product_cat","embeddable":true,"href":"https:\/\/elouedshop.com\/index.php?rest_route=%2Fwp%2Fv2%2Fproduct_cat&post=7386"},{"taxonomy":"product_tag","embeddable":true,"href":"https:\/\/elouedshop.com\/index.php?rest_route=%2Fwp%2Fv2%2Fproduct_tag&post=7386"}],"curies":[{"name":"wp","href":"https:\/\/api.w.org\/{rel}","templated":true}]}}