{"id":7180,"date":"2023-12-31T21:32:45","date_gmt":"2023-12-31T21:32:45","guid":{"rendered":"https:\/\/elouedshop.com\/?post_type=product&#038;p=7180"},"modified":"2023-12-31T21:32:46","modified_gmt":"2023-12-31T21:32:46","slug":"la-confiance-absolue-en-allah-at-tawakkul","status":"publish","type":"product","link":"https:\/\/elouedshop.com\/?product=la-confiance-absolue-en-allah-at-tawakkul","title":{"rendered":"La Confiance absolue en Allah (AT-TAWAKKUL)"},"content":{"rendered":"","protected":false},"excerpt":{"rendered":"<p>C&rsquo;est une \u00e9vidence pour tous de nos jours, la communaut\u00e9 musulmane vit une crise de la spiritualit\u00e9. On est pass\u00e9 \u00e0 c\u00f4t\u00e9 de l&rsquo;essentiel pour se focaliser sur ce qui l&rsquo;est moins. Beaucoup ont \u00e9chou\u00e9 dans leur cheminement, soit par l&rsquo;exag\u00e9ration, soit par le laxisme. Mais notre v\u00e9ritable \u00e9chec est de ne pas nous en rendre compte qu&rsquo;au-del\u00e0 de toutes nos pr\u00e9occupations, il nous incombe d&rsquo;obtenir l&rsquo;amour et l&rsquo;agr\u00e9ment d&rsquo;Allah. La v\u00e9ritable pratique est celle du c\u0153ur qui induit alors celle des membres : la spiritualit\u00e9.<\/p>\n","protected":false},"featured_media":7181,"template":"","meta":[],"product_brand":[],"product_cat":[151,21,79],"product_tag":[],"class_list":{"0":"post-7180","1":"product","2":"type-product","3":"status-publish","4":"has-post-thumbnail","6":"product_cat-education-spiritualite","7":"product_cat-livre","8":"product_cat-spiritualite","9":"description-off","11":"first","12":"instock","13":"shipping-taxable","14":"purchasable","15":"product-type-simple"},"jetpack_sharing_enabled":true,"_links":{"self":[{"href":"https:\/\/elouedshop.com\/index.php?rest_route=\/wp\/v2\/product\/7180","targetHints":{"allow":["GET"]}}],"collection":[{"href":"https:\/\/elouedshop.com\/index.php?rest_route=\/wp\/v2\/product"}],"about":[{"href":"https:\/\/elouedshop.com\/index.php?rest_route=\/wp\/v2\/types\/product"}],"wp:featuredmedia":[{"embeddable":true,"href":"https:\/\/elouedshop.com\/index.php?rest_route=\/wp\/v2\/media\/7181"}],"wp:attachment":[{"href":"https:\/\/elouedshop.com\/index.php?rest_route=%2Fwp%2Fv2%2Fmedia&parent=7180"}],"wp:term":[{"taxonomy":"product_brand","embeddable":true,"href":"https:\/\/elouedshop.com\/index.php?rest_route=%2Fwp%2Fv2%2Fproduct_brand&post=7180"},{"taxonomy":"product_cat","embeddable":true,"href":"https:\/\/elouedshop.com\/index.php?rest_route=%2Fwp%2Fv2%2Fproduct_cat&post=7180"},{"taxonomy":"product_tag","embeddable":true,"href":"https:\/\/elouedshop.com\/index.php?rest_route=%2Fwp%2Fv2%2Fproduct_tag&post=7180"}],"curies":[{"name":"wp","href":"https:\/\/api.w.org\/{rel}","templated":true}]}}