{"id":7176,"date":"2023-12-31T20:16:09","date_gmt":"2023-12-31T20:16:09","guid":{"rendered":"https:\/\/elouedshop.com\/?post_type=product&#038;p=7176"},"modified":"2023-12-31T20:16:09","modified_gmt":"2023-12-31T20:16:09","slug":"interdits-negliges-par-les-gens","status":"publish","type":"product","link":"https:\/\/elouedshop.com\/?product=interdits-negliges-par-les-gens","title":{"rendered":"Interdits n\u00e9glig\u00e9s par les gens"},"content":{"rendered":"<p>Dans cette \u00e9p\u00eetre, l&rsquo;honorable lecteur trouvera plusieurs pratiques illicites dont l&rsquo;interdiction est av\u00e9r\u00e9e dans la Loi islamique, accompagn\u00e9es des preuves puis\u00e9es dans le Coran et la Sunna. Il s&rsquo;agit d&rsquo;interdits dont la pratique s&rsquo;est propag\u00e9e parmi beaucoup de musulmans. Et j&rsquo;ai voulu en les mentionnant conseiller et pr\u00e9senter une explication claire.<\/p>\n","protected":false},"excerpt":{"rendered":"<p>Dans cette \u00e9p\u00eetre, l&rsquo;honorable lecteur trouvera plusieurs pratiques illicites dont l&rsquo;interdiction est av\u00e9r\u00e9e dans la Loi islamique, accompagn\u00e9es des preuves puis\u00e9es dans le Coran et la Sunna. Il s&rsquo;agit d&rsquo;interdits dont la pratique s&rsquo;est propag\u00e9e parmi beaucoup de musulmans. Et j&rsquo;ai voulu en les mentionnant conseiller et pr\u00e9senter une explication claire.<\/p>\n","protected":false},"featured_media":7177,"template":"","meta":[],"product_brand":[],"product_cat":[147,21],"product_tag":[],"class_list":{"0":"post-7176","1":"product","2":"type-product","3":"status-publish","4":"has-post-thumbnail","6":"product_cat-jurisprudence","7":"product_cat-livre","8":"description-off","10":"first","11":"instock","12":"shipping-taxable","13":"purchasable","14":"product-type-simple"},"jetpack_sharing_enabled":true,"_links":{"self":[{"href":"https:\/\/elouedshop.com\/index.php?rest_route=\/wp\/v2\/product\/7176","targetHints":{"allow":["GET"]}}],"collection":[{"href":"https:\/\/elouedshop.com\/index.php?rest_route=\/wp\/v2\/product"}],"about":[{"href":"https:\/\/elouedshop.com\/index.php?rest_route=\/wp\/v2\/types\/product"}],"wp:featuredmedia":[{"embeddable":true,"href":"https:\/\/elouedshop.com\/index.php?rest_route=\/wp\/v2\/media\/7177"}],"wp:attachment":[{"href":"https:\/\/elouedshop.com\/index.php?rest_route=%2Fwp%2Fv2%2Fmedia&parent=7176"}],"wp:term":[{"taxonomy":"product_brand","embeddable":true,"href":"https:\/\/elouedshop.com\/index.php?rest_route=%2Fwp%2Fv2%2Fproduct_brand&post=7176"},{"taxonomy":"product_cat","embeddable":true,"href":"https:\/\/elouedshop.com\/index.php?rest_route=%2Fwp%2Fv2%2Fproduct_cat&post=7176"},{"taxonomy":"product_tag","embeddable":true,"href":"https:\/\/elouedshop.com\/index.php?rest_route=%2Fwp%2Fv2%2Fproduct_tag&post=7176"}],"curies":[{"name":"wp","href":"https:\/\/api.w.org\/{rel}","templated":true}]}}