{"id":7160,"date":"2023-12-31T18:35:59","date_gmt":"2023-12-31T18:35:59","guid":{"rendered":"https:\/\/elouedshop.com\/?post_type=product&#038;p=7160"},"modified":"2023-12-31T18:41:34","modified_gmt":"2023-12-31T18:41:34","slug":"les-substances-illicites-et-impures-dr-nazih-hammad","status":"publish","type":"product","link":"https:\/\/elouedshop.com\/?product=les-substances-illicites-et-impures-dr-nazih-hammad","title":{"rendered":"Les substances illicites et impures &#8211; Dr Naz\u00eeh Hamm\u00e2d"},"content":{"rendered":"","protected":false},"excerpt":{"rendered":"<p>Le probl\u00e8me des substances illicites et impures dans les aliments et les m\u00e9dicaments ainsi que les diverses questions d&rsquo;ordre jurisprudentiel qui en d\u00e9coulent pr\u00e9occupent les Musulmans \u00e0 travers le monde.<\/p>\n<p>En effet, alcool, g\u00e9latine, graisse animale, cholest\u00e9rol, pepsine, l\u00e9cithine, additifs alimentaires et autres substances font d\u00e9sormais partie int\u00e9grante de notre vie quotidienne. Nombreux sont les aliments et m\u00e9dicaments qui en contiennent une certaine dose.<\/p>\n","protected":false},"featured_media":5656,"template":"","meta":[],"product_brand":[],"product_cat":[147,21,61],"product_tag":[],"class_list":{"0":"post-7160","1":"product","2":"type-product","3":"status-publish","4":"has-post-thumbnail","6":"product_cat-jurisprudence","7":"product_cat-livre","8":"product_cat-sante-et-dietetique","9":"description-off","11":"first","12":"instock","13":"shipping-taxable","14":"purchasable","15":"product-type-simple"},"jetpack_sharing_enabled":true,"_links":{"self":[{"href":"https:\/\/elouedshop.com\/index.php?rest_route=\/wp\/v2\/product\/7160","targetHints":{"allow":["GET"]}}],"collection":[{"href":"https:\/\/elouedshop.com\/index.php?rest_route=\/wp\/v2\/product"}],"about":[{"href":"https:\/\/elouedshop.com\/index.php?rest_route=\/wp\/v2\/types\/product"}],"wp:featuredmedia":[{"embeddable":true,"href":"https:\/\/elouedshop.com\/index.php?rest_route=\/wp\/v2\/media\/5656"}],"wp:attachment":[{"href":"https:\/\/elouedshop.com\/index.php?rest_route=%2Fwp%2Fv2%2Fmedia&parent=7160"}],"wp:term":[{"taxonomy":"product_brand","embeddable":true,"href":"https:\/\/elouedshop.com\/index.php?rest_route=%2Fwp%2Fv2%2Fproduct_brand&post=7160"},{"taxonomy":"product_cat","embeddable":true,"href":"https:\/\/elouedshop.com\/index.php?rest_route=%2Fwp%2Fv2%2Fproduct_cat&post=7160"},{"taxonomy":"product_tag","embeddable":true,"href":"https:\/\/elouedshop.com\/index.php?rest_route=%2Fwp%2Fv2%2Fproduct_tag&post=7160"}],"curies":[{"name":"wp","href":"https:\/\/api.w.org\/{rel}","templated":true}]}}