{"id":7159,"date":"2023-12-31T18:35:49","date_gmt":"2023-12-31T18:35:49","guid":{"rendered":"https:\/\/elouedshop.com\/?post_type=product&#038;p=7159"},"modified":"2023-12-31T18:41:05","modified_gmt":"2023-12-31T18:41:05","slug":"les-signes-de-lheure-shaykh-al-fawzan","status":"publish","type":"product","link":"https:\/\/elouedshop.com\/?product=les-signes-de-lheure-shaykh-al-fawzan","title":{"rendered":"Les Signes de l&rsquo;Heure &#8211; Shaykh Al-Fawz\u00e2n"},"content":{"rendered":"","protected":false},"excerpt":{"rendered":"<p>Comme le Jour Dernier est pr\u00e9c\u00e9d\u00e9 par des signes annon\u00e7ant l&rsquo;approche de sa venue, nomm\u00e9s \u00ab\u00a0signes de l&rsquo;Heure\u00a0\u00bb, il convient d&rsquo;en mentionner les plus importants, puisque la croyance aux signes de l&rsquo;Heure est obligatoire et fait partie du c\u0153ur de la croyance. L&rsquo;affaire de l&rsquo;Heure est tr\u00e8s importante, c&rsquo;est pour cela que l&rsquo;attestation qui lui a \u00e9t\u00e9 accord\u00e9e est plus importante que celle qui fut accord\u00e9e \u00e0 d&rsquo;autre sujets&#8230;<\/p>\n","protected":false},"featured_media":5672,"template":"","meta":[],"product_brand":[],"product_cat":[80,21],"product_tag":[],"class_list":{"0":"post-7159","1":"product","2":"type-product","3":"status-publish","4":"has-post-thumbnail","6":"product_cat-dogme","7":"product_cat-livre","8":"description-off","10":"first","11":"instock","12":"shipping-taxable","13":"purchasable","14":"product-type-simple"},"jetpack_sharing_enabled":true,"_links":{"self":[{"href":"https:\/\/elouedshop.com\/index.php?rest_route=\/wp\/v2\/product\/7159","targetHints":{"allow":["GET"]}}],"collection":[{"href":"https:\/\/elouedshop.com\/index.php?rest_route=\/wp\/v2\/product"}],"about":[{"href":"https:\/\/elouedshop.com\/index.php?rest_route=\/wp\/v2\/types\/product"}],"wp:featuredmedia":[{"embeddable":true,"href":"https:\/\/elouedshop.com\/index.php?rest_route=\/wp\/v2\/media\/5672"}],"wp:attachment":[{"href":"https:\/\/elouedshop.com\/index.php?rest_route=%2Fwp%2Fv2%2Fmedia&parent=7159"}],"wp:term":[{"taxonomy":"product_brand","embeddable":true,"href":"https:\/\/elouedshop.com\/index.php?rest_route=%2Fwp%2Fv2%2Fproduct_brand&post=7159"},{"taxonomy":"product_cat","embeddable":true,"href":"https:\/\/elouedshop.com\/index.php?rest_route=%2Fwp%2Fv2%2Fproduct_cat&post=7159"},{"taxonomy":"product_tag","embeddable":true,"href":"https:\/\/elouedshop.com\/index.php?rest_route=%2Fwp%2Fv2%2Fproduct_tag&post=7159"}],"curies":[{"name":"wp","href":"https:\/\/api.w.org\/{rel}","templated":true}]}}