{"id":7153,"date":"2023-12-31T18:32:33","date_gmt":"2023-12-31T18:32:33","guid":{"rendered":"https:\/\/elouedshop.com\/?post_type=product&#038;p=7153"},"modified":"2023-12-31T18:32:58","modified_gmt":"2023-12-31T18:32:58","slug":"larbre-de-la-foi","status":"publish","type":"product","link":"https:\/\/elouedshop.com\/?product=larbre-de-la-foi","title":{"rendered":"L&rsquo;arbre de la foi"},"content":{"rendered":"","protected":false},"excerpt":{"rendered":"<p>Ce livres \u00e9crit par le savant cheikh As-Sa&rsquo;d\u00ee se divise en trois parties :<\/p>\n<ul>\n<li>La d\u00e9finition de la foi.<\/li>\n<li>Ses notions essentiels et les causes d&rsquo;augmentation de la foi.<\/li>\n<li>Les m\u00e9rites et les fruits de la foi, avec tous ce qui en d\u00e9coule.<\/li>\n<\/ul>\n<p>Allah a compar\u00e9 la parole de foi qui est la meilleur des paroles au meilleur des arbres. Cet arbre est diff\u00e9rent dans le c\u0153ur de chaque croyant. C&rsquo;est pourquoi le serviteur doit s&#8217;empresser d&rsquo;en conna\u00eetre les noms, les caract\u00e9ristiques, les causes, les racines, et les branches. Il doit s\u2019efforcer de les mettre en pratique car le succ\u00e8s et la r\u00e9ussite qu&rsquo;il obtiendra en ce monde et dans l&rsquo;au del\u00e0 sera en fonction de ce qu&rsquo;il obtiendra de cet arbre.<\/p>\n<p>Les versets coraniques sont \u00e9galement cit\u00e9s en langue arabe.<\/p>\n","protected":false},"featured_media":3943,"template":"","meta":[],"product_brand":[],"product_cat":[159,80,153,21],"product_tag":[],"class_list":{"0":"post-7153","1":"product","2":"type-product","3":"status-publish","4":"has-post-thumbnail","6":"product_cat-credo-doctrine","7":"product_cat-dogme","8":"product_cat-foi-coeur","9":"product_cat-livre","10":"description-off","12":"first","13":"instock","14":"shipping-taxable","15":"purchasable","16":"product-type-simple"},"jetpack_sharing_enabled":true,"_links":{"self":[{"href":"https:\/\/elouedshop.com\/index.php?rest_route=\/wp\/v2\/product\/7153","targetHints":{"allow":["GET"]}}],"collection":[{"href":"https:\/\/elouedshop.com\/index.php?rest_route=\/wp\/v2\/product"}],"about":[{"href":"https:\/\/elouedshop.com\/index.php?rest_route=\/wp\/v2\/types\/product"}],"wp:featuredmedia":[{"embeddable":true,"href":"https:\/\/elouedshop.com\/index.php?rest_route=\/wp\/v2\/media\/3943"}],"wp:attachment":[{"href":"https:\/\/elouedshop.com\/index.php?rest_route=%2Fwp%2Fv2%2Fmedia&parent=7153"}],"wp:term":[{"taxonomy":"product_brand","embeddable":true,"href":"https:\/\/elouedshop.com\/index.php?rest_route=%2Fwp%2Fv2%2Fproduct_brand&post=7153"},{"taxonomy":"product_cat","embeddable":true,"href":"https:\/\/elouedshop.com\/index.php?rest_route=%2Fwp%2Fv2%2Fproduct_cat&post=7153"},{"taxonomy":"product_tag","embeddable":true,"href":"https:\/\/elouedshop.com\/index.php?rest_route=%2Fwp%2Fv2%2Fproduct_tag&post=7153"}],"curies":[{"name":"wp","href":"https:\/\/api.w.org\/{rel}","templated":true}]}}