{"id":7139,"date":"2023-12-31T18:22:27","date_gmt":"2023-12-31T18:22:27","guid":{"rendered":"https:\/\/elouedshop.com\/?post_type=product&#038;p=7139"},"modified":"2023-12-31T18:23:43","modified_gmt":"2023-12-31T18:23:43","slug":"que-la-douceur-impregne-ton-ame","status":"publish","type":"product","link":"https:\/\/elouedshop.com\/?product=que-la-douceur-impregne-ton-ame","title":{"rendered":"Que la douceur impregne ton \u00e2me"},"content":{"rendered":"","protected":false},"excerpt":{"rendered":"<p>\u00c0 toutes nos s\u0153urs, nous vous d\u00e9dions quelques mots tout en douceur. Nous te faisons part de nos conseils en esp\u00e9rant qu\u2019ils seront b\u00e9n\u00e9fiques \u00e0 ton c\u0153ur. Que cette lecture soit un apaisement pour le c\u0153ur et une douceur pour l\u2019\u00e2me.<\/p>\n","protected":false},"featured_media":5349,"template":"","meta":[],"product_brand":[],"product_cat":[25,21],"product_tag":[],"class_list":{"0":"post-7139","1":"product","2":"type-product","3":"status-publish","4":"has-post-thumbnail","6":"product_cat-femmes","7":"product_cat-livre","8":"description-off","10":"first","11":"instock","12":"shipping-taxable","13":"purchasable","14":"product-type-simple"},"jetpack_sharing_enabled":true,"_links":{"self":[{"href":"https:\/\/elouedshop.com\/index.php?rest_route=\/wp\/v2\/product\/7139","targetHints":{"allow":["GET"]}}],"collection":[{"href":"https:\/\/elouedshop.com\/index.php?rest_route=\/wp\/v2\/product"}],"about":[{"href":"https:\/\/elouedshop.com\/index.php?rest_route=\/wp\/v2\/types\/product"}],"wp:featuredmedia":[{"embeddable":true,"href":"https:\/\/elouedshop.com\/index.php?rest_route=\/wp\/v2\/media\/5349"}],"wp:attachment":[{"href":"https:\/\/elouedshop.com\/index.php?rest_route=%2Fwp%2Fv2%2Fmedia&parent=7139"}],"wp:term":[{"taxonomy":"product_brand","embeddable":true,"href":"https:\/\/elouedshop.com\/index.php?rest_route=%2Fwp%2Fv2%2Fproduct_brand&post=7139"},{"taxonomy":"product_cat","embeddable":true,"href":"https:\/\/elouedshop.com\/index.php?rest_route=%2Fwp%2Fv2%2Fproduct_cat&post=7139"},{"taxonomy":"product_tag","embeddable":true,"href":"https:\/\/elouedshop.com\/index.php?rest_route=%2Fwp%2Fv2%2Fproduct_tag&post=7139"}],"curies":[{"name":"wp","href":"https:\/\/api.w.org\/{rel}","templated":true}]}}