{"id":7120,"date":"2023-12-31T18:03:00","date_gmt":"2023-12-31T18:03:00","guid":{"rendered":"https:\/\/elouedshop.com\/?post_type=product&#038;p=7120"},"modified":"2023-12-31T18:03:19","modified_gmt":"2023-12-31T18:03:19","slug":"le-role-de-la-femme-dans-leducation-de-la-famille","status":"publish","type":"product","link":"https:\/\/elouedshop.com\/?product=le-role-de-la-femme-dans-leducation-de-la-famille","title":{"rendered":"Le r\u00f4le de la femme dans l\u2019\u00e9ducation de la famille"},"content":{"rendered":"","protected":false},"excerpt":{"rendered":"<p>Le R\u00f4le de la Femme dans l\u2019\u00c9ducation de la Famille, de Dr. S\u00e2lih Ibn Fawz\u00e2n Al-Fawz\u00e2n<\/p>\n<p>L\u2019Islam a clarifi\u00e9 le r\u00f4le de la famille et ses grandes cons\u00e9quences, car c\u2019est elle qui d\u00e9termine les trajectoires de la vie et la religion de la personne, il dit (saws) : \u00ab Chaque enfant na\u00eet sur la saine nature et ce sont ses parents qui en font un juif, chr\u00e9tien ou zoroastrien. \u00bb<\/p>\n<p>Toutes les l\u00e9gislations de l\u2019Islam sont venues pour organiser la famille et la prot\u00e9ger de la dissolution. Parmi celles-ci : les r\u00e8gles du mariage, du divorce, des p\u00e9riodes de viduit\u00e9, les droits des p\u00e8res et des m\u00e8res et autres. Tout cela montre le statut pr\u00e9f\u00e9rentiel que l\u2019Islam a donn\u00e9 \u00e0 la famille, car elle l\u00e0 o\u00f9 sont \u00e9lev\u00e9es les g\u00e9n\u00e9rations. L\u2019avenir de la communaut\u00e9 d\u00e9pend de la situation de la famille. Et certes la femme est la pierre angulaire de la famille ; comme il est dit : \u00ab Derri\u00e8re chaque \u00e9minence se trouve qui l\u2018\u00e9leva dans son giron. \u00bb<\/p>\n","protected":false},"featured_media":3740,"template":"","meta":[],"product_brand":[],"product_cat":[25,21],"product_tag":[],"class_list":{"0":"post-7120","1":"product","2":"type-product","3":"status-publish","4":"has-post-thumbnail","6":"product_cat-femmes","7":"product_cat-livre","8":"description-off","10":"first","11":"instock","12":"shipping-taxable","13":"purchasable","14":"product-type-simple"},"jetpack_sharing_enabled":true,"_links":{"self":[{"href":"https:\/\/elouedshop.com\/index.php?rest_route=\/wp\/v2\/product\/7120","targetHints":{"allow":["GET"]}}],"collection":[{"href":"https:\/\/elouedshop.com\/index.php?rest_route=\/wp\/v2\/product"}],"about":[{"href":"https:\/\/elouedshop.com\/index.php?rest_route=\/wp\/v2\/types\/product"}],"wp:featuredmedia":[{"embeddable":true,"href":"https:\/\/elouedshop.com\/index.php?rest_route=\/wp\/v2\/media\/3740"}],"wp:attachment":[{"href":"https:\/\/elouedshop.com\/index.php?rest_route=%2Fwp%2Fv2%2Fmedia&parent=7120"}],"wp:term":[{"taxonomy":"product_brand","embeddable":true,"href":"https:\/\/elouedshop.com\/index.php?rest_route=%2Fwp%2Fv2%2Fproduct_brand&post=7120"},{"taxonomy":"product_cat","embeddable":true,"href":"https:\/\/elouedshop.com\/index.php?rest_route=%2Fwp%2Fv2%2Fproduct_cat&post=7120"},{"taxonomy":"product_tag","embeddable":true,"href":"https:\/\/elouedshop.com\/index.php?rest_route=%2Fwp%2Fv2%2Fproduct_tag&post=7120"}],"curies":[{"name":"wp","href":"https:\/\/api.w.org\/{rel}","templated":true}]}}