{"id":7119,"date":"2023-12-31T18:00:41","date_gmt":"2023-12-31T18:00:41","guid":{"rendered":"https:\/\/elouedshop.com\/?post_type=product&#038;p=7119"},"modified":"2023-12-31T18:00:55","modified_gmt":"2023-12-31T18:00:55","slug":"comment-acquerir-un-bon-comportement","status":"publish","type":"product","link":"https:\/\/elouedshop.com\/?product=comment-acquerir-un-bon-comportement","title":{"rendered":"Comment acqu\u00e9rir un bon comportement ?"},"content":{"rendered":"","protected":false},"excerpt":{"rendered":"<p>Le \u00ab\u00a0bon comportement\u00a0\u00bb consiste \u00e0 \u00eatre g\u00e9n\u00e9reux,de dompter ses mauvais penchants et de supporter le tort commis par autrui. Cela consiste \u00e9galement \u00e0 d\u00e9laisser les vices et \u00e0 adopter les valeurs conformes \u00e0 l&rsquo;Islam.<\/p>\n<p>Le \u00ab\u00a0bon comportement\u00a0\u00bb permet de renouer les liens avec ceux qui les ont rompus, de donner \u00e0 ceux qui nous ont priv\u00e9 et \u00e0 absoudre ceux qui nous ont trait\u00e9 injustement.Cette attitude g\u00e9n\u00e8re de nombreux bienfaits car c&rsquo;est une ob\u00e9issance \u00e0 l&rsquo;ordre d&rsquo;Allah et de son messager .La vie s&rsquo;en trouve facilit\u00e9e, les d\u00e9fauts cach\u00e9s et les c\u0153urs des gens acquis. Par son biais,on \u00e9chappe \u00e0 la malveillance d&rsquo;autrui ,nous acquittant ainsi des droits de chacun, qu&rsquo;ils soient obligatoires ou recommand\u00e9s.<\/p>\n","protected":false},"featured_media":3476,"template":"","meta":[],"product_brand":[],"product_cat":[151,44,21],"product_tag":[],"class_list":{"0":"post-7119","1":"product","2":"type-product","3":"status-publish","4":"has-post-thumbnail","6":"product_cat-education-spiritualite","7":"product_cat-ethique-education","8":"product_cat-livre","9":"description-off","11":"first","12":"instock","13":"shipping-taxable","14":"purchasable","15":"product-type-simple"},"jetpack_sharing_enabled":true,"_links":{"self":[{"href":"https:\/\/elouedshop.com\/index.php?rest_route=\/wp\/v2\/product\/7119","targetHints":{"allow":["GET"]}}],"collection":[{"href":"https:\/\/elouedshop.com\/index.php?rest_route=\/wp\/v2\/product"}],"about":[{"href":"https:\/\/elouedshop.com\/index.php?rest_route=\/wp\/v2\/types\/product"}],"wp:featuredmedia":[{"embeddable":true,"href":"https:\/\/elouedshop.com\/index.php?rest_route=\/wp\/v2\/media\/3476"}],"wp:attachment":[{"href":"https:\/\/elouedshop.com\/index.php?rest_route=%2Fwp%2Fv2%2Fmedia&parent=7119"}],"wp:term":[{"taxonomy":"product_brand","embeddable":true,"href":"https:\/\/elouedshop.com\/index.php?rest_route=%2Fwp%2Fv2%2Fproduct_brand&post=7119"},{"taxonomy":"product_cat","embeddable":true,"href":"https:\/\/elouedshop.com\/index.php?rest_route=%2Fwp%2Fv2%2Fproduct_cat&post=7119"},{"taxonomy":"product_tag","embeddable":true,"href":"https:\/\/elouedshop.com\/index.php?rest_route=%2Fwp%2Fv2%2Fproduct_tag&post=7119"}],"curies":[{"name":"wp","href":"https:\/\/api.w.org\/{rel}","templated":true}]}}