{"id":7107,"date":"2023-12-30T19:39:16","date_gmt":"2023-12-30T19:39:16","guid":{"rendered":"https:\/\/elouedshop.com\/?post_type=product&#038;p=7107"},"modified":"2023-12-30T19:39:39","modified_gmt":"2023-12-30T19:39:39","slug":"fatwas-destinees-aux-nouveaux-musulmans","status":"publish","type":"product","link":"https:\/\/elouedshop.com\/?product=fatwas-destinees-aux-nouveaux-musulmans","title":{"rendered":"Fatwas destin\u00e9es aux nouveaux musulmans"},"content":{"rendered":"","protected":false},"excerpt":{"rendered":"<p>\u00c9mises par les savants : Mohammed Ibn Ibr\u00e2h\u00eem Al-Cheikh, Abdurrahm\u00e2n Ibn N\u00e2sir As-Sa\u2018d\u00ee, Abdul\u2018az\u00eez Ibn Abdull\u00e2h Ibn B\u00e2z, Mohammed Ibn S\u00e2lih Al-\u2018Utheym\u00een, Abdull\u00e2h Ibn Abdirrahm\u00e2n Al-Jibr\u00een, Saleh Ibn Fawz\u00e2n Al-Fawz\u00e2n, Le Comit\u00e9 Permanent de l\u2019ifta<\/p>\n<p>Pour ceux qui viennent de rentrer dans l\u2019islam, nous leur pr\u00e9sentons ce livre, sous le titre de : \u00ab Fatwas destin\u00e9es aux nouveaux musulmans \u00bb. Il vous aidera \u00e0 r\u00e9pondre \u00e0 quelques unes de vos questions pour vos premiers pas\u2026<\/p>\n","protected":false},"featured_media":4318,"template":"","meta":[],"product_brand":[],"product_cat":[47,21],"product_tag":[],"class_list":{"0":"post-7107","1":"product","2":"type-product","3":"status-publish","4":"has-post-thumbnail","6":"product_cat-comprendre-lislam","7":"product_cat-livre","8":"description-off","10":"first","11":"instock","12":"shipping-taxable","13":"purchasable","14":"product-type-simple"},"jetpack_sharing_enabled":true,"_links":{"self":[{"href":"https:\/\/elouedshop.com\/index.php?rest_route=\/wp\/v2\/product\/7107","targetHints":{"allow":["GET"]}}],"collection":[{"href":"https:\/\/elouedshop.com\/index.php?rest_route=\/wp\/v2\/product"}],"about":[{"href":"https:\/\/elouedshop.com\/index.php?rest_route=\/wp\/v2\/types\/product"}],"wp:featuredmedia":[{"embeddable":true,"href":"https:\/\/elouedshop.com\/index.php?rest_route=\/wp\/v2\/media\/4318"}],"wp:attachment":[{"href":"https:\/\/elouedshop.com\/index.php?rest_route=%2Fwp%2Fv2%2Fmedia&parent=7107"}],"wp:term":[{"taxonomy":"product_brand","embeddable":true,"href":"https:\/\/elouedshop.com\/index.php?rest_route=%2Fwp%2Fv2%2Fproduct_brand&post=7107"},{"taxonomy":"product_cat","embeddable":true,"href":"https:\/\/elouedshop.com\/index.php?rest_route=%2Fwp%2Fv2%2Fproduct_cat&post=7107"},{"taxonomy":"product_tag","embeddable":true,"href":"https:\/\/elouedshop.com\/index.php?rest_route=%2Fwp%2Fv2%2Fproduct_tag&post=7107"}],"curies":[{"name":"wp","href":"https:\/\/api.w.org\/{rel}","templated":true}]}}