{"id":7105,"date":"2023-12-30T19:38:20","date_gmt":"2023-12-30T19:38:20","guid":{"rendered":"https:\/\/elouedshop.com\/?post_type=product&#038;p=7105"},"modified":"2023-12-30T19:38:31","modified_gmt":"2023-12-30T19:38:31","slug":"le-mensonge-aspects-et-remedes","status":"publish","type":"product","link":"https:\/\/elouedshop.com\/?product=le-mensonge-aspects-et-remedes","title":{"rendered":"Le mensonge &#8211; Aspects et rem\u00e8des"},"content":{"rendered":"","protected":false},"excerpt":{"rendered":"<p>Le sujet dont nous traitons est un acte honteux et d\u00e9testable, qui, malheureusement, se r\u00e9pand et se propage chez beaucoup de personnes.<\/p>\n<p>Le mensonge est largement pr\u00e9sent.<\/p>\n<p>Et peu de personnes en sont pr\u00e9serv\u00e9es.<\/p>\n<p>Il y&rsquo;a ceux qui n&rsquo;en usent que rarement,d&rsquo;autres qui y recourent abondamment,rares sont ceux qui s&rsquo;en d\u00e9font et \u00e0 qui Allah (exalt\u00e9 soit-Il)leur a fait mis\u00e9ricorde.<\/p>\n<p>Ce trait de caract\u00e8re est le&#8230; mensonge.<\/p>\n","protected":false},"featured_media":4167,"template":"","meta":[],"product_brand":[],"product_cat":[151,44,21],"product_tag":[],"class_list":{"0":"post-7105","1":"product","2":"type-product","3":"status-publish","4":"has-post-thumbnail","6":"product_cat-education-spiritualite","7":"product_cat-ethique-education","8":"product_cat-livre","9":"description-off","11":"first","12":"instock","13":"shipping-taxable","14":"purchasable","15":"product-type-simple"},"jetpack_sharing_enabled":true,"_links":{"self":[{"href":"https:\/\/elouedshop.com\/index.php?rest_route=\/wp\/v2\/product\/7105","targetHints":{"allow":["GET"]}}],"collection":[{"href":"https:\/\/elouedshop.com\/index.php?rest_route=\/wp\/v2\/product"}],"about":[{"href":"https:\/\/elouedshop.com\/index.php?rest_route=\/wp\/v2\/types\/product"}],"wp:featuredmedia":[{"embeddable":true,"href":"https:\/\/elouedshop.com\/index.php?rest_route=\/wp\/v2\/media\/4167"}],"wp:attachment":[{"href":"https:\/\/elouedshop.com\/index.php?rest_route=%2Fwp%2Fv2%2Fmedia&parent=7105"}],"wp:term":[{"taxonomy":"product_brand","embeddable":true,"href":"https:\/\/elouedshop.com\/index.php?rest_route=%2Fwp%2Fv2%2Fproduct_brand&post=7105"},{"taxonomy":"product_cat","embeddable":true,"href":"https:\/\/elouedshop.com\/index.php?rest_route=%2Fwp%2Fv2%2Fproduct_cat&post=7105"},{"taxonomy":"product_tag","embeddable":true,"href":"https:\/\/elouedshop.com\/index.php?rest_route=%2Fwp%2Fv2%2Fproduct_tag&post=7105"}],"curies":[{"name":"wp","href":"https:\/\/api.w.org\/{rel}","templated":true}]}}