{"id":7104,"date":"2023-12-30T19:36:15","date_gmt":"2023-12-30T19:36:15","guid":{"rendered":"https:\/\/elouedshop.com\/?post_type=product&#038;p=7104"},"modified":"2023-12-30T19:37:02","modified_gmt":"2023-12-30T19:37:02","slug":"labandon-de-la-priere-musulman-ou-mecreant-2","status":"publish","type":"product","link":"https:\/\/elouedshop.com\/?product=labandon-de-la-priere-musulman-ou-mecreant-2","title":{"rendered":"L&rsquo;abandon de la pri\u00e8re (Musulman ou m\u00e9cr\u00e9ant)"},"content":{"rendered":"","protected":false},"excerpt":{"rendered":"<p>Parmi les sujets les plus sensibles, aux cons\u00e9quences les plus graves, le statut de qui abandonne la pri\u00e8re. De tout temps, les savants ont diverg\u00e9 \u00e0 ce sujet.<\/p>\n<p>Aujourd&rsquo;hui encore certains exposent leurs avis en argumentant, et l&rsquo;\u00e9rudit Al-Alban\u00ee est de ceux-l\u00e0.<\/p>\n<p>Ses talents de contradicteur rayonnent \u00e0 travers ces lignes et malgr\u00e9 les accusations de ses opposants, il ressort de cette lecture de v\u00e9ritables bienfaits comme le dit son \u00e9lev\u00e9 :<\/p>\n<p>\u00ab\u00a0&#8211; Premi\u00e8rement : beaucoup de ceux qui avaient abandonn\u00e9 la pri\u00e8re, qu&rsquo;il s&rsquo;agisse de personnes \u00e9gar\u00e9es et perdues, ou de pervers effront\u00e9s, sont revenus sur le chemin de la v\u00e9rit\u00e9 et la voie droite.<\/p>\n<p>&#8211; Deuxi\u00e8mement : cet ouvrage a permis de d\u00e9tailler avec pr\u00e9cision la probl\u00e9matique de l&rsquo;abandon de la pri\u00e8re &#8211; est-ce consid\u00e9r\u00e9 comme de l&rsquo;apostasie ? &#8211; de fa\u00e7on \u00e0 ce que la conclusion corresponde \u00e0 la position du juste milieu, sans faire preuve d&rsquo;extr\u00e9misme ni de laxisme, conform\u00e9ment au dogme \u00e9minent des Ahl As-Sunnah&#8230;\u00a0\u00bb<\/p>\n","protected":false},"featured_media":3766,"template":"","meta":[],"product_brand":[],"product_cat":[21,48],"product_tag":[],"class_list":{"0":"post-7104","1":"product","2":"type-product","3":"status-publish","4":"has-post-thumbnail","6":"product_cat-livre","7":"product_cat-pratique-religieuse","8":"description-off","10":"first","11":"instock","12":"shipping-taxable","13":"purchasable","14":"product-type-simple"},"jetpack_sharing_enabled":true,"_links":{"self":[{"href":"https:\/\/elouedshop.com\/index.php?rest_route=\/wp\/v2\/product\/7104","targetHints":{"allow":["GET"]}}],"collection":[{"href":"https:\/\/elouedshop.com\/index.php?rest_route=\/wp\/v2\/product"}],"about":[{"href":"https:\/\/elouedshop.com\/index.php?rest_route=\/wp\/v2\/types\/product"}],"wp:featuredmedia":[{"embeddable":true,"href":"https:\/\/elouedshop.com\/index.php?rest_route=\/wp\/v2\/media\/3766"}],"wp:attachment":[{"href":"https:\/\/elouedshop.com\/index.php?rest_route=%2Fwp%2Fv2%2Fmedia&parent=7104"}],"wp:term":[{"taxonomy":"product_brand","embeddable":true,"href":"https:\/\/elouedshop.com\/index.php?rest_route=%2Fwp%2Fv2%2Fproduct_brand&post=7104"},{"taxonomy":"product_cat","embeddable":true,"href":"https:\/\/elouedshop.com\/index.php?rest_route=%2Fwp%2Fv2%2Fproduct_cat&post=7104"},{"taxonomy":"product_tag","embeddable":true,"href":"https:\/\/elouedshop.com\/index.php?rest_route=%2Fwp%2Fv2%2Fproduct_tag&post=7104"}],"curies":[{"name":"wp","href":"https:\/\/api.w.org\/{rel}","templated":true}]}}