{"id":7100,"date":"2023-12-30T19:36:06","date_gmt":"2023-12-30T19:36:06","guid":{"rendered":"https:\/\/elouedshop.com\/?post_type=product&#038;p=7100"},"modified":"2023-12-30T19:36:38","modified_gmt":"2023-12-30T19:36:38","slug":"comprendre-lattestation-de-foi-la-ilah-illa-allah","status":"publish","type":"product","link":"https:\/\/elouedshop.com\/?product=comprendre-lattestation-de-foi-la-ilah-illa-allah","title":{"rendered":"Comprendre l&rsquo;attestation de foi \u00ab\u00a0L\u00e2 il\u00e2h ill\u00e2 Allah\u00a0\u00bb"},"content":{"rendered":"","protected":false},"excerpt":{"rendered":"<p>L&rsquo;expression l\u00e2 il\u00e2h ill\u00e2 Allah est extraordinaire. Elle est facile \u00e0 prononcer, mais elle est immense car elle renferme en r\u00e9alit\u00e9 tout l&rsquo;islam. Ce n&rsquo;est pas de simples mots qui n&rsquo;auraient aucun sens ni aucune exigence. Cette expression repose sur des piliers et des conditions qu&rsquo;il incombe de connaitre. Si ce n&rsquo;\u00e9tait que de simples mots, il suffirait \u00e0 n&rsquo;importe de les prononcer pour devenir musulman,m\u00eame s&rsquo;il ne ferait aucune bonne action. Facile \u00e0 prononcer, elle est n\u00e9anmoins extraordinaire; elle a une signification, des exigences, des piliers, des conditions qu&rsquo;il faut remplir.<\/p>\n<p>Cette expression a plusieurs surnoms, dont : la parole de l&rsquo;Ikhl\u00e2s, car elle infirme l&rsquo;association et \u00e9tablie l&rsquo;adoration d&rsquo;Allah (AWJ); d&rsquo;o\u00f9 son nom \u00ab\u00a0kalimat el ikhl\u00e2s\u00a0\u00bb : la sinc\u00e9rit\u00e9 du culte dans le domaine de l&rsquo;unicit\u00e9 (Tawh\u00eed) et de l&rsquo;adoration, tout en refusant d&rsquo;associer quoi que ce soit au Tout-Puissant. Elle se nomme \u00e9galement la parole de la pi\u00e9t\u00e9 (taqw\u00e2).<\/p>\n","protected":false},"featured_media":3895,"template":"","meta":[],"product_brand":[],"product_cat":[159,80,21,163],"product_tag":[],"class_list":{"0":"post-7100","1":"product","2":"type-product","3":"status-publish","4":"has-post-thumbnail","6":"product_cat-credo-doctrine","7":"product_cat-dogme","8":"product_cat-livre","9":"product_cat-monotheisme-tawhid","10":"description-off","12":"first","13":"instock","14":"shipping-taxable","15":"purchasable","16":"product-type-simple"},"jetpack_sharing_enabled":true,"_links":{"self":[{"href":"https:\/\/elouedshop.com\/index.php?rest_route=\/wp\/v2\/product\/7100","targetHints":{"allow":["GET"]}}],"collection":[{"href":"https:\/\/elouedshop.com\/index.php?rest_route=\/wp\/v2\/product"}],"about":[{"href":"https:\/\/elouedshop.com\/index.php?rest_route=\/wp\/v2\/types\/product"}],"wp:featuredmedia":[{"embeddable":true,"href":"https:\/\/elouedshop.com\/index.php?rest_route=\/wp\/v2\/media\/3895"}],"wp:attachment":[{"href":"https:\/\/elouedshop.com\/index.php?rest_route=%2Fwp%2Fv2%2Fmedia&parent=7100"}],"wp:term":[{"taxonomy":"product_brand","embeddable":true,"href":"https:\/\/elouedshop.com\/index.php?rest_route=%2Fwp%2Fv2%2Fproduct_brand&post=7100"},{"taxonomy":"product_cat","embeddable":true,"href":"https:\/\/elouedshop.com\/index.php?rest_route=%2Fwp%2Fv2%2Fproduct_cat&post=7100"},{"taxonomy":"product_tag","embeddable":true,"href":"https:\/\/elouedshop.com\/index.php?rest_route=%2Fwp%2Fv2%2Fproduct_tag&post=7100"}],"curies":[{"name":"wp","href":"https:\/\/api.w.org\/{rel}","templated":true}]}}