{"id":7096,"date":"2023-12-30T19:34:53","date_gmt":"2023-12-30T19:34:53","guid":{"rendered":"https:\/\/elouedshop.com\/?post_type=product&#038;p=7096"},"modified":"2023-12-30T19:35:04","modified_gmt":"2023-12-30T19:35:04","slug":"le-mahdi-attendu-el-mehdi-al-muntadhar","status":"publish","type":"product","link":"https:\/\/elouedshop.com\/?product=le-mahdi-attendu-el-mehdi-al-muntadhar","title":{"rendered":"Le Mahdi Attendu (El-Mehd\u00ee Al-Muntadhar)"},"content":{"rendered":"","protected":false},"excerpt":{"rendered":"<p>Parmi les \u00e9v\u00e9nements futurs qui se d\u00e9rouleront vers la fin des temps, quand &lsquo;\u00cess\u00e2 ibn Maryam (Jesus fils de Marie) descendra du ciel.Arrivera alors un homme descendant de la famille du Proph\u00e8te (PSL), dont le nom sera le m\u00eame et dont le p\u00e8re a le m\u00eame nom que le p\u00e8re du proph\u00e8te et on l&rsquo;appellera \u00ab\u00a0le bien guid\u00e9\u00a0\u00bb (\u00ab\u00a0Al mahdi\u00a0\u00bb). Il dirigera les musulmans et &lsquo;\u00cess\u00e2 ibn Maryam priera derri\u00e8re lui.<\/p>\n","protected":false},"featured_media":3959,"template":"","meta":[],"product_brand":[],"product_cat":[159,80,21,67,165],"product_tag":[],"class_list":{"0":"post-7096","1":"product","2":"type-product","3":"status-publish","4":"has-post-thumbnail","6":"product_cat-credo-doctrine","7":"product_cat-dogme","8":"product_cat-livre","9":"product_cat-recits-coranique","10":"product_cat-signes-fin-du-monde","11":"description-off","13":"first","14":"instock","15":"shipping-taxable","16":"purchasable","17":"product-type-simple"},"jetpack_sharing_enabled":true,"_links":{"self":[{"href":"https:\/\/elouedshop.com\/index.php?rest_route=\/wp\/v2\/product\/7096","targetHints":{"allow":["GET"]}}],"collection":[{"href":"https:\/\/elouedshop.com\/index.php?rest_route=\/wp\/v2\/product"}],"about":[{"href":"https:\/\/elouedshop.com\/index.php?rest_route=\/wp\/v2\/types\/product"}],"wp:featuredmedia":[{"embeddable":true,"href":"https:\/\/elouedshop.com\/index.php?rest_route=\/wp\/v2\/media\/3959"}],"wp:attachment":[{"href":"https:\/\/elouedshop.com\/index.php?rest_route=%2Fwp%2Fv2%2Fmedia&parent=7096"}],"wp:term":[{"taxonomy":"product_brand","embeddable":true,"href":"https:\/\/elouedshop.com\/index.php?rest_route=%2Fwp%2Fv2%2Fproduct_brand&post=7096"},{"taxonomy":"product_cat","embeddable":true,"href":"https:\/\/elouedshop.com\/index.php?rest_route=%2Fwp%2Fv2%2Fproduct_cat&post=7096"},{"taxonomy":"product_tag","embeddable":true,"href":"https:\/\/elouedshop.com\/index.php?rest_route=%2Fwp%2Fv2%2Fproduct_tag&post=7096"}],"curies":[{"name":"wp","href":"https:\/\/api.w.org\/{rel}","templated":true}]}}