{"id":7093,"date":"2023-12-30T19:30:39","date_gmt":"2023-12-30T19:30:39","guid":{"rendered":"https:\/\/elouedshop.com\/?post_type=product&#038;p=7093"},"modified":"2023-12-30T19:30:50","modified_gmt":"2023-12-30T19:30:50","slug":"la-bible-et-le-coran-ressemblances-et-divergences","status":"publish","type":"product","link":"https:\/\/elouedshop.com\/?product=la-bible-et-le-coran-ressemblances-et-divergences","title":{"rendered":"La Bible et le Coran : Ressemblances et divergences"},"content":{"rendered":"<p>La religion ne doit pas \u00eatre un sujet tabou ( ce qu&rsquo;elle est, quasi implicitement en France du fait d&rsquo;une histoire particuli\u00e8re), au contraire,aborder ce sujets en respectant la libert\u00e9, en \u00e9tant \u00e0 l\u2019\u00e9coute et ouvert d\u2019esprit, nous permet d\u2019apprendre \u00e0 nous conna\u00eetre et \u00e0 appr\u00e9cier \u00e0 la fois nos diff\u00e9rences et les valeurs communes qui nous lient les uns aux autres. Le dialogue inter-religieux doit mettre l\u2019accent sur la n\u00e9cessit\u00e9 de promouvoir la connaissance r\u00e9ciproque entre les religions, pour lutter contre les ignorances ou les pr\u00e9jug\u00e9s et parvenir ainsi \u00e0 un respect mutuel d\u2019une part, et \u00e0 la recherche de la v\u00e9rit\u00e9 d\u2019autre part.<\/p>\n<p>Le but de cette \u00e9tude comparative de la Bible et du Coran est d\u2019inciter chacun de nous \u00e0 lire et \u00e0 \u00e9tudier les \u00c9critures saintes pour se faire sa propre opinion, et ne pas se contenter des pr\u00e9jug\u00e9s. Deux types d\u2019individus ne s\u2019int\u00e9ressent pas \u00e0 ce genre de recherche : l\u2019indiff\u00e9rent qui pr\u00e9f\u00e8re l\u2019ignorance au savoir, et le fanatique obtus et aveugle qui pr\u00e9f\u00e8re rester dans sa bulle.<\/p>\n<p>Celui ou celle qui arrive \u00e0 reconna\u00eetre la v\u00e9ritable voie de Dieu savourera les bienfaits de ce monde : foi, tranquillit\u00e9, bonheur et paix int\u00e9rieure ; et dans l\u2019autre monde : le Paradis \u00e9ternel. Celui ou celle qui s\u2019\u00e9loigne par ingratitude vis-\u00e0-vis de son Cr\u00e9ateur se fait du tort \u00e0 lui-m\u00eame, sera perdant dans ce monde et le regret dans l\u2019au-del\u00e0 ne lui servira \u00e0 rien.<\/p>\n","protected":false},"excerpt":{"rendered":"<p>La religion ne doit pas \u00eatre un sujet tabou ( ce qu&rsquo;elle est, quasi implicitement en France du fait d&rsquo;une histoire particuli\u00e8re), au contraire,aborder ce sujets en respectant la libert\u00e9, en \u00e9tant \u00e0 l\u2019\u00e9coute et ouvert d\u2019esprit, nous permet d\u2019apprendre \u00e0 nous conna\u00eetre et \u00e0 appr\u00e9cier \u00e0 la fois nos diff\u00e9rences et les valeurs communes&hellip;<\/p>\n","protected":false},"featured_media":2322,"template":"","meta":[],"product_brand":[],"product_cat":[141,21,209],"product_tag":[],"class_list":{"0":"post-7093","1":"product","2":"type-product","3":"status-publish","4":"has-post-thumbnail","6":"product_cat-islam-occident","7":"product_cat-livre","8":"product_cat-religions-du-livre","9":"description-off","11":"first","12":"instock","13":"shipping-taxable","14":"purchasable","15":"product-type-simple"},"jetpack_sharing_enabled":true,"_links":{"self":[{"href":"https:\/\/elouedshop.com\/index.php?rest_route=\/wp\/v2\/product\/7093","targetHints":{"allow":["GET"]}}],"collection":[{"href":"https:\/\/elouedshop.com\/index.php?rest_route=\/wp\/v2\/product"}],"about":[{"href":"https:\/\/elouedshop.com\/index.php?rest_route=\/wp\/v2\/types\/product"}],"wp:featuredmedia":[{"embeddable":true,"href":"https:\/\/elouedshop.com\/index.php?rest_route=\/wp\/v2\/media\/2322"}],"wp:attachment":[{"href":"https:\/\/elouedshop.com\/index.php?rest_route=%2Fwp%2Fv2%2Fmedia&parent=7093"}],"wp:term":[{"taxonomy":"product_brand","embeddable":true,"href":"https:\/\/elouedshop.com\/index.php?rest_route=%2Fwp%2Fv2%2Fproduct_brand&post=7093"},{"taxonomy":"product_cat","embeddable":true,"href":"https:\/\/elouedshop.com\/index.php?rest_route=%2Fwp%2Fv2%2Fproduct_cat&post=7093"},{"taxonomy":"product_tag","embeddable":true,"href":"https:\/\/elouedshop.com\/index.php?rest_route=%2Fwp%2Fv2%2Fproduct_tag&post=7093"}],"curies":[{"name":"wp","href":"https:\/\/api.w.org\/{rel}","templated":true}]}}