{"id":7090,"date":"2023-12-30T19:26:46","date_gmt":"2023-12-30T19:26:46","guid":{"rendered":"https:\/\/elouedshop.com\/?post_type=product&#038;p=7090"},"modified":"2025-01-06T15:39:55","modified_gmt":"2025-01-06T15:39:55","slug":"lauthentique-des-histoires-des-prophetes-de-ibn-kathir","status":"publish","type":"product","link":"https:\/\/elouedshop.com\/?product=lauthentique-des-histoires-des-prophetes-de-ibn-kathir","title":{"rendered":"L&rsquo;authentique des Histoires des Proph\u00e8tes (de Ibn Kath\u00eer)"},"content":{"rendered":"<p>Grand format 17&#215;24 cm.<\/p>\n<p>L&rsquo;authentique des Histoires des Proph\u00e8tes, de Ibn Kath\u00eer, \u00c9dition originale traduite sous la supervision des \u00e9ditions \u00ab\u00a0Dar Al-Muslim\u00a0\u00bb avec\u00a0<strong>Introduction in\u00e9dite sur la croyance du musulman concernant les proph\u00e8tes &#8211; R\u00e9f\u00e9rencement des hadiths selon les jugements de cheikh Al-Alb\u00e2n\u00ee.<\/strong><\/p>\n<p>Titre Original en Arabe : \u0642\u0635\u0635 \u0627\u0644\u0623\u0646\u0628\u064a\u0627\u0621<\/p>\n<p>L\u2019ouvrage \u00ab Les histoires des proph\u00e8tes \u00bb d\u2019Ibn Kathir est extrait de l\u2019encyclop\u00e9die intitul\u00e9e albidaaya wa an nihaaya qui comme son nom l\u2019indique retrace l\u2019histoire de la cr\u00e9ation de son d\u00e9but \u00e0 la fin des temps. Ses sources authentiques et sa rigueur scientifique en font l\u2019ouvrage de r\u00e9f\u00e9rence incontest\u00e9 au sein de la communaut\u00e9 musulmane.<\/p>\n<p>Pour r\u00e9pondre au besoin du lectorat francophone, nous avons retir\u00e9 les hadith faibles, les r\u00e9cits infond\u00e9s,r\u00e9p\u00e9t\u00e9s et autres d\u00e9tails relatifs aux cha\u00eenes de transmission et ce, en nous basant sur les jugements de cheikh Nasserdine Al-Alb\u00e2n\u00ee. Nous vous proposons une introduction in\u00e9dite expliquant la croyance des adeptes de la sunna tir\u00e9e de la &lsquo;aq\u00eeda at-<u>T<\/u>a<u>h<\/u>\u00e2wiyya avec les commentaires de l\u2019imam ibn abi al-&lsquo;Izz al\u00a0<u>H<\/u>anaf\u00ee et du cheikh\u00a0<u>S<\/u>\u00e2lih \u00e2l ach-Cheikh.<\/p>\n","protected":false},"excerpt":{"rendered":"<p>Grand format 17&#215;24 cm. L&rsquo;authentique des Histoires des Proph\u00e8tes, de Ibn Kath\u00eer, \u00c9dition originale traduite sous la supervision des \u00e9ditions \u00ab\u00a0Dar Al-Muslim\u00a0\u00bb avec\u00a0Introduction in\u00e9dite sur la croyance du musulman concernant les proph\u00e8tes &#8211; R\u00e9f\u00e9rencement des hadiths selon les jugements de cheikh Al-Alb\u00e2n\u00ee. Titre Original en Arabe : \u0642\u0635\u0635 \u0627\u0644\u0623\u0646\u0628\u064a\u0627\u0621 L\u2019ouvrage \u00ab Les histoires des proph\u00e8tes&hellip;<\/p>\n","protected":false},"featured_media":1783,"template":"","meta":[],"product_brand":[],"product_cat":[68,21,67],"product_tag":[],"class_list":{"0":"post-7090","1":"product","2":"type-product","3":"status-publish","4":"has-post-thumbnail","6":"product_cat-histoires-prophetes","7":"product_cat-livre","8":"product_cat-recits-coranique","9":"description-off","11":"first","12":"instock","13":"shipping-taxable","14":"purchasable","15":"product-type-simple"},"jetpack_sharing_enabled":true,"_links":{"self":[{"href":"https:\/\/elouedshop.com\/index.php?rest_route=\/wp\/v2\/product\/7090","targetHints":{"allow":["GET"]}}],"collection":[{"href":"https:\/\/elouedshop.com\/index.php?rest_route=\/wp\/v2\/product"}],"about":[{"href":"https:\/\/elouedshop.com\/index.php?rest_route=\/wp\/v2\/types\/product"}],"wp:featuredmedia":[{"embeddable":true,"href":"https:\/\/elouedshop.com\/index.php?rest_route=\/wp\/v2\/media\/1783"}],"wp:attachment":[{"href":"https:\/\/elouedshop.com\/index.php?rest_route=%2Fwp%2Fv2%2Fmedia&parent=7090"}],"wp:term":[{"taxonomy":"product_brand","embeddable":true,"href":"https:\/\/elouedshop.com\/index.php?rest_route=%2Fwp%2Fv2%2Fproduct_brand&post=7090"},{"taxonomy":"product_cat","embeddable":true,"href":"https:\/\/elouedshop.com\/index.php?rest_route=%2Fwp%2Fv2%2Fproduct_cat&post=7090"},{"taxonomy":"product_tag","embeddable":true,"href":"https:\/\/elouedshop.com\/index.php?rest_route=%2Fwp%2Fv2%2Fproduct_tag&post=7090"}],"curies":[{"name":"wp","href":"https:\/\/api.w.org\/{rel}","templated":true}]}}