{"id":7081,"date":"2023-12-30T19:16:20","date_gmt":"2023-12-30T19:16:20","guid":{"rendered":"https:\/\/elouedshop.com\/?post_type=product&#038;p=7081"},"modified":"2023-12-30T19:17:58","modified_gmt":"2023-12-30T19:17:58","slug":"la-mort-et-la-vie-dans-la-tombe","status":"publish","type":"product","link":"https:\/\/elouedshop.com\/?product=la-mort-et-la-vie-dans-la-tombe","title":{"rendered":"La mort et la vie dans la tombe"},"content":{"rendered":"<p>Le livre que vous avez entre les mains est extrait d\u2019un ouvrage de r\u00e9f\u00e9rence de L\u2019im\u00e2m Al-Qurtub\u00ee qui est \u201cAt-Tadhkira f\u00ee ahw\u00e2l al-mawt\u00e2 wa-um\u00fbr al-\u00e2khira\u201d (traitant de la mort, de la tombe, du Jour Dernier, du Paradis, de l\u2019Enfer, des signes de la fin des temps et de tout ce qui concerne l&rsquo;au-del\u00e0).<\/p>\n<p>Cette ouvrage met la lumi\u00e8re la mort et la vie dans la tombe tels que d\u00e9crits par Dieu dans le Coran et par son proph\u00e8te (saw) dans la Sunna authentique. Un tr\u00e8s grand nombre de d\u00e9tails qu\u2019on ne retrouve pas dans les autres ouvrages permet de fa\u00e7on plus exhaustive d&rsquo;appr\u00e9hender ce sujet &#8230;<\/p>\n<p>Les versets coraniques et hadiths traduits en fran\u00e7ais, sont \u00e9galement cit\u00e9s en langue arabe vocalis\u00e9e.<\/p>\n<p>A propos de l\u2019auteur :<\/p>\n<p>L\u2019im\u00e2m Al-Qurtub\u00ee est le savant le plus connu de l&rsquo;histoire de Cordoue (Qurtuba) lors de la p\u00e9riode de l&rsquo;Andalousie musulmane.<\/p>\n<p>Al-Qurtub\u00ee laissa des ouvrages incontournables. Son Ex\u00e9g\u00e8se du Coran (tafs\u00eer) intitul\u00e9 \u00ab\u00a0Al-J\u00e2mi\u2018 li-ahk\u00e2m al-Qur\u2019\u00e2n\u00a0\u00bb est son oeuvre principale,elle d\u00e9passe les livres de la m\u00eame sp\u00e9cialit\u00e9 et est donc une r\u00e9f\u00e9rence en la mati\u00e8re.<\/p>\n","protected":false},"excerpt":{"rendered":"<p>Le livre que vous avez entre les mains est extrait d\u2019un ouvrage de r\u00e9f\u00e9rence de L\u2019im\u00e2m Al-Qurtub\u00ee qui est \u201cAt-Tadhkira f\u00ee ahw\u00e2l al-mawt\u00e2 wa-um\u00fbr al-\u00e2khira\u201d (traitant de la mort, de la tombe, du Jour Dernier, du Paradis, de l\u2019Enfer, des signes de la fin des temps et de tout ce qui concerne l&rsquo;au-del\u00e0). Cette ouvrage&hellip;<\/p>\n","protected":false},"featured_media":992,"template":"","meta":[],"product_brand":[],"product_cat":[144,21,146],"product_tag":[],"class_list":{"0":"post-7081","1":"product","2":"type-product","3":"status-publish","4":"has-post-thumbnail","6":"product_cat-lau-dela","7":"product_cat-livre","8":"product_cat-paradis-enfer-mort","9":"description-off","11":"first","12":"instock","13":"shipping-taxable","14":"purchasable","15":"product-type-simple"},"jetpack_sharing_enabled":true,"_links":{"self":[{"href":"https:\/\/elouedshop.com\/index.php?rest_route=\/wp\/v2\/product\/7081","targetHints":{"allow":["GET"]}}],"collection":[{"href":"https:\/\/elouedshop.com\/index.php?rest_route=\/wp\/v2\/product"}],"about":[{"href":"https:\/\/elouedshop.com\/index.php?rest_route=\/wp\/v2\/types\/product"}],"wp:featuredmedia":[{"embeddable":true,"href":"https:\/\/elouedshop.com\/index.php?rest_route=\/wp\/v2\/media\/992"}],"wp:attachment":[{"href":"https:\/\/elouedshop.com\/index.php?rest_route=%2Fwp%2Fv2%2Fmedia&parent=7081"}],"wp:term":[{"taxonomy":"product_brand","embeddable":true,"href":"https:\/\/elouedshop.com\/index.php?rest_route=%2Fwp%2Fv2%2Fproduct_brand&post=7081"},{"taxonomy":"product_cat","embeddable":true,"href":"https:\/\/elouedshop.com\/index.php?rest_route=%2Fwp%2Fv2%2Fproduct_cat&post=7081"},{"taxonomy":"product_tag","embeddable":true,"href":"https:\/\/elouedshop.com\/index.php?rest_route=%2Fwp%2Fv2%2Fproduct_tag&post=7081"}],"curies":[{"name":"wp","href":"https:\/\/api.w.org\/{rel}","templated":true}]}}