{"id":7079,"date":"2023-12-30T19:15:58","date_gmt":"2023-12-30T19:15:58","guid":{"rendered":"https:\/\/elouedshop.com\/?post_type=product&#038;p=7079"},"modified":"2024-02-21T14:06:58","modified_gmt":"2024-02-21T14:06:58","slug":"la-biographie-de-muhammad-le-dernier-des-prophetes","status":"publish","type":"product","link":"https:\/\/elouedshop.com\/?product=la-biographie-de-muhammad-le-dernier-des-prophetes","title":{"rendered":"La Biographie de Muhammad le dernier des proph\u00e8tes"},"content":{"rendered":"<p>La biographie du Proph\u00e8te (sallall\u00e2hu &lsquo;alayhi wassallam) demeure l&rsquo;objet de toute l&rsquo;attention de la nation islamique de g\u00e9n\u00e9ration en g\u00e9n\u00e9ration et de si\u00e8cle en si\u00e8cle. Elle demeure \u00e9galement une source intarissable d&rsquo;enseignements dans de nombreux domaines allant de la croyance \u00e0 la l\u00e9gislation, en passant par les enseignements juridiques, m\u00e9thodologiques et \u00e9ducatifs. Les savants musulmans ont port\u00e9 un int\u00e9r\u00eat particulier \u00e0 cette biographie si singuli\u00e8re.<\/p>\n<p>\u00ab\u00a0Il n&rsquo;est pas convenable pour un musulman de ne pas accorder d&rsquo;importance \u00e0 la vie du Proph\u00e8te et plus g\u00e9n\u00e9ralement, \u00e0 l&rsquo;histoire de l&rsquo;Islam, qui sont pleines d&rsquo;int\u00e9r\u00eats et d&rsquo;enseignements fondamentaux que l&rsquo;on ne peut n\u00e9gliger&#8230;\u00a0\u00bb<\/p>\n","protected":false},"excerpt":{"rendered":"<p>La biographie du Proph\u00e8te (sallall\u00e2hu &lsquo;alayhi wassallam) demeure l&rsquo;objet de toute l&rsquo;attention de la nation islamique de g\u00e9n\u00e9ration en g\u00e9n\u00e9ration et de si\u00e8cle en si\u00e8cle. Elle demeure \u00e9galement une source intarissable d&rsquo;enseignements dans de nombreux domaines allant de la croyance \u00e0 la l\u00e9gislation, en passant par les enseignements juridiques, m\u00e9thodologiques et \u00e9ducatifs. Les savants musulmans&hellip;<\/p>\n","protected":false},"featured_media":1056,"template":"","meta":[],"product_brand":[],"product_cat":[65,53,21,70],"product_tag":[],"class_list":{"0":"post-7079","1":"product","2":"type-product","3":"status-publish","4":"has-post-thumbnail","6":"product_cat-biographies","7":"product_cat-la-vie-du-prophete","8":"product_cat-livre","9":"product_cat-vie-du-prophete-saw","10":"description-off","12":"first","13":"instock","14":"shipping-taxable","15":"purchasable","16":"product-type-simple"},"jetpack_sharing_enabled":true,"_links":{"self":[{"href":"https:\/\/elouedshop.com\/index.php?rest_route=\/wp\/v2\/product\/7079","targetHints":{"allow":["GET"]}}],"collection":[{"href":"https:\/\/elouedshop.com\/index.php?rest_route=\/wp\/v2\/product"}],"about":[{"href":"https:\/\/elouedshop.com\/index.php?rest_route=\/wp\/v2\/types\/product"}],"wp:featuredmedia":[{"embeddable":true,"href":"https:\/\/elouedshop.com\/index.php?rest_route=\/wp\/v2\/media\/1056"}],"wp:attachment":[{"href":"https:\/\/elouedshop.com\/index.php?rest_route=%2Fwp%2Fv2%2Fmedia&parent=7079"}],"wp:term":[{"taxonomy":"product_brand","embeddable":true,"href":"https:\/\/elouedshop.com\/index.php?rest_route=%2Fwp%2Fv2%2Fproduct_brand&post=7079"},{"taxonomy":"product_cat","embeddable":true,"href":"https:\/\/elouedshop.com\/index.php?rest_route=%2Fwp%2Fv2%2Fproduct_cat&post=7079"},{"taxonomy":"product_tag","embeddable":true,"href":"https:\/\/elouedshop.com\/index.php?rest_route=%2Fwp%2Fv2%2Fproduct_tag&post=7079"}],"curies":[{"name":"wp","href":"https:\/\/api.w.org\/{rel}","templated":true}]}}