{"id":7078,"date":"2023-12-30T19:15:46","date_gmt":"2023-12-30T19:15:46","guid":{"rendered":"https:\/\/elouedshop.com\/?post_type=product&#038;p=7078"},"modified":"2023-12-30T19:17:15","modified_gmt":"2023-12-30T19:17:15","slug":"20-conseils-a-ma-soeur-avant-son-mariage","status":"publish","type":"product","link":"https:\/\/elouedshop.com\/?product=20-conseils-a-ma-soeur-avant-son-mariage","title":{"rendered":"20 conseils \u00e0 ma soeur avant son mariage"},"content":{"rendered":"<p>La r\u00e9ussite de la vie exige d\u2019\u00eatre pleinement conscient de la nature des relations qui lient les deux conjoints. Chacun doit aborder cette nouvelle vie de pied ferme. En effet, lorsqu&rsquo;on m\u00e9dite sur l&rsquo;\u00e9chec d&rsquo;un mariage, on s\u2019aper\u00e7oit que la cause n&rsquo;est autre qu&rsquo;une conception erron\u00e9e des principes sens\u00e9s r\u00e9gir la vie conjugale et une m\u00e9connaissance des droits de chacun des conjoints Ceci est encore plus vrai \u00e0 notre \u00e9poque ou domine l&rsquo;ignorance de la morale islamique et des principes immuables de l&rsquo;\u00e9thique religieuse et ou on ne se contente que d&rsquo;apparences savantes et de dipl\u00f4mes pompeux&#8230;<\/p>\n<p>C&rsquo;est pourquoi il est essentiel que la femme musulmane prenne pleinement conscience de certaines r\u00e8gles de biens\u00e9ance et de certains principes moraux et qu&rsquo;elle profite des quelques conseils qui devront \u00eatre mis en pratique.<\/p>\n","protected":false},"excerpt":{"rendered":"<p>La r\u00e9ussite de la vie exige d\u2019\u00eatre pleinement conscient de la nature des relations qui lient les deux conjoints. Chacun doit aborder cette nouvelle vie de pied ferme. En effet, lorsqu&rsquo;on m\u00e9dite sur l&rsquo;\u00e9chec d&rsquo;un mariage, on s\u2019aper\u00e7oit que la cause n&rsquo;est autre qu&rsquo;une conception erron\u00e9e des principes sens\u00e9s r\u00e9gir la vie conjugale et une&hellip;<\/p>\n","protected":false},"featured_media":1060,"template":"","meta":[],"product_brand":[],"product_cat":[21,46,51],"product_tag":[],"class_list":{"0":"post-7078","1":"product","2":"type-product","3":"status-publish","4":"has-post-thumbnail","6":"product_cat-livre","7":"product_cat-mariage-couple","8":"product_cat-religion","9":"description-off","11":"first","12":"instock","13":"shipping-taxable","14":"purchasable","15":"product-type-simple"},"jetpack_sharing_enabled":true,"_links":{"self":[{"href":"https:\/\/elouedshop.com\/index.php?rest_route=\/wp\/v2\/product\/7078","targetHints":{"allow":["GET"]}}],"collection":[{"href":"https:\/\/elouedshop.com\/index.php?rest_route=\/wp\/v2\/product"}],"about":[{"href":"https:\/\/elouedshop.com\/index.php?rest_route=\/wp\/v2\/types\/product"}],"wp:featuredmedia":[{"embeddable":true,"href":"https:\/\/elouedshop.com\/index.php?rest_route=\/wp\/v2\/media\/1060"}],"wp:attachment":[{"href":"https:\/\/elouedshop.com\/index.php?rest_route=%2Fwp%2Fv2%2Fmedia&parent=7078"}],"wp:term":[{"taxonomy":"product_brand","embeddable":true,"href":"https:\/\/elouedshop.com\/index.php?rest_route=%2Fwp%2Fv2%2Fproduct_brand&post=7078"},{"taxonomy":"product_cat","embeddable":true,"href":"https:\/\/elouedshop.com\/index.php?rest_route=%2Fwp%2Fv2%2Fproduct_cat&post=7078"},{"taxonomy":"product_tag","embeddable":true,"href":"https:\/\/elouedshop.com\/index.php?rest_route=%2Fwp%2Fv2%2Fproduct_tag&post=7078"}],"curies":[{"name":"wp","href":"https:\/\/api.w.org\/{rel}","templated":true}]}}