{"id":6972,"date":"2023-12-28T21:05:22","date_gmt":"2023-12-28T21:05:22","guid":{"rendered":"https:\/\/elouedshop.com\/?post_type=product&#038;p=6972"},"modified":"2025-01-21T10:55:07","modified_gmt":"2025-01-21T10:55:07","slug":"le-paradis","status":"publish","type":"product","link":"https:\/\/elouedshop.com\/?product=le-paradis","title":{"rendered":"Le Paradis"},"content":{"rendered":"<p>L\u2019im\u00e2m Al-Qurtub\u00ee est le savant le plus connu de l&rsquo;histoire de Cordoue (Qurtuba) lors de la p\u00e9riode de l&rsquo;Andalousie musulmane.<\/p>\n<p>Al-Qurtub\u00ee laissa des ouvrages de tr\u00e8s haute qualit\u00e9. Son Ex\u00e9g\u00e8se du Coran (tafs\u00eer) intitul\u00e9 \u00ab\u00a0Al-J\u00e2mi\u2018 li-ahk\u00e2m al-Qur\u2019\u00e2n\u00a0\u00bb est son oeuvre principale couronnant et d\u00e9passant les livres de la m\u00eame sp\u00e9cialit\u00e9.<\/p>\n<p>Le livre que vous avez entre les mains est extrait d\u2019un autre ouvrage de r\u00e9f\u00e9rence de l\u2019im\u00e2m Al-Qurtub\u00ee qui est \u201cAt-Tadhkira f\u00ee ahw\u00e2l al-mawt\u00e2 wa-um\u00fbr al-\u00e2khira\u201d (traitant de la mort, de la tombe, du Jour Dernier, du Paradis, de l\u2019Enfer, des signes de la fin des temps et de tout ce qui concerne l&rsquo;au-del\u00e0).<\/p>\n<p>Le pr\u00e9sent livre vous apportera donc les r\u00e9ponses \u00e0 de nombreuses questions relatives au Paradis en s\u2019appuyant sur le Coran et la Sunna authentique. Les nombreux versets et hadiths traduits en fran\u00e7ais sont \u00e9galement cit\u00e9s en langue arabe vocalis\u00e9e, et ce, dans un but p\u00e9dagogique.<\/p>\n","protected":false},"excerpt":{"rendered":"<p>L\u2019im\u00e2m Al-Qurtub\u00ee est le savant le plus connu de l&rsquo;histoire de Cordoue (Qurtuba) lors de la p\u00e9riode de l&rsquo;Andalousie musulmane. Al-Qurtub\u00ee laissa des ouvrages de tr\u00e8s haute qualit\u00e9. Son Ex\u00e9g\u00e8se du Coran (tafs\u00eer) intitul\u00e9 \u00ab\u00a0Al-J\u00e2mi\u2018 li-ahk\u00e2m al-Qur\u2019\u00e2n\u00a0\u00bb est son oeuvre principale couronnant et d\u00e9passant les livres de la m\u00eame sp\u00e9cialit\u00e9. Le livre que vous avez&hellip;<\/p>\n","protected":false},"featured_media":850,"template":"","meta":[],"product_brand":[],"product_cat":[144,21,146],"product_tag":[],"class_list":{"0":"post-6972","1":"product","2":"type-product","3":"status-publish","4":"has-post-thumbnail","6":"product_cat-lau-dela","7":"product_cat-livre","8":"product_cat-paradis-enfer-mort","9":"description-off","11":"first","12":"instock","13":"featured","14":"shipping-taxable","15":"purchasable","16":"product-type-simple"},"jetpack_sharing_enabled":true,"_links":{"self":[{"href":"https:\/\/elouedshop.com\/index.php?rest_route=\/wp\/v2\/product\/6972","targetHints":{"allow":["GET"]}}],"collection":[{"href":"https:\/\/elouedshop.com\/index.php?rest_route=\/wp\/v2\/product"}],"about":[{"href":"https:\/\/elouedshop.com\/index.php?rest_route=\/wp\/v2\/types\/product"}],"wp:featuredmedia":[{"embeddable":true,"href":"https:\/\/elouedshop.com\/index.php?rest_route=\/wp\/v2\/media\/850"}],"wp:attachment":[{"href":"https:\/\/elouedshop.com\/index.php?rest_route=%2Fwp%2Fv2%2Fmedia&parent=6972"}],"wp:term":[{"taxonomy":"product_brand","embeddable":true,"href":"https:\/\/elouedshop.com\/index.php?rest_route=%2Fwp%2Fv2%2Fproduct_brand&post=6972"},{"taxonomy":"product_cat","embeddable":true,"href":"https:\/\/elouedshop.com\/index.php?rest_route=%2Fwp%2Fv2%2Fproduct_cat&post=6972"},{"taxonomy":"product_tag","embeddable":true,"href":"https:\/\/elouedshop.com\/index.php?rest_route=%2Fwp%2Fv2%2Fproduct_tag&post=6972"}],"curies":[{"name":"wp","href":"https:\/\/api.w.org\/{rel}","templated":true}]}}