{"id":6951,"date":"2023-12-28T20:24:41","date_gmt":"2023-12-28T20:24:41","guid":{"rendered":"https:\/\/elouedshop.com\/?post_type=product&#038;p=6951"},"modified":"2023-12-28T20:30:45","modified_gmt":"2023-12-28T20:30:45","slug":"comment-jai-decouvert-lislam","status":"publish","type":"product","link":"https:\/\/elouedshop.com\/?product=comment-jai-decouvert-lislam","title":{"rendered":"Comment j&rsquo;ai d\u00e9couvert l&rsquo;Islam ?"},"content":{"rendered":"<p>C&rsquo;est le r\u00e9cit d&rsquo;une qu\u00eate de la v\u00e9rit\u00e9 enfouie au plus profond de chacun&#8230; d&rsquo;un cheminement aboutissant inexorablement \u00e0 la d\u00e9couverte du secret de l&rsquo;existence.<\/p>\n<p>C&rsquo;est le t\u00e9moignage de foi d&rsquo;une femme qui, pouss\u00e9e par une volont\u00e9 hors du commun et une soif de connaissance, a trouv\u00e9 le bonheur et l&rsquo;apaisement.<\/p>\n<p>C&rsquo;est l&rsquo;histoire poignante d&rsquo;une exp\u00e9rience que partagent et continueront \u00e0 partager des milliers d&rsquo;hommes et des femmes \u00e0 travers le monde&#8230;<\/p>\n","protected":false},"excerpt":{"rendered":"<p>C&rsquo;est le r\u00e9cit d&rsquo;une qu\u00eate de la v\u00e9rit\u00e9 enfouie au plus profond de chacun&#8230; d&rsquo;un cheminement aboutissant inexorablement \u00e0 la d\u00e9couverte du secret de l&rsquo;existence. C&rsquo;est le t\u00e9moignage de foi d&rsquo;une femme qui, pouss\u00e9e par une volont\u00e9 hors du commun et une soif de connaissance, a trouv\u00e9 le bonheur et l&rsquo;apaisement. C&rsquo;est l&rsquo;histoire poignante d&rsquo;une&hellip;<\/p>\n","protected":false},"featured_media":3344,"template":"","meta":[],"product_brand":[],"product_cat":[47,21],"product_tag":[],"class_list":{"0":"post-6951","1":"product","2":"type-product","3":"status-publish","4":"has-post-thumbnail","6":"product_cat-comprendre-lislam","7":"product_cat-livre","8":"description-off","10":"first","11":"instock","12":"shipping-taxable","13":"purchasable","14":"product-type-simple"},"jetpack_sharing_enabled":true,"_links":{"self":[{"href":"https:\/\/elouedshop.com\/index.php?rest_route=\/wp\/v2\/product\/6951","targetHints":{"allow":["GET"]}}],"collection":[{"href":"https:\/\/elouedshop.com\/index.php?rest_route=\/wp\/v2\/product"}],"about":[{"href":"https:\/\/elouedshop.com\/index.php?rest_route=\/wp\/v2\/types\/product"}],"wp:featuredmedia":[{"embeddable":true,"href":"https:\/\/elouedshop.com\/index.php?rest_route=\/wp\/v2\/media\/3344"}],"wp:attachment":[{"href":"https:\/\/elouedshop.com\/index.php?rest_route=%2Fwp%2Fv2%2Fmedia&parent=6951"}],"wp:term":[{"taxonomy":"product_brand","embeddable":true,"href":"https:\/\/elouedshop.com\/index.php?rest_route=%2Fwp%2Fv2%2Fproduct_brand&post=6951"},{"taxonomy":"product_cat","embeddable":true,"href":"https:\/\/elouedshop.com\/index.php?rest_route=%2Fwp%2Fv2%2Fproduct_cat&post=6951"},{"taxonomy":"product_tag","embeddable":true,"href":"https:\/\/elouedshop.com\/index.php?rest_route=%2Fwp%2Fv2%2Fproduct_tag&post=6951"}],"curies":[{"name":"wp","href":"https:\/\/api.w.org\/{rel}","templated":true}]}}