{"id":6949,"date":"2023-12-28T20:24:15","date_gmt":"2023-12-28T20:24:15","guid":{"rendered":"https:\/\/elouedshop.com\/?post_type=product&#038;p=6949"},"modified":"2023-12-28T20:30:28","modified_gmt":"2023-12-28T20:30:28","slug":"les-bienfaits-de-lepreuve","status":"publish","type":"product","link":"https:\/\/elouedshop.com\/?product=les-bienfaits-de-lepreuve","title":{"rendered":"Les Bienfaits de L&rsquo;Epreuve"},"content":{"rendered":"<p>Les Bienfaits de L\u2019\u00c9preuve : Surmontez les \u00e9preuves de la vie en d\u00e9couvrant 28 bienfaits &amp; sagesses qu\u2019elles renferment.<\/p>\n<p>Ce livre traite de l\u2019\u00e9preuve, de ce qu\u2019elle contient comme bienfaits et de ce qu\u2019elle renferme comme sagesse.<\/p>\n<p>Nous avons d\u00e9duit qu\u2019il s\u2019agissait d\u2019un th\u00e8me tr\u00e8s important pour la communaut\u00e9 musulmane d\u2019aujourd\u2019hui, car de nombreuses questions sont r\u00e9guli\u00e8rement pos\u00e9es \u00e0 ce sujet.<\/p>\n<p>En effet, nombreux sont nos fr\u00e8res et soeurs touch\u00e9s par des \u00e9preuves et qui ne savent pas comment les vivre ni comment les comprendre.<\/p>\n<p>Pourquoi sommes-nous \u00e9prouv\u00e9s ? Est-ce parce que nous sommes aim\u00e9s d\u2019Allah ? Est-ce \u00e0 cause de nos p\u00e9ch\u00e9s ?<\/p>\n<p>Pour r\u00e9pondre \u00e0 toutes ces interrogations nous avons tent\u00e9 de traduire deux travaux produits par deux immenses savants qui abordent ce th\u00e8me.<\/p>\n<p>La premi\u00e8re partie de cet ouvrage met en avant les propos de l\u2019Imam Al-\u2018Izz ibn \u2018Abd Al-Salam issus son oeuvre : Al-Fitan wa al-Balaya wa al-Mihan wa al-Razaya.<\/p>\n<p>La seconde partie est quant \u00e0 elle tir\u00e9e du livre suivant : Ighathat al-Lahfan min Masa\u2019id al-Shaytan de l\u2019imam Ibn Al-Qayyim.<\/p>\n<p>Nous esp\u00e9rons de tout c\u0153ur que ce travail b\u00e9n\u00e9ficie \u00e0 ses lecteurs.<\/p>\n","protected":false},"excerpt":{"rendered":"<p>Les Bienfaits de L\u2019\u00c9preuve : Surmontez les \u00e9preuves de la vie en d\u00e9couvrant 28 bienfaits &amp; sagesses qu\u2019elles renferment. Ce livre traite de l\u2019\u00e9preuve, de ce qu\u2019elle contient comme bienfaits et de ce qu\u2019elle renferme comme sagesse. Nous avons d\u00e9duit qu\u2019il s\u2019agissait d\u2019un th\u00e8me tr\u00e8s important pour la communaut\u00e9 musulmane d\u2019aujourd\u2019hui, car de nombreuses questions&hellip;<\/p>\n","protected":false},"featured_media":3328,"template":"","meta":[],"product_brand":[],"product_cat":[151,21,79],"product_tag":[],"class_list":{"0":"post-6949","1":"product","2":"type-product","3":"status-publish","4":"has-post-thumbnail","6":"product_cat-education-spiritualite","7":"product_cat-livre","8":"product_cat-spiritualite","9":"description-off","11":"first","12":"instock","13":"shipping-taxable","14":"purchasable","15":"product-type-simple"},"jetpack_sharing_enabled":true,"_links":{"self":[{"href":"https:\/\/elouedshop.com\/index.php?rest_route=\/wp\/v2\/product\/6949","targetHints":{"allow":["GET"]}}],"collection":[{"href":"https:\/\/elouedshop.com\/index.php?rest_route=\/wp\/v2\/product"}],"about":[{"href":"https:\/\/elouedshop.com\/index.php?rest_route=\/wp\/v2\/types\/product"}],"wp:featuredmedia":[{"embeddable":true,"href":"https:\/\/elouedshop.com\/index.php?rest_route=\/wp\/v2\/media\/3328"}],"wp:attachment":[{"href":"https:\/\/elouedshop.com\/index.php?rest_route=%2Fwp%2Fv2%2Fmedia&parent=6949"}],"wp:term":[{"taxonomy":"product_brand","embeddable":true,"href":"https:\/\/elouedshop.com\/index.php?rest_route=%2Fwp%2Fv2%2Fproduct_brand&post=6949"},{"taxonomy":"product_cat","embeddable":true,"href":"https:\/\/elouedshop.com\/index.php?rest_route=%2Fwp%2Fv2%2Fproduct_cat&post=6949"},{"taxonomy":"product_tag","embeddable":true,"href":"https:\/\/elouedshop.com\/index.php?rest_route=%2Fwp%2Fv2%2Fproduct_tag&post=6949"}],"curies":[{"name":"wp","href":"https:\/\/api.w.org\/{rel}","templated":true}]}}