{"id":6948,"date":"2023-12-28T20:23:58","date_gmt":"2023-12-28T20:23:58","guid":{"rendered":"https:\/\/elouedshop.com\/?post_type=product&#038;p=6948"},"modified":"2024-03-15T21:47:57","modified_gmt":"2024-03-15T21:47:57","slug":"le-reveil-des-coeurs","status":"publish","type":"product","link":"https:\/\/elouedshop.com\/?product=le-reveil-des-coeurs","title":{"rendered":"Le R\u00e9veil des C\u0153urs"},"content":{"rendered":"<p>\u00ab J\u2019ai fini par me rendre compte que l\u2019espoir excessif, l\u2019absence de crainte d\u2019Allah et le fait de se bercer d\u2019illusions sont des maladies qui ont contamin\u00e9 le c\u0153ur des gens. Le traitement de ces maladies ne passe donc que par la m\u00e9decine de l\u2019intimidation et de la dissuasion.<\/p>\n<p>C\u2019est pour cette raison que j\u2019ai collect\u00e9, dans cet ouvrage, des r\u00e9cits terrifiants, des avertissements contre les p\u00e9ch\u00e9s, des narrations d\u00e9crivant les ch\u00e2timents et des histoires qui mettent le c\u0153ur dans un \u00e9tat inconfortable. Tout cela dans le but de rendre le confiant anxieux, d\u2019attendrir les c\u0153urs durs, de faire naitre des larmes dans les yeux secs, et de motiver le paresseux.<\/p>\n<p>Et c\u2019est aupr\u00e8s d\u2019Allah que repose le succ\u00e8s absolu. \u00bb<\/p>\n<p>Ibn Al-Jawzi<\/p>\n","protected":false},"excerpt":{"rendered":"<p>\u00ab J\u2019ai fini par me rendre compte que l\u2019espoir excessif, l\u2019absence de crainte d\u2019Allah et le fait de se bercer d\u2019illusions sont des maladies qui ont contamin\u00e9 le c\u0153ur des gens. Le traitement de ces maladies ne passe donc que par la m\u00e9decine de l\u2019intimidation et de la dissuasion. C\u2019est pour cette raison que j\u2019ai&hellip;<\/p>\n","protected":false},"featured_media":3319,"template":"","meta":[],"product_brand":[],"product_cat":[153,21,79],"product_tag":[],"class_list":{"0":"post-6948","1":"product","2":"type-product","3":"status-publish","4":"has-post-thumbnail","6":"product_cat-foi-coeur","7":"product_cat-livre","8":"product_cat-spiritualite","9":"description-off","11":"first","12":"instock","13":"shipping-taxable","14":"purchasable","15":"product-type-simple"},"jetpack_sharing_enabled":true,"_links":{"self":[{"href":"https:\/\/elouedshop.com\/index.php?rest_route=\/wp\/v2\/product\/6948","targetHints":{"allow":["GET"]}}],"collection":[{"href":"https:\/\/elouedshop.com\/index.php?rest_route=\/wp\/v2\/product"}],"about":[{"href":"https:\/\/elouedshop.com\/index.php?rest_route=\/wp\/v2\/types\/product"}],"wp:featuredmedia":[{"embeddable":true,"href":"https:\/\/elouedshop.com\/index.php?rest_route=\/wp\/v2\/media\/3319"}],"wp:attachment":[{"href":"https:\/\/elouedshop.com\/index.php?rest_route=%2Fwp%2Fv2%2Fmedia&parent=6948"}],"wp:term":[{"taxonomy":"product_brand","embeddable":true,"href":"https:\/\/elouedshop.com\/index.php?rest_route=%2Fwp%2Fv2%2Fproduct_brand&post=6948"},{"taxonomy":"product_cat","embeddable":true,"href":"https:\/\/elouedshop.com\/index.php?rest_route=%2Fwp%2Fv2%2Fproduct_cat&post=6948"},{"taxonomy":"product_tag","embeddable":true,"href":"https:\/\/elouedshop.com\/index.php?rest_route=%2Fwp%2Fv2%2Fproduct_tag&post=6948"}],"curies":[{"name":"wp","href":"https:\/\/api.w.org\/{rel}","templated":true}]}}