{"id":6947,"date":"2023-12-28T20:23:47","date_gmt":"2023-12-28T20:23:47","guid":{"rendered":"https:\/\/elouedshop.com\/?post_type=product&#038;p=6947"},"modified":"2023-12-28T20:27:24","modified_gmt":"2023-12-28T20:27:24","slug":"le-livre-du-repentir","status":"publish","type":"product","link":"https:\/\/elouedshop.com\/?product=le-livre-du-repentir","title":{"rendered":"Le Livre du Repentir"},"content":{"rendered":"<p>Pourquoi se repentir \u00e0 Allah ?<\/p>\n<p>Sache que les p\u00e9ch\u00e9s constituent un voile masquant le Bien-Aim\u00e9. Or, il est obligatoire de s&rsquo;\u00e9carter de tout ce qui \u00e9loigne du Bien-Aim\u00e9.<\/p>\n<p>Cela ne peut \u00eatre accompli que par le savoir, le regret et la d\u00e9termination. En effet, celui qui ne sait pas que les p\u00e9ch\u00e9s sont une cause d&rsquo;\u00e9loignement du Bien-Aim\u00e9, ne les regrette pas, ni n&rsquo;\u00e9prouve de chagrin \u00e0 cheminer sur le sentier des d\u00e9sirs. Et s&rsquo;il ne ressent aucun chagrin, il ne reviendra pas vers Allah.<\/p>\n<p>il y a unanimit\u00e9 sur l&rsquo;obligation du repentir, car les p\u00e9ch\u00e9s sont destructeurs et conduisent \u00e0 l&rsquo;\u00e9loignement d&rsquo;Allah. Il faut donc imm\u00e9diatement les fuir.<\/p>\n<p>Le repentir est en permanence obligatoire, car nul n&rsquo;est exempt de d\u00e9sob\u00e9issance. M\u00eame celui qui ne commet pas de p\u00e9ch\u00e9s par ses membres ne sera pas \u00e0 l&rsquo;abri des d\u00e9sob\u00e9issances du c\u0153ur.<\/p>\n<p>Celui qui ne commet pas les d\u00e9sob\u00e9issances du c\u0153ur ne sera pas l&rsquo;abri des insufflations de Satan qui distraient du rappel d&rsquo;Allah par diff\u00e9rentes pens\u00e9es confuses.<\/p>\n<p>Celui qui n&rsquo;est pas touch\u00e9 par ces insufflations ne sera pas \u00e0 l&rsquo;abri de l&rsquo;insouciance et de lacunes dans sa connaissance d&rsquo;Allah, de Ses Attributs et de Ses Actes<\/p>\n","protected":false},"excerpt":{"rendered":"<p>Pourquoi se repentir \u00e0 Allah ? Sache que les p\u00e9ch\u00e9s constituent un voile masquant le Bien-Aim\u00e9. Or, il est obligatoire de s&rsquo;\u00e9carter de tout ce qui \u00e9loigne du Bien-Aim\u00e9. Cela ne peut \u00eatre accompli que par le savoir, le regret et la d\u00e9termination. En effet, celui qui ne sait pas que les p\u00e9ch\u00e9s sont une&hellip;<\/p>\n","protected":false},"featured_media":3314,"template":"","meta":[],"product_brand":[],"product_cat":[21,154,79],"product_tag":[],"class_list":{"0":"post-6947","1":"product","2":"type-product","3":"status-publish","4":"has-post-thumbnail","6":"product_cat-livre","7":"product_cat-repentir","8":"product_cat-spiritualite","9":"description-off","11":"first","12":"instock","13":"shipping-taxable","14":"purchasable","15":"product-type-simple"},"jetpack_sharing_enabled":true,"_links":{"self":[{"href":"https:\/\/elouedshop.com\/index.php?rest_route=\/wp\/v2\/product\/6947","targetHints":{"allow":["GET"]}}],"collection":[{"href":"https:\/\/elouedshop.com\/index.php?rest_route=\/wp\/v2\/product"}],"about":[{"href":"https:\/\/elouedshop.com\/index.php?rest_route=\/wp\/v2\/types\/product"}],"wp:featuredmedia":[{"embeddable":true,"href":"https:\/\/elouedshop.com\/index.php?rest_route=\/wp\/v2\/media\/3314"}],"wp:attachment":[{"href":"https:\/\/elouedshop.com\/index.php?rest_route=%2Fwp%2Fv2%2Fmedia&parent=6947"}],"wp:term":[{"taxonomy":"product_brand","embeddable":true,"href":"https:\/\/elouedshop.com\/index.php?rest_route=%2Fwp%2Fv2%2Fproduct_brand&post=6947"},{"taxonomy":"product_cat","embeddable":true,"href":"https:\/\/elouedshop.com\/index.php?rest_route=%2Fwp%2Fv2%2Fproduct_cat&post=6947"},{"taxonomy":"product_tag","embeddable":true,"href":"https:\/\/elouedshop.com\/index.php?rest_route=%2Fwp%2Fv2%2Fproduct_tag&post=6947"}],"curies":[{"name":"wp","href":"https:\/\/api.w.org\/{rel}","templated":true}]}}