{"id":6946,"date":"2023-12-28T20:23:36","date_gmt":"2023-12-28T20:23:36","guid":{"rendered":"https:\/\/elouedshop.com\/?post_type=product&#038;p=6946"},"modified":"2023-12-28T20:28:19","modified_gmt":"2023-12-28T20:28:19","slug":"le-droit-chemin","status":"publish","type":"product","link":"https:\/\/elouedshop.com\/?product=le-droit-chemin","title":{"rendered":"Le Droit Chemin"},"content":{"rendered":"<p>Comment se tenir sur le droit chemin ?<\/p>\n<p>Le Proph\u00e8te (paix et salut soient sur lui) :<\/p>\n<p>\u00ab Tenez-vous sur le droit chemin, bien que vous ne serez pas capables d\u2019y arriver totalement, et sachez que la meilleure de vos actions est la pri\u00e8re. \u00bb (Rapport\u00e9 par Ibn Majah. Jug\u00e9 authentique par Al-Albani.)<\/p>\n<p>&nbsp;<\/p>\n<p>L&rsquo;imam Ibn Taymiyyah a dit :<\/p>\n<p>\u00ab\u00a0Le droit chemin est le contraire de la d\u00e9viance, alors que la guid\u00e9e est le contraire de l\u2019\u00e9garement. Le terme \u00ab droit chemin \u00bb r\u00e9f\u00e8re aux actes qui profitent \u00e0 leur auteur, alors que le terme \u00ab d\u00e9viance \u00bb r\u00e9f\u00e8re aux actes qui lui nuisent. C\u2019est pour cette raison qu\u2019accomplir le bien est consid\u00e9r\u00e9 comme de la droiture et qu\u2019accomplir le mal est consid\u00e9r\u00e9 comme de la d\u00e9viance. En raison de cela, Al-Zamakhshari a dit : \u00ab Selon les Arabes, tout mal est une d\u00e9viance et tout bien est une droiture. \u00bb.<\/p>\n","protected":false},"excerpt":{"rendered":"<p>Comment se tenir sur le droit chemin ? Le Proph\u00e8te (paix et salut soient sur lui) : \u00ab Tenez-vous sur le droit chemin, bien que vous ne serez pas capables d\u2019y arriver totalement, et sachez que la meilleure de vos actions est la pri\u00e8re. \u00bb (Rapport\u00e9 par Ibn Majah. Jug\u00e9 authentique par Al-Albani.) &nbsp; L&rsquo;imam&hellip;<\/p>\n","protected":false},"featured_media":3295,"template":"","meta":[],"product_brand":[],"product_cat":[151,21,79],"product_tag":[],"class_list":{"0":"post-6946","1":"product","2":"type-product","3":"status-publish","4":"has-post-thumbnail","6":"product_cat-education-spiritualite","7":"product_cat-livre","8":"product_cat-spiritualite","9":"description-off","11":"first","12":"instock","13":"shipping-taxable","14":"purchasable","15":"product-type-simple"},"jetpack_sharing_enabled":true,"_links":{"self":[{"href":"https:\/\/elouedshop.com\/index.php?rest_route=\/wp\/v2\/product\/6946","targetHints":{"allow":["GET"]}}],"collection":[{"href":"https:\/\/elouedshop.com\/index.php?rest_route=\/wp\/v2\/product"}],"about":[{"href":"https:\/\/elouedshop.com\/index.php?rest_route=\/wp\/v2\/types\/product"}],"wp:featuredmedia":[{"embeddable":true,"href":"https:\/\/elouedshop.com\/index.php?rest_route=\/wp\/v2\/media\/3295"}],"wp:attachment":[{"href":"https:\/\/elouedshop.com\/index.php?rest_route=%2Fwp%2Fv2%2Fmedia&parent=6946"}],"wp:term":[{"taxonomy":"product_brand","embeddable":true,"href":"https:\/\/elouedshop.com\/index.php?rest_route=%2Fwp%2Fv2%2Fproduct_brand&post=6946"},{"taxonomy":"product_cat","embeddable":true,"href":"https:\/\/elouedshop.com\/index.php?rest_route=%2Fwp%2Fv2%2Fproduct_cat&post=6946"},{"taxonomy":"product_tag","embeddable":true,"href":"https:\/\/elouedshop.com\/index.php?rest_route=%2Fwp%2Fv2%2Fproduct_tag&post=6946"}],"curies":[{"name":"wp","href":"https:\/\/api.w.org\/{rel}","templated":true}]}}