{"id":6945,"date":"2023-12-28T20:23:24","date_gmt":"2023-12-28T20:23:24","guid":{"rendered":"https:\/\/elouedshop.com\/?post_type=product&#038;p=6945"},"modified":"2023-12-28T20:27:59","modified_gmt":"2023-12-28T20:27:59","slug":"le-bonheur-veritable","status":"publish","type":"product","link":"https:\/\/elouedshop.com\/?product=le-bonheur-veritable","title":{"rendered":"Le Bonheur V\u00e9ritable"},"content":{"rendered":"<p>Comment atteindre le bonheur ?<\/p>\n<p>L&rsquo;imam Ibn Al-Qayyim a dit :<\/p>\n<p>\u00ab\u00a0Les \u00eatres humains, sans m\u00eame parler des autres cr\u00e9atures, sont \u00e0 la recherche de ce qui procure plaisir, confort et vie heureuse.<\/p>\n<p>Il est un devoir pour les gens que de se pr\u00e9occuper de ce sujet et d\u2019acqu\u00e9rir les connaissances en rapport avec lui tout en s\u2019assurant d\u2019avoir la volont\u00e9 et l\u2019intention d\u2019obtenir tout cela.<\/p>\n<p>Il s\u2019agit, de toute \u00e9vidence, d\u2019un but que toutes les cr\u00e9atures se doivent d\u2019atteindre et de poursuivre.<\/p>\n<p>Ce but implique le suivi de six \u00e9tapes mentionn\u00e9es ci -dessous<\/p>\n<p>1- Conna\u00eetre ce qui est profitable et qui permet \u00e0 une personne de mener une vie agr\u00e9able et d\u2019obtenir la joie, le confort.<\/p>\n<p>2- Conna\u00eetre le chemin qui m\u00e8ne \u00e0 cela.<\/p>\n<p>3- Emprunter ce chemin.<\/p>\n<p>4- Conna\u00eetre ce qui cause du tort et qui, par cons\u00e9quent, perturbe la vie d\u2019une personne.<\/p>\n<p>5- Conna\u00eetre le chemin qui m\u00e8ne \u00e0 cela.<\/p>\n<p>6- \u00c9viter ce chemin.<\/p>\n<p>Ce n\u2019est qu\u2019\u00e0 travers ces \u00e9tapes que le bonheur, la joie et la droiture peuvent \u00eatre compl\u00e9t\u00e9s et assur\u00e9s.\u00a0\u00bb<\/p>\n","protected":false},"excerpt":{"rendered":"<p>Comment atteindre le bonheur ? L&rsquo;imam Ibn Al-Qayyim a dit : \u00ab\u00a0Les \u00eatres humains, sans m\u00eame parler des autres cr\u00e9atures, sont \u00e0 la recherche de ce qui procure plaisir, confort et vie heureuse. Il est un devoir pour les gens que de se pr\u00e9occuper de ce sujet et d\u2019acqu\u00e9rir les connaissances en rapport avec lui&hellip;<\/p>\n","protected":false},"featured_media":3291,"template":"","meta":[],"product_brand":[],"product_cat":[151,21,79],"product_tag":[],"class_list":{"0":"post-6945","1":"product","2":"type-product","3":"status-publish","4":"has-post-thumbnail","6":"product_cat-education-spiritualite","7":"product_cat-livre","8":"product_cat-spiritualite","9":"description-off","11":"first","12":"instock","13":"shipping-taxable","14":"purchasable","15":"product-type-simple"},"jetpack_sharing_enabled":true,"_links":{"self":[{"href":"https:\/\/elouedshop.com\/index.php?rest_route=\/wp\/v2\/product\/6945","targetHints":{"allow":["GET"]}}],"collection":[{"href":"https:\/\/elouedshop.com\/index.php?rest_route=\/wp\/v2\/product"}],"about":[{"href":"https:\/\/elouedshop.com\/index.php?rest_route=\/wp\/v2\/types\/product"}],"wp:featuredmedia":[{"embeddable":true,"href":"https:\/\/elouedshop.com\/index.php?rest_route=\/wp\/v2\/media\/3291"}],"wp:attachment":[{"href":"https:\/\/elouedshop.com\/index.php?rest_route=%2Fwp%2Fv2%2Fmedia&parent=6945"}],"wp:term":[{"taxonomy":"product_brand","embeddable":true,"href":"https:\/\/elouedshop.com\/index.php?rest_route=%2Fwp%2Fv2%2Fproduct_brand&post=6945"},{"taxonomy":"product_cat","embeddable":true,"href":"https:\/\/elouedshop.com\/index.php?rest_route=%2Fwp%2Fv2%2Fproduct_cat&post=6945"},{"taxonomy":"product_tag","embeddable":true,"href":"https:\/\/elouedshop.com\/index.php?rest_route=%2Fwp%2Fv2%2Fproduct_tag&post=6945"}],"curies":[{"name":"wp","href":"https:\/\/api.w.org\/{rel}","templated":true}]}}