{"id":6943,"date":"2023-12-28T20:22:54","date_gmt":"2023-12-28T20:22:54","guid":{"rendered":"https:\/\/elouedshop.com\/?post_type=product&#038;p=6943"},"modified":"2023-12-28T20:34:22","modified_gmt":"2023-12-28T20:34:22","slug":"la-vie-du-prophete","status":"publish","type":"product","link":"https:\/\/elouedshop.com\/?product=la-vie-du-prophete","title":{"rendered":"La Vie du Proph\u00e8te"},"content":{"rendered":"<p>Comment le Proph\u00e8te (paix sur lui) a-t-il v\u00e9cu ?<\/p>\n<p>L&rsquo;auteur, l&rsquo;Imam al-Nawawi a dit :<\/p>\n<p>\u00ab\u00a0Sache que les circonstances et les \u00e9v\u00e8nements qu\u2019a connus le Messager d&rsquo;Allah (paix sur lui), sa vie, ce dont Allah, l&rsquo;Exalt\u00e9, l&rsquo;a honor\u00e9, son influence et sa marque sur les mondes, sont au-del\u00e0 de toute \u00e9num\u00e9ration, il n&rsquo;est pas possible de tout examiner. Cela est particuli\u00e8rement vrai pour un livre concis comme celui-ci.<\/p>\n<p>Ce que j&rsquo;ai mentionn\u00e9 ici devrait servir d&rsquo;indication sur ce que j&rsquo;ai laiss\u00e9 de c\u00f4t\u00e9. Mon but \u00e9tait d&rsquo;honorer ce livre en mentionnant certains des \u00e9v\u00e8nements de la vie du Messager d&rsquo;Allah (paix sur lui). C&rsquo;est ce qui s&rsquo;est produit, et toutes les louanges et tous les remerciements sont dus \u00e0 Allah.<\/p>\n<p>En effet, comment un livre peut-il ne pas \u00eatre anobli lorsqu\u2019il d\u00e9crit les \u00e9v\u00e8nements de la vie du Messager Choisi (paix sur lui), le Bien-aim\u00e9 et l&rsquo;\u00c9lu, le Sceau des Proph\u00e8tes, l&rsquo;Imam des pieux et de ceux qui craignent Allah, le Ma\u00eetre des Messagers, le Guide de la communaut\u00e9, le Proph\u00e8te de la Mis\u00e9ricorde (paix sur lui) ?<\/p>\n<p>Qu&rsquo;Allah l&rsquo;augmente en noblesse et en excellence aupr\u00e8s de Lui. Toutes les louanges et les remerciements appartiennent au Seigneur des mondes.\u00a0\u00bb<\/p>\n","protected":false},"excerpt":{"rendered":"<p>Comment le Proph\u00e8te (paix sur lui) a-t-il v\u00e9cu ? L&rsquo;auteur, l&rsquo;Imam al-Nawawi a dit : \u00ab\u00a0Sache que les circonstances et les \u00e9v\u00e8nements qu\u2019a connus le Messager d&rsquo;Allah (paix sur lui), sa vie, ce dont Allah, l&rsquo;Exalt\u00e9, l&rsquo;a honor\u00e9, son influence et sa marque sur les mondes, sont au-del\u00e0 de toute \u00e9num\u00e9ration, il n&rsquo;est pas possible&hellip;<\/p>\n","protected":false},"featured_media":3283,"template":"","meta":[],"product_brand":[],"product_cat":[21,70],"product_tag":[],"class_list":{"0":"post-6943","1":"product","2":"type-product","3":"status-publish","4":"has-post-thumbnail","6":"product_cat-livre","7":"product_cat-vie-du-prophete-saw","8":"description-off","10":"first","11":"instock","12":"shipping-taxable","13":"purchasable","14":"product-type-simple"},"jetpack_sharing_enabled":true,"_links":{"self":[{"href":"https:\/\/elouedshop.com\/index.php?rest_route=\/wp\/v2\/product\/6943","targetHints":{"allow":["GET"]}}],"collection":[{"href":"https:\/\/elouedshop.com\/index.php?rest_route=\/wp\/v2\/product"}],"about":[{"href":"https:\/\/elouedshop.com\/index.php?rest_route=\/wp\/v2\/types\/product"}],"wp:featuredmedia":[{"embeddable":true,"href":"https:\/\/elouedshop.com\/index.php?rest_route=\/wp\/v2\/media\/3283"}],"wp:attachment":[{"href":"https:\/\/elouedshop.com\/index.php?rest_route=%2Fwp%2Fv2%2Fmedia&parent=6943"}],"wp:term":[{"taxonomy":"product_brand","embeddable":true,"href":"https:\/\/elouedshop.com\/index.php?rest_route=%2Fwp%2Fv2%2Fproduct_brand&post=6943"},{"taxonomy":"product_cat","embeddable":true,"href":"https:\/\/elouedshop.com\/index.php?rest_route=%2Fwp%2Fv2%2Fproduct_cat&post=6943"},{"taxonomy":"product_tag","embeddable":true,"href":"https:\/\/elouedshop.com\/index.php?rest_route=%2Fwp%2Fv2%2Fproduct_tag&post=6943"}],"curies":[{"name":"wp","href":"https:\/\/api.w.org\/{rel}","templated":true}]}}