{"id":6941,"date":"2023-12-28T20:22:34","date_gmt":"2023-12-28T20:22:34","guid":{"rendered":"https:\/\/elouedshop.com\/?post_type=product&#038;p=6941"},"modified":"2023-12-28T20:33:49","modified_gmt":"2023-12-28T20:33:49","slug":"allah-lunique","status":"publish","type":"product","link":"https:\/\/elouedshop.com\/?product=allah-lunique","title":{"rendered":"Allah l&rsquo;Unique"},"content":{"rendered":"<p>L\u2019Unicit\u00e9 de la Seigneurie consiste \u00e0 croire qu\u2019Allah est le Cr\u00e9ateur de toute chose, l\u2019Administrateur des affaires de toute chose et qu\u2019Il n\u2019a aucun partenaire en cela.<\/p>\n<p>L\u2019Unicit\u00e9 de la Divinit\u00e9 consiste \u00e0 croire qu\u2019Allah est le seul qui m\u00e9rite d\u2019\u00eatre ador\u00e9 et qu\u2019Il n\u2019a aucun rival en cela. Tel est le sens de \u00ab Nulle divinit\u00e9 n\u2019est digne d\u2019\u00eatre ador\u00e9e en dehors d\u2019Allah. \u00bb. Cela signifie qu\u2019il n\u2019existe aucun v\u00e9ritable destinataire de culte en dehors d\u2019Allah. Par cons\u00e9quent, tous les actes d\u2019adoration tels que la pri\u00e8re ou autre doivent absolument \u00eatre sinc\u00e8rement d\u00e9di\u00e9s \u00e0 Allah seul. Il n\u2019est pas permis d\u2019adresser un quelconque acte d\u2019adoration \u00e0 autre que Lui.<\/p>\n<p>L\u2019Unicit\u00e9 des Noms et Attributs consiste \u00e0 croire \u00e0 tous les Noms et Attributs d\u2019Allah apparaissant dans le Noble Coran et la Sounnah authentique. Nous les affirmons pour Allah seul, d\u2019une mani\u00e8re qui convient \u00e0 Sa majest\u00e9, sans distorsion, sans n\u00e9gation, sans parler du comment ou faire de comparaison avec les cr\u00e9atures.<\/p>\n<p>\u00ab Dis : \u00ab Allah est la seule et unique divinit\u00e9. Allah est le Ma\u00eetre dont nul ne peut se passer. Il n\u2019a pas engendr\u00e9, ni \u00e9t\u00e9 Lui-m\u00eame engendr\u00e9. Et nul dans Sa cr\u00e9ation n\u2019est \u00e0 m\u00eame de L\u2019\u00e9galer. \u00bb \u00bb (Sourate 112 : La Foi Pure, versets 1 \u00e0 4)<\/p>\n<p>\u00ab Rien ne Lui est comparable, et Il entend tout et voit tout. \u00bb(Sourate 42 : La Concertation, verset 11)<\/p>\n","protected":false},"excerpt":{"rendered":"<p>L\u2019Unicit\u00e9 de la Seigneurie consiste \u00e0 croire qu\u2019Allah est le Cr\u00e9ateur de toute chose, l\u2019Administrateur des affaires de toute chose et qu\u2019Il n\u2019a aucun partenaire en cela. L\u2019Unicit\u00e9 de la Divinit\u00e9 consiste \u00e0 croire qu\u2019Allah est le seul qui m\u00e9rite d\u2019\u00eatre ador\u00e9 et qu\u2019Il n\u2019a aucun rival en cela. Tel est le sens de \u00ab&hellip;<\/p>\n","protected":false},"featured_media":3268,"template":"","meta":[],"product_brand":[],"product_cat":[80,21,163],"product_tag":[],"class_list":{"0":"post-6941","1":"product","2":"type-product","3":"status-publish","4":"has-post-thumbnail","6":"product_cat-dogme","7":"product_cat-livre","8":"product_cat-monotheisme-tawhid","9":"description-off","11":"first","12":"instock","13":"shipping-taxable","14":"purchasable","15":"product-type-simple"},"jetpack_sharing_enabled":true,"_links":{"self":[{"href":"https:\/\/elouedshop.com\/index.php?rest_route=\/wp\/v2\/product\/6941","targetHints":{"allow":["GET"]}}],"collection":[{"href":"https:\/\/elouedshop.com\/index.php?rest_route=\/wp\/v2\/product"}],"about":[{"href":"https:\/\/elouedshop.com\/index.php?rest_route=\/wp\/v2\/types\/product"}],"wp:featuredmedia":[{"embeddable":true,"href":"https:\/\/elouedshop.com\/index.php?rest_route=\/wp\/v2\/media\/3268"}],"wp:attachment":[{"href":"https:\/\/elouedshop.com\/index.php?rest_route=%2Fwp%2Fv2%2Fmedia&parent=6941"}],"wp:term":[{"taxonomy":"product_brand","embeddable":true,"href":"https:\/\/elouedshop.com\/index.php?rest_route=%2Fwp%2Fv2%2Fproduct_brand&post=6941"},{"taxonomy":"product_cat","embeddable":true,"href":"https:\/\/elouedshop.com\/index.php?rest_route=%2Fwp%2Fv2%2Fproduct_cat&post=6941"},{"taxonomy":"product_tag","embeddable":true,"href":"https:\/\/elouedshop.com\/index.php?rest_route=%2Fwp%2Fv2%2Fproduct_tag&post=6941"}],"curies":[{"name":"wp","href":"https:\/\/api.w.org\/{rel}","templated":true}]}}