{"id":6940,"date":"2023-12-28T20:22:23","date_gmt":"2023-12-28T20:22:23","guid":{"rendered":"https:\/\/elouedshop.com\/?post_type=product&#038;p=6940"},"modified":"2023-12-28T20:32:43","modified_gmt":"2023-12-28T20:32:43","slug":"99-remedes-contre-les-peches","status":"publish","type":"product","link":"https:\/\/elouedshop.com\/?product=99-remedes-contre-les-peches","title":{"rendered":"99 Rem\u00e8des contre les P\u00e9ch\u00e9s"},"content":{"rendered":"<p>Allah n\u2019a interdit les p\u00e9ch\u00e9s que dans le but de nous prot\u00e9ger du mal et des vices, tout comme un parent attentionn\u00e9 prot\u00e8ge son enfant de ce qui pourrait lui nuire.<\/p>\n<p>M\u00eame s&rsquo;il n&rsquo;existait aucune menace de ch\u00e2timent, cette information seule suffirait \u00e0 pousser toute personne raisonnable \u00e0 abandonner les p\u00e9ch\u00e9s.<\/p>\n<p>En effet, les p\u00e9ch\u00e9s font dispara\u00eetre les bienfaits. Cela est in\u00e9vitable. Nul individu n\u2019a commis de p\u00e9ch\u00e9 sans qu\u2019Allah ne lui retire un bienfait.<\/p>\n<p>S\u2019il se repent, ce bienfait sp\u00e9cifique ou un bienfait similaire lui est redonn\u00e9.<\/p>\n<p>S\u2019il persiste sur ce p\u00e9ch\u00e9, le bienfait ne lui est pas retourn\u00e9.<\/p>\n<p>\u00c0 ce sujet, il a \u00e9t\u00e9 dit : \u00ab Si tu poss\u00e8des des bienfaits, alors prot\u00e8ge-les, car les p\u00e9ch\u00e9s les font in\u00e9vitablement dispara\u00eetre. \u00bb.<\/p>\n<p>En r\u00e9sum\u00e9, les p\u00e9ch\u00e9s consument les bienfaits tout comme le feu consume le bois. Ils ne cessent de retirer les bienfaits jusqu\u2019\u00e0 tous les faire dispara\u00eetre<\/p>\n","protected":false},"excerpt":{"rendered":"<p>Allah n\u2019a interdit les p\u00e9ch\u00e9s que dans le but de nous prot\u00e9ger du mal et des vices, tout comme un parent attentionn\u00e9 prot\u00e8ge son enfant de ce qui pourrait lui nuire. M\u00eame s&rsquo;il n&rsquo;existait aucune menace de ch\u00e2timent, cette information seule suffirait \u00e0 pousser toute personne raisonnable \u00e0 abandonner les p\u00e9ch\u00e9s. En effet, les p\u00e9ch\u00e9s&hellip;<\/p>\n","protected":false},"featured_media":3266,"template":"","meta":[],"product_brand":[],"product_cat":[151,147,21],"product_tag":[],"class_list":{"0":"post-6940","1":"product","2":"type-product","3":"status-publish","4":"has-post-thumbnail","6":"product_cat-education-spiritualite","7":"product_cat-jurisprudence","8":"product_cat-livre","9":"description-off","11":"first","12":"instock","13":"shipping-taxable","14":"purchasable","15":"product-type-simple"},"jetpack_sharing_enabled":true,"_links":{"self":[{"href":"https:\/\/elouedshop.com\/index.php?rest_route=\/wp\/v2\/product\/6940","targetHints":{"allow":["GET"]}}],"collection":[{"href":"https:\/\/elouedshop.com\/index.php?rest_route=\/wp\/v2\/product"}],"about":[{"href":"https:\/\/elouedshop.com\/index.php?rest_route=\/wp\/v2\/types\/product"}],"wp:featuredmedia":[{"embeddable":true,"href":"https:\/\/elouedshop.com\/index.php?rest_route=\/wp\/v2\/media\/3266"}],"wp:attachment":[{"href":"https:\/\/elouedshop.com\/index.php?rest_route=%2Fwp%2Fv2%2Fmedia&parent=6940"}],"wp:term":[{"taxonomy":"product_brand","embeddable":true,"href":"https:\/\/elouedshop.com\/index.php?rest_route=%2Fwp%2Fv2%2Fproduct_brand&post=6940"},{"taxonomy":"product_cat","embeddable":true,"href":"https:\/\/elouedshop.com\/index.php?rest_route=%2Fwp%2Fv2%2Fproduct_cat&post=6940"},{"taxonomy":"product_tag","embeddable":true,"href":"https:\/\/elouedshop.com\/index.php?rest_route=%2Fwp%2Fv2%2Fproduct_tag&post=6940"}],"curies":[{"name":"wp","href":"https:\/\/api.w.org\/{rel}","templated":true}]}}