{"id":6937,"date":"2023-12-28T20:21:48","date_gmt":"2023-12-28T20:21:48","guid":{"rendered":"https:\/\/elouedshop.com\/?post_type=product&#038;p=6937"},"modified":"2023-12-28T20:35:21","modified_gmt":"2023-12-28T20:35:21","slug":"pour-toi-soeur-musulmane","status":"publish","type":"product","link":"https:\/\/elouedshop.com\/?product=pour-toi-soeur-musulmane","title":{"rendered":"Pour toi, soeur musulmane"},"content":{"rendered":"<p>La femme a v\u00e9cu pendant une longue p\u00e9riode de l\u2019histoire, une situation humiliante et m\u00e9prisable, car ses droits et son honneur \u00e9taient bafou\u00e9s. Elle occupait dans la soci\u00e9t\u00e9 une place subalterne, \u00e0 tel point qu\u2019elle \u00e9tait moins consid\u00e9r\u00e9e que du mobilier. Puis, vint la lumi\u00e8re de l\u2019Islam pour vaincre les t\u00e9n\u00e8bres, installer le bien et la justice et mettre fin aux injustices. Ainsi, la femme a pu r\u00e9cup\u00e9rer ses droits, prendre sa vraie place au sein de la soci\u00e9t\u00e9 et respirer enfin la brise de la libert\u00e9.L\u2019Islam s\u2019est adress\u00e9 directement \u00e0 elle en lui dictant ses droits et devoirs, en l\u2019orientant vers le bien, tout en lui promettant une belle r\u00e9compense.<\/p>\n<p>Dans cet ouvrage, l\u2019auteur nous pr\u00e9sente la Femme dans les diff\u00e9rentes \u00e9tapes de sa vie et de sa nature. Il traite de ses droits et lui rappelle ses devoirs envers son foyer, son mari et ses enfants. L\u2019auteur poursuit en r\u00e9pondant aux doutes et \u00e9quivoques lanc\u00e9s par les mouvements de tendance la\u00efque sur les questions de la polygamie, du divorce, du travail, du voile, de la mixit\u00e9, de l\u2019autorit\u00e9, du t\u00e9moignage et de l\u2019h\u00e9ritage dans la l\u00e9gislation islamique. Ensuite, il lance un point de vue critique et objectif sur la situation de la femme dans la civilisation dite \u00ab\u00a0moderne\u00a0\u00bb occidentale<\/p>\n","protected":false},"excerpt":{"rendered":"<p>La femme a v\u00e9cu pendant une longue p\u00e9riode de l\u2019histoire, une situation humiliante et m\u00e9prisable, car ses droits et son honneur \u00e9taient bafou\u00e9s. Elle occupait dans la soci\u00e9t\u00e9 une place subalterne, \u00e0 tel point qu\u2019elle \u00e9tait moins consid\u00e9r\u00e9e que du mobilier. Puis, vint la lumi\u00e8re de l\u2019Islam pour vaincre les t\u00e9n\u00e8bres, installer le bien et&hellip;<\/p>\n","protected":false},"featured_media":3234,"template":"","meta":[],"product_brand":[],"product_cat":[25,21],"product_tag":[],"class_list":{"0":"post-6937","1":"product","2":"type-product","3":"status-publish","4":"has-post-thumbnail","6":"product_cat-femmes","7":"product_cat-livre","8":"description-off","10":"first","11":"instock","12":"shipping-taxable","13":"purchasable","14":"product-type-simple"},"jetpack_sharing_enabled":true,"_links":{"self":[{"href":"https:\/\/elouedshop.com\/index.php?rest_route=\/wp\/v2\/product\/6937","targetHints":{"allow":["GET"]}}],"collection":[{"href":"https:\/\/elouedshop.com\/index.php?rest_route=\/wp\/v2\/product"}],"about":[{"href":"https:\/\/elouedshop.com\/index.php?rest_route=\/wp\/v2\/types\/product"}],"wp:featuredmedia":[{"embeddable":true,"href":"https:\/\/elouedshop.com\/index.php?rest_route=\/wp\/v2\/media\/3234"}],"wp:attachment":[{"href":"https:\/\/elouedshop.com\/index.php?rest_route=%2Fwp%2Fv2%2Fmedia&parent=6937"}],"wp:term":[{"taxonomy":"product_brand","embeddable":true,"href":"https:\/\/elouedshop.com\/index.php?rest_route=%2Fwp%2Fv2%2Fproduct_brand&post=6937"},{"taxonomy":"product_cat","embeddable":true,"href":"https:\/\/elouedshop.com\/index.php?rest_route=%2Fwp%2Fv2%2Fproduct_cat&post=6937"},{"taxonomy":"product_tag","embeddable":true,"href":"https:\/\/elouedshop.com\/index.php?rest_route=%2Fwp%2Fv2%2Fproduct_tag&post=6937"}],"curies":[{"name":"wp","href":"https:\/\/api.w.org\/{rel}","templated":true}]}}