{"id":6935,"date":"2023-12-28T20:21:08","date_gmt":"2023-12-28T20:21:08","guid":{"rendered":"https:\/\/elouedshop.com\/?post_type=product&#038;p=6935"},"modified":"2023-12-28T20:29:10","modified_gmt":"2023-12-28T20:29:10","slug":"pour-toi-ma-soeur-exhortations-aux-femmes","status":"publish","type":"product","link":"https:\/\/elouedshop.com\/?product=pour-toi-ma-soeur-exhortations-aux-femmes","title":{"rendered":"Pour toi ma soeur : Exhortations aux femmes"},"content":{"rendered":"<p>Voici un recueil de conseils et de directives pour la femme musulmane provenant de sermons prononc\u00e9s \u00e0 diff\u00e9rents moments que des personnes honorables m&rsquo;ont donn\u00e9 l&rsquo;id\u00e9e de compiler et d&rsquo;\u00e9diter dans l&rsquo;espoir qu&rsquo;Allah en fasse profiter au plus grand nombre.<\/p>\n<p>En effet, la ligne de conduite de notre noble Proph\u00e8te (SAWS) \u00e9tait de r\u00e9server des moments pour exhorter les femmes. Il est recommand\u00e9 d&rsquo;exhorter les femmes, de leur enseigner les dispositions de l&rsquo;islam et de les rappeler \u00e0 leurs obligations religieuses a fait remarquer Al-Hafiz Ibn Hajar.<\/p>\n<p>J&rsquo;ai nomm\u00e9 ce recueil de recommandations et de conseils: \u00ab\u00a0Exhortation aux femmes\u00a0\u00bb et j&rsquo;implore Allah et lui seul de rendre les femmes et les filles musulmanes vertueuses, fi\u00e8res, m\u00e9ritantes et de les \u00e9carter des \u00e9preuves apparentes et cach\u00e9es, il entend toute chose et exauce les pri\u00e8res.<\/p>\n<p>(Cheikh &lsquo;Abderrazz\u00e2q Al-Badr)<\/p>\n","protected":false},"excerpt":{"rendered":"<p>Voici un recueil de conseils et de directives pour la femme musulmane provenant de sermons prononc\u00e9s \u00e0 diff\u00e9rents moments que des personnes honorables m&rsquo;ont donn\u00e9 l&rsquo;id\u00e9e de compiler et d&rsquo;\u00e9diter dans l&rsquo;espoir qu&rsquo;Allah en fasse profiter au plus grand nombre. En effet, la ligne de conduite de notre noble Proph\u00e8te (SAWS) \u00e9tait de r\u00e9server des&hellip;<\/p>\n","protected":false},"featured_media":3127,"template":"","meta":[],"product_brand":[],"product_cat":[142,25,21],"product_tag":[],"class_list":{"0":"post-6935","1":"product","2":"type-product","3":"status-publish","4":"has-post-thumbnail","6":"product_cat-exhortation","7":"product_cat-femmes","8":"product_cat-livre","9":"description-off","11":"first","12":"instock","13":"shipping-taxable","14":"purchasable","15":"product-type-simple"},"jetpack_sharing_enabled":true,"_links":{"self":[{"href":"https:\/\/elouedshop.com\/index.php?rest_route=\/wp\/v2\/product\/6935","targetHints":{"allow":["GET"]}}],"collection":[{"href":"https:\/\/elouedshop.com\/index.php?rest_route=\/wp\/v2\/product"}],"about":[{"href":"https:\/\/elouedshop.com\/index.php?rest_route=\/wp\/v2\/types\/product"}],"wp:featuredmedia":[{"embeddable":true,"href":"https:\/\/elouedshop.com\/index.php?rest_route=\/wp\/v2\/media\/3127"}],"wp:attachment":[{"href":"https:\/\/elouedshop.com\/index.php?rest_route=%2Fwp%2Fv2%2Fmedia&parent=6935"}],"wp:term":[{"taxonomy":"product_brand","embeddable":true,"href":"https:\/\/elouedshop.com\/index.php?rest_route=%2Fwp%2Fv2%2Fproduct_brand&post=6935"},{"taxonomy":"product_cat","embeddable":true,"href":"https:\/\/elouedshop.com\/index.php?rest_route=%2Fwp%2Fv2%2Fproduct_cat&post=6935"},{"taxonomy":"product_tag","embeddable":true,"href":"https:\/\/elouedshop.com\/index.php?rest_route=%2Fwp%2Fv2%2Fproduct_tag&post=6935"}],"curies":[{"name":"wp","href":"https:\/\/api.w.org\/{rel}","templated":true}]}}