{"id":6934,"date":"2023-12-28T20:20:54","date_gmt":"2023-12-28T20:20:54","guid":{"rendered":"https:\/\/elouedshop.com\/?post_type=product&#038;p=6934"},"modified":"2024-03-15T21:48:31","modified_gmt":"2024-03-15T21:48:31","slug":"le-voile-de-la-femme-musulmane-al-albani","status":"publish","type":"product","link":"https:\/\/elouedshop.com\/?product=le-voile-de-la-femme-musulmane-al-albani","title":{"rendered":"Le voile de la femme musulmane &#8211; Al-Alb\u00e2n\u00ee"},"content":{"rendered":"<p>\u00ab\u00a0Le voile de la femme musulmane\u00a0\u00bb par Sheikh Muhammad N\u00e2sir Ad-D\u00een Al-Alb\u00e2n\u00ee.<\/p>\n<p>A toutes celles qui sont satisfaites d&rsquo;Allah comme Seigneur, de l&rsquo;Islam comme religion et de Muhammad comme proph\u00e8te et messager.<\/p>\n<p>Celles qui gr\u00e2ce a l&rsquo;Islam, se sont \u00e9lev\u00e9es au dessus de leur penchant.<\/p>\n<p>Aux filles de Khadija, Asma et Sumayya.<\/p>\n<p>A toutes les jeunes filles qui s&rsquo;attachent au livre de leur Seigneur en le lisant et le mettant en pratique<\/p>\n<p>Les jeunes filles qui pi\u00e9tinent les slogans trompeurs que r\u00e9p\u00e8tent les chantres de la dissolution et de la d\u00e9bauche.<\/p>\n<p>Les filles qui d\u00e9sirent le bonheur dans cette vie et dans l&rsquo;au-del\u00e0.<\/p>\n<p>Les musulmanes ont grand besoin de conna\u00eetre les conditions du jilb\u00e2b et que, pour beaucoup, les jilb\u00e2b qu&rsquo;elles portent ne remplissent pas les conditions requises. L&rsquo;ouvrage intitul\u00e9 \u00ab\u00a0Jilb\u00e2b al Mar&rsquo;a al-Muslima f\u00ee al-Kit\u00e2b wa al-Sunna\u00a0\u00bb r\u00e9dig\u00e9 par l&rsquo;illustre savant, le cheikh Muhammed N\u00e2sir Ad-D\u00een Al-Alb\u00e2n\u00ee est le livre qui a le mieux trait\u00e9 la question.<\/p>\n<p>Livre en langue fran\u00e7aise, les versets coraniques sont \u00e9galement cit\u00e9s en langue arabe.<\/p>\n","protected":false},"excerpt":{"rendered":"<p>\u00ab\u00a0Le voile de la femme musulmane\u00a0\u00bb par Sheikh Muhammad N\u00e2sir Ad-D\u00een Al-Alb\u00e2n\u00ee. A toutes celles qui sont satisfaites d&rsquo;Allah comme Seigneur, de l&rsquo;Islam comme religion et de Muhammad comme proph\u00e8te et messager. Celles qui gr\u00e2ce a l&rsquo;Islam, se sont \u00e9lev\u00e9es au dessus de leur penchant. Aux filles de Khadija, Asma et Sumayya. A toutes les&hellip;<\/p>\n","protected":false},"featured_media":3098,"template":"","meta":[],"product_brand":[],"product_cat":[25,21],"product_tag":[],"class_list":{"0":"post-6934","1":"product","2":"type-product","3":"status-publish","4":"has-post-thumbnail","6":"product_cat-femmes","7":"product_cat-livre","8":"description-off","10":"first","11":"instock","12":"shipping-taxable","13":"purchasable","14":"product-type-simple"},"jetpack_sharing_enabled":true,"_links":{"self":[{"href":"https:\/\/elouedshop.com\/index.php?rest_route=\/wp\/v2\/product\/6934","targetHints":{"allow":["GET"]}}],"collection":[{"href":"https:\/\/elouedshop.com\/index.php?rest_route=\/wp\/v2\/product"}],"about":[{"href":"https:\/\/elouedshop.com\/index.php?rest_route=\/wp\/v2\/types\/product"}],"wp:featuredmedia":[{"embeddable":true,"href":"https:\/\/elouedshop.com\/index.php?rest_route=\/wp\/v2\/media\/3098"}],"wp:attachment":[{"href":"https:\/\/elouedshop.com\/index.php?rest_route=%2Fwp%2Fv2%2Fmedia&parent=6934"}],"wp:term":[{"taxonomy":"product_brand","embeddable":true,"href":"https:\/\/elouedshop.com\/index.php?rest_route=%2Fwp%2Fv2%2Fproduct_brand&post=6934"},{"taxonomy":"product_cat","embeddable":true,"href":"https:\/\/elouedshop.com\/index.php?rest_route=%2Fwp%2Fv2%2Fproduct_cat&post=6934"},{"taxonomy":"product_tag","embeddable":true,"href":"https:\/\/elouedshop.com\/index.php?rest_route=%2Fwp%2Fv2%2Fproduct_tag&post=6934"}],"curies":[{"name":"wp","href":"https:\/\/api.w.org\/{rel}","templated":true}]}}