{"id":6924,"date":"2023-12-28T20:16:21","date_gmt":"2023-12-28T20:16:21","guid":{"rendered":"https:\/\/elouedshop.com\/?post_type=product&#038;p=6924"},"modified":"2023-12-28T20:16:54","modified_gmt":"2023-12-28T20:16:54","slug":"le-bracelet-de-ma-mere","status":"publish","type":"product","link":"https:\/\/elouedshop.com\/?product=le-bracelet-de-ma-mere","title":{"rendered":"Le Bracelet de ma M\u00e8re"},"content":{"rendered":"<p>Le Bracelet de ma M\u00e8re, Un Roman unique qui se d\u00e9roule en Arabie Saoudite, ceci est une histoire vraie, un roman riche en \u00e9motion<\/p>\n<p>Le d\u00e9veloppement de soi par les r\u00e8gles de l&rsquo;islam.<\/p>\n<p>Le Bracelet de ma M\u00e8re \u00e9crit par Al\u00ee Ibn J\u00e2bir Al-Fayj\u00ee.<\/p>\n","protected":false},"excerpt":{"rendered":"<p>Le Bracelet de ma M\u00e8re, Un Roman unique qui se d\u00e9roule en Arabie Saoudite, ceci est une histoire vraie, un roman riche en \u00e9motion Le d\u00e9veloppement de soi par les r\u00e8gles de l&rsquo;islam. Le Bracelet de ma M\u00e8re \u00e9crit par Al\u00ee Ibn J\u00e2bir Al-Fayj\u00ee.<\/p>\n","protected":false},"featured_media":2269,"template":"","meta":[],"product_brand":[],"product_cat":[25,21,71],"product_tag":[],"class_list":{"0":"post-6924","1":"product","2":"type-product","3":"status-publish","4":"has-post-thumbnail","6":"product_cat-femmes","7":"product_cat-livre","8":"product_cat-personnages-illustres","9":"description-off","11":"first","12":"instock","13":"shipping-taxable","14":"purchasable","15":"product-type-simple"},"jetpack_sharing_enabled":true,"_links":{"self":[{"href":"https:\/\/elouedshop.com\/index.php?rest_route=\/wp\/v2\/product\/6924","targetHints":{"allow":["GET"]}}],"collection":[{"href":"https:\/\/elouedshop.com\/index.php?rest_route=\/wp\/v2\/product"}],"about":[{"href":"https:\/\/elouedshop.com\/index.php?rest_route=\/wp\/v2\/types\/product"}],"wp:featuredmedia":[{"embeddable":true,"href":"https:\/\/elouedshop.com\/index.php?rest_route=\/wp\/v2\/media\/2269"}],"wp:attachment":[{"href":"https:\/\/elouedshop.com\/index.php?rest_route=%2Fwp%2Fv2%2Fmedia&parent=6924"}],"wp:term":[{"taxonomy":"product_brand","embeddable":true,"href":"https:\/\/elouedshop.com\/index.php?rest_route=%2Fwp%2Fv2%2Fproduct_brand&post=6924"},{"taxonomy":"product_cat","embeddable":true,"href":"https:\/\/elouedshop.com\/index.php?rest_route=%2Fwp%2Fv2%2Fproduct_cat&post=6924"},{"taxonomy":"product_tag","embeddable":true,"href":"https:\/\/elouedshop.com\/index.php?rest_route=%2Fwp%2Fv2%2Fproduct_tag&post=6924"}],"curies":[{"name":"wp","href":"https:\/\/api.w.org\/{rel}","templated":true}]}}